{"id":5101,"date":"2025-09-10T08:26:25","date_gmt":"2025-09-10T01:26:25","guid":{"rendered":"https:\/\/rossivietnam.com.vn\/?post_type=product&#038;p=5101"},"modified":"2025-09-10T08:55:11","modified_gmt":"2025-09-10T01:55:11","slug":"aptomat-thong-minh-chong-soc-dien","status":"publish","type":"product","link":"https:\/\/rossivietnam.com.vn\/en\/product\/aptomat-thong-minh-chong-soc-dien\/","title":{"rendered":"C\u00f4ng t\u1eafc c\u1ea3m \u1ee9ng Livolo, lo\u1ea1i 2 n\u00fat, 2 chi\u1ec1u ch\u1eef nh\u1eadt (Sao ch\u00e9p)"},"content":{"rendered":"<p>C\u00f4ng t\u1eafc c\u1ea3m \u1ee9ng Livolo, lo\u1ea1i 2 n\u00fat, 1 chi\u1ec1u ch\u1eef nh\u1eadt<\/p>\n<ul>\n<li>Ch\u1ea5t li\u1ec7u b\u1ec1 m\u1eb7t: K\u00ednh ch\u1ecbu l\u1ef1c cao c\u1ea5p; K\u00edch th\u01b0\u1edbc: 119 x 78 x 45mm<\/li>\n<li>M\u00e0u s\u1eafc: M\u00e0u V\u00e0ng\/ \u0110en\/ Tr\u1eafng<\/li>\n<li>\u0110i\u1ec7n \u00e1p: 110V-250V\/ 5A;<\/li>\n<li>Ch\u1ecbu t\u1ea3i t\u1ed1i \u0111a: 1000W\/ t\u1ea3i v\u00e0 t\u1ed1i \u0111a 2000W\/ Thi\u1ebft b\u1ecb<\/li>\n<li>Ti\u00eau chu\u1ea9n: CE, RoHS, CQC; Tu\u1ed5i th\u1ecd b\u1eadt t\u1eaft tr\u00ean 100.000 l\u1ea7n<\/li>\n<li>B\u1ea3o h\u00e0nh 24 th\u00e1ng<\/li>\n<\/ul>\n<div class=\"woocommerce-tabs wc-tabs-wrapper container tabbed-content\">\n<div class=\"tab-panels\">\n<div id=\"tab-description\" class=\"woocommerce-Tabs-panel woocommerce-Tabs-panel--description panel entry-content active\" role=\"tabpanel\" aria-labelledby=\"tab-title-description\">\n<ul>\n<li>K\u00edch th\u01b0\u1edbc: 119 x 78 x 45mm<\/li>\n<li>Lo\u1ea1i: C\u00f4ng t\u1eafc c\u1ea3m \u1ee9ng; \u0110\u00e8n Led hi\u1ec3n th\u1ecb khi b\u1eadt m\u00e0u \u0111\u1ecf, khi t\u1eaft m\u00e0u xanh<\/li>\n<li>Ch\u1ea5t li\u1ec7u b\u1ec1 m\u1eb7t: K\u00ednh ch\u1ecbu l\u1ef1c cao c\u1ea5p M\u00e0u s\u1eafc: M\u00e0u V\u00e0ng\/ \u0110en\/ Tr\u1eafng\/ Ghi<\/li>\n<li>Tu\u1ed5i th\u1ecd b\u1eadt t\u1eaft tr\u00ean 100.000 l\u1ea7n; Ti\u00eau chu\u1ea9n: CE, RoHS, CQC, ISO1400<\/li>\n<li>\u0110i\u1ec7n \u00e1p: AC110V-250V\/ 5A ;<\/li>\n<li>Ch\u1ecbu t\u1ea3i t\u1ed1i \u0111a: 1W \u2013 1000W\/thi\u1ebft b\u1ecb ch\u1ecbu t\u1ea3i max 2000W\/ thi\u1ebft b\u1ecb<\/li>\n<li>M\u1ee9c \u0111\u1ed9 ti\u00eau th\u1ee5 \u0111i\u1ec7n ch\u1ebf \u0111\u1ed9 ch\u1edd: d\u01b0\u1edbi 0.1mA<\/li>\n<li>M\u00f4i tr\u01b0\u1eddng l\u00e0m vi\u1ec7c: -30 \u0111\u1ed9 \u0111 +70 \u0110\u1ed9 C; \u0111\u1ed9 \u1ea9m d\u01b0\u1edbi 95%<\/li>\n<li>\u0110\u1ebf \u00e2m: s\u1eed d\u1ee5ng \u0111\u1ebf \u00e2m ch\u1eef nh\u1eadt ti\u00eau chu\u1ea9n<\/li>\n<li>B\u1ea3o h\u00e0nh k\u1ef9 thu\u1eadt: 24 th\u00e1ng k\u1ec3 t\u1eeb ng\u00e0y giao h\u00e0ng<\/li>\n<\/ul>\n<p><strong>C\u1ea5u t\u1ea1o s\u1ea3n ph\u1ea9m: Thi\u1ebft k\u1ebf v\u00e0 c\u00f4ng ngh\u1ec7 \u0111\u1ebfn t\u1eeb C\u1ed9ng h\u00f2a Ph\u00e1p \u2013 LA FRENCH TECH \u0111em \u0111\u1ebfn s\u1ea3n ph\u1ea9m ho\u00e0n h\u1ea3o, thanh l\u1ecbch th\u00e2n thi\u1ec7n v\u1edbi cu\u1ed9c s\u1ed1ng hi\u1ec7n \u0111\u1ea1i<\/strong><\/p>\n<p><img loading=\"lazy\" decoding=\"async\" class=\"alignnone size-full wp-image-1280\" src=\"http:\/\/livolovietnam.com.vn\/wp-content\/uploads\/2020\/08\/2dcc118bd97f24217d6e.jpg\" sizes=\"(max-width: 777px) 100vw, 777px\" srcset=\"https:\/\/livolovietnam.com.vn\/wp-content\/uploads\/2020\/08\/2dcc118bd97f24217d6e.jpg 777w, https:\/\/livolovietnam.com.vn\/wp-content\/uploads\/2020\/08\/2dcc118bd97f24217d6e-300x197.jpg 300w, https:\/\/livolovietnam.com.vn\/wp-content\/uploads\/2020\/08\/2dcc118bd97f24217d6e-768x503.jpg 768w, https:\/\/livolovietnam.com.vn\/wp-content\/uploads\/2020\/08\/2dcc118bd97f24217d6e-600x393.jpg 600w\" alt=\"\" width=\"777\" height=\"509\" \/><\/p>\n<p><img loading=\"lazy\" decoding=\"async\" class=\"alignnone size-full wp-image-1281\" src=\"http:\/\/livolovietnam.com.vn\/wp-content\/uploads\/2020\/08\/C%E1%BA%A5u-t%E1%BA%A1o-SP.jpg\" sizes=\"(max-width: 1200px) 100vw, 1200px\" srcset=\"https:\/\/livolovietnam.com.vn\/wp-content\/uploads\/2020\/08\/C\u1ea5u-t\u1ea1o-SP.jpg 1200w, https:\/\/livolovietnam.com.vn\/wp-content\/uploads\/2020\/08\/C\u1ea5u-t\u1ea1o-SP-300x111.jpg 300w, https:\/\/livolovietnam.com.vn\/wp-content\/uploads\/2020\/08\/C\u1ea5u-t\u1ea1o-SP-1024x379.jpg 1024w, https:\/\/livolovietnam.com.vn\/wp-content\/uploads\/2020\/08\/C\u1ea5u-t\u1ea1o-SP-768x284.jpg 768w, https:\/\/livolovietnam.com.vn\/wp-content\/uploads\/2020\/08\/C\u1ea5u-t\u1ea1o-SP-600x222.jpg 600w\" alt=\"\" width=\"1200\" height=\"444\" \/><\/p>\n<p>&nbsp;<\/p>\n<p><strong><img loading=\"lazy\" decoding=\"async\" class=\"alignnone wp-image-578 size-full\" src=\"http:\/\/livolovietnam.com.vn\/wp-content\/uploads\/2020\/07\/Ch%E1%BA%A5t-l%C6%B0%E1%BB%A3ng-s%E1%BA%A3n-ph%E1%BA%A3m.png\" sizes=\"(max-width: 1920px) 100vw, 1920px\" srcset=\"https:\/\/livolovietnam.com.vn\/wp-content\/uploads\/2020\/07\/Ch\u1ea5t-l\u01b0\u1ee3ng-s\u1ea3n-ph\u1ea3m.png 1920w, https:\/\/livolovietnam.com.vn\/wp-content\/uploads\/2020\/07\/Ch\u1ea5t-l\u01b0\u1ee3ng-s\u1ea3n-ph\u1ea3m-300x125.png 300w, https:\/\/livolovietnam.com.vn\/wp-content\/uploads\/2020\/07\/Ch\u1ea5t-l\u01b0\u1ee3ng-s\u1ea3n-ph\u1ea3m-1024x427.png 1024w, https:\/\/livolovietnam.com.vn\/wp-content\/uploads\/2020\/07\/Ch\u1ea5t-l\u01b0\u1ee3ng-s\u1ea3n-ph\u1ea3m-768x320.png 768w, https:\/\/livolovietnam.com.vn\/wp-content\/uploads\/2020\/07\/Ch\u1ea5t-l\u01b0\u1ee3ng-s\u1ea3n-ph\u1ea3m-1536x640.png 1536w, https:\/\/livolovietnam.com.vn\/wp-content\/uploads\/2020\/07\/Ch\u1ea5t-l\u01b0\u1ee3ng-s\u1ea3n-ph\u1ea3m-600x250.png 600w\" alt=\"\" width=\"1920\" height=\"800\" \/><\/strong><\/p>\n<p>C\u00f4ng ngh\u1ec7 c\u1ea3m \u1ee9ng: S\u1eed dung c\u00f4ng ngh\u1ec7 c\u1ea3m \u1ee9ng ch\u1ea1m khi b\u1eadt v\u00e0 t\u1eaft d\u1ec5 d\u00e0ng nh\u01b0 c\u1ea3m nh\u1eadn s\u1eed d\u1ee5ng c\u00e1c thi\u1ebft b\u1ecb th\u00f4ng minh khi b\u1eadt v\u00e0 t\u1eaft<\/p>\n<p><img loading=\"lazy\" decoding=\"async\" class=\"alignnone wp-image-579 size-full\" src=\"http:\/\/livolovietnam.com.vn\/wp-content\/uploads\/2020\/07\/%C4%90%E1%BA%A1i-di%E1%BB%87n-6.png\" sizes=\"(max-width: 1920px) 100vw, 1920px\" srcset=\"https:\/\/livolovietnam.com.vn\/wp-content\/uploads\/2020\/07\/\u0110\u1ea1i-di\u1ec7n-6.png 1920w, https:\/\/livolovietnam.com.vn\/wp-content\/uploads\/2020\/07\/\u0110\u1ea1i-di\u1ec7n-6-300x156.png 300w, https:\/\/livolovietnam.com.vn\/wp-content\/uploads\/2020\/07\/\u0110\u1ea1i-di\u1ec7n-6-1024x531.png 1024w, https:\/\/livolovietnam.com.vn\/wp-content\/uploads\/2020\/07\/\u0110\u1ea1i-di\u1ec7n-6-768x398.png 768w, https:\/\/livolovietnam.com.vn\/wp-content\/uploads\/2020\/07\/\u0110\u1ea1i-di\u1ec7n-6-1536x797.png 1536w, https:\/\/livolovietnam.com.vn\/wp-content\/uploads\/2020\/07\/\u0110\u1ea1i-di\u1ec7n-6-600x311.png 600w\" alt=\"\" width=\"1920\" height=\"996\" \/><\/p>\n<p>S\u1eed d\u1ee5ng v\u00e0 linh ki\u1ec7n \u0111i\u1ec7n t\u1eed cao c\u1ea5p: Thi\u1ebft b\u1ecb \u0111\u01b0\u1ee3c s\u1eed dung Chip \u0111i\u1ec1u khi\u1ec3n MCU cao c\u1ea5p v\u00e0 th\u00f4ng minh t\u1ea1o n\u00ean s\u1ea3n ph\u1ea9m c\u00f3 tu\u1ed5i th\u1ecd cao, b\u00ean b\u1ec9<\/p>\n<p><img loading=\"lazy\" decoding=\"async\" class=\"aligncenter wp-image-580 size-full\" src=\"http:\/\/livolovietnam.com.vn\/wp-content\/uploads\/2020\/07\/MCU-Chip.jpg\" sizes=\"(max-width: 743px) 100vw, 743px\" srcset=\"https:\/\/livolovietnam.com.vn\/wp-content\/uploads\/2020\/07\/MCU-Chip.jpg 743w, https:\/\/livolovietnam.com.vn\/wp-content\/uploads\/2020\/07\/MCU-Chip-300x169.jpg 300w, https:\/\/livolovietnam.com.vn\/wp-content\/uploads\/2020\/07\/MCU-Chip-600x338.jpg 600w\" alt=\"\" width=\"743\" height=\"418\" \/><\/p>\n<p>&nbsp;<\/p>\n<p>Ch\u1ed1ng n\u01b0\u1edbc, 2 l\u1ea7n b\u1ea3o v\u1ec7: V\u1edbi b\u1ec1 m\u1eb7t k\u00ednh cao c\u1ea5p ch\u1ecbu \u0111\u01b0\u1ee3c n\u01b0\u1edbc tr\u00ean b\u1ec1 m\u1eb7t c\u00f3 th\u1ec3 b\u1eadt t\u1eaft khi tay \u01b0\u1edbt, ch\u1ecbu \u0111\u1ed9 \u1ea9m l\u00ean \u0111\u1ebfn 90%<\/p>\n<p><strong><img loading=\"lazy\" decoding=\"async\" class=\"aligncenter wp-image-502 size-full\" src=\"http:\/\/livolovietnam.com.vn\/wp-content\/uploads\/2020\/07\/%C4%90a%CC%A3i-die%CC%A3%CC%82n-19.png\" sizes=\"(max-width: 1920px) 100vw, 1920px\" srcset=\"https:\/\/livolovietnam.com.vn\/wp-content\/uploads\/2020\/07\/\u0110a\u0323i-die\u0323\u0302n-19.png 1920w, https:\/\/livolovietnam.com.vn\/wp-content\/uploads\/2020\/07\/\u0110a\u0323i-die\u0323\u0302n-19-300x133.png 300w, https:\/\/livolovietnam.com.vn\/wp-content\/uploads\/2020\/07\/\u0110a\u0323i-die\u0323\u0302n-19-1024x455.png 1024w, https:\/\/livolovietnam.com.vn\/wp-content\/uploads\/2020\/07\/\u0110a\u0323i-die\u0323\u0302n-19-768x341.png 768w, https:\/\/livolovietnam.com.vn\/wp-content\/uploads\/2020\/07\/\u0110a\u0323i-die\u0323\u0302n-19-1536x682.png 1536w, https:\/\/livolovietnam.com.vn\/wp-content\/uploads\/2020\/07\/\u0110a\u0323i-die\u0323\u0302n-19-600x267.png 600w\" alt=\"\" width=\"1920\" height=\"853\" \/><\/strong><\/p>\n<p><img loading=\"lazy\" decoding=\"async\" class=\"wp-image-689 size-full aligncenter\" src=\"http:\/\/livolovietnam.com.vn\/wp-content\/uploads\/2020\/07\/%C4%90%E1%BA%A1i-di%E1%BB%87n-10.png\" sizes=\"(max-width: 1920px) 100vw, 1920px\" srcset=\"https:\/\/livolovietnam.com.vn\/wp-content\/uploads\/2020\/07\/\u0110\u1ea1i-di\u1ec7n-10.png 1920w, https:\/\/livolovietnam.com.vn\/wp-content\/uploads\/2020\/07\/\u0110\u1ea1i-di\u1ec7n-10-300x139.png 300w, https:\/\/livolovietnam.com.vn\/wp-content\/uploads\/2020\/07\/\u0110\u1ea1i-di\u1ec7n-10-1024x473.png 1024w, https:\/\/livolovietnam.com.vn\/wp-content\/uploads\/2020\/07\/\u0110\u1ea1i-di\u1ec7n-10-768x355.png 768w, https:\/\/livolovietnam.com.vn\/wp-content\/uploads\/2020\/07\/\u0110\u1ea1i-di\u1ec7n-10-1536x710.png 1536w, https:\/\/livolovietnam.com.vn\/wp-content\/uploads\/2020\/07\/\u0110\u1ea1i-di\u1ec7n-10-600x277.png 600w\" alt=\"\" width=\"1920\" height=\"887\" \/><\/p>\n<p>Ch\u1ecbu nhi\u1ec7t \u0111\u1ed9 cao: \u0110i\u1ec7n \u0111\u01b0\u1ee3c chuy\u1ec3n \u0111\u1ed5i d\u00f2ng 5A, b\u1ec1 m\u1eb7t k\u00ednh ch\u1ecbu nhi\u1ec7t l\u00ean \u0111\u1ebfn 300 \u0111\u1ed9 C, v\u1eadt li\u1ec7u nh\u1ef1a PC cao c\u1ea5p ch\u1ed1ng ch\u00e1y \u0111\u1ea3m b\u1ea3o an to\u00e0n tuy\u1ec7t \u0111\u1ed1i<\/p>\n<p><img loading=\"lazy\" decoding=\"async\" class=\"aligncenter wp-image-55 size-full\" src=\"http:\/\/livolovietnam.com.vn\/wp-content\/uploads\/2020\/06\/sl2.jpg\" sizes=\"(max-width: 1280px) 100vw, 1280px\" srcset=\"https:\/\/livolovietnam.com.vn\/wp-content\/uploads\/2020\/06\/sl2.jpg 1280w, https:\/\/livolovietnam.com.vn\/wp-content\/uploads\/2020\/06\/sl2-600x250.jpg 600w, https:\/\/livolovietnam.com.vn\/wp-content\/uploads\/2020\/06\/sl2-300x125.jpg 300w, https:\/\/livolovietnam.com.vn\/wp-content\/uploads\/2020\/06\/sl2-1024x426.jpg 1024w, https:\/\/livolovietnam.com.vn\/wp-content\/uploads\/2020\/06\/sl2-768x320.jpg 768w\" alt=\"\" width=\"1280\" height=\"533\" \/><\/p>\n<p>\u0110\u00e8n LED hi\u1ec3n th\u1ecb khi b\u1eadt hi\u1ec3n th\u1ecb m\u00e0u xanh, khi t\u1eaft c\u00f3 m\u00e0u \u0111\u1ecf t\u1ea1o c\u1ea3m gi\u00e1c d\u1ec5 ch\u1ecbu, c\u00f3 \u0111\u00e8n LED sang m\u00e0u xanh ban \u0111\u00eam v\u00e0 d\u1ec5 d\u00e0ng thao t\u00e1c<\/p>\n<p><img loading=\"lazy\" decoding=\"async\" class=\"aligncenter wp-image-629 size-full\" src=\"http:\/\/livolovietnam.com.vn\/wp-content\/uploads\/2020\/07\/Lighting-switch.jpg\" sizes=\"(max-width: 750px) 100vw, 750px\" srcset=\"https:\/\/livolovietnam.com.vn\/wp-content\/uploads\/2020\/07\/Lighting-switch.jpg 750w, https:\/\/livolovietnam.com.vn\/wp-content\/uploads\/2020\/07\/Lighting-switch-300x170.jpg 300w, https:\/\/livolovietnam.com.vn\/wp-content\/uploads\/2020\/07\/Lighting-switch-600x339.jpg 600w\" alt=\"\" width=\"750\" height=\"424\" \/><\/p>\n<p>L\u1eafp \u0111\u1eb7t d\u1ec5 d\u00e0ng s\u1eed d\u1ee5ng \u0111\u1ebf \u00e2m ch\u1eef nh\u1eadt th\u00f4ng d\u1ee5ng, \u0111\u1ea5u n\u1ed1i nh\u01b0 c\u00f4ng t\u1eafc b\u00ecnh th\u01b0\u1eddng v\u00e0 thay th\u1ebf c\u00f4ng t\u1eafc hi\u1ec7n t\u1ea1i<\/p>\n<p><img loading=\"lazy\" decoding=\"async\" class=\"alignnone size-full wp-image-1734\" src=\"http:\/\/livolovietnam.com.vn\/wp-content\/uploads\/2020\/08\/2-gang-2-way-3-switch.jpg\" sizes=\"(max-width: 750px) 100vw, 750px\" srcset=\"https:\/\/livolovietnam.com.vn\/wp-content\/uploads\/2020\/08\/2-gang-2-way-3-switch.jpg 750w, https:\/\/livolovietnam.com.vn\/wp-content\/uploads\/2020\/08\/2-gang-2-way-3-switch-300x166.jpg 300w, https:\/\/livolovietnam.com.vn\/wp-content\/uploads\/2020\/08\/2-gang-2-way-3-switch-600x332.jpg 600w\" alt=\"\" width=\"750\" height=\"415\" \/><\/p>\n<p><strong>Sau khi l\u1eafp \u0111\u1eb7t xong th\u1ef1c hi\u1ec7n \u0111\u1ed3ng b\u1ed9 h\u00f3a gi\u1eefa 2 c\u00f4ng t\u1eafc 2 chi\u1ec1u v\u1edbi nhau: Th\u1ef1c hi\u1ec7n theo h\u01b0\u1edbng d\u1eabn chi ti\u1ebft theo video: https:\/\/youtu.be\/GkSptb-SeOQ<\/strong><\/p>\n<p>B\u1ec1 m\u1eb7t cao c\u1ea5p: V\u1edbi ch\u1ea5t li\u1ec7u k\u00ednh ch\u1ecbu l\u1ef1c cao c\u1ea5p d\u1ec5 v\u1ec7 sinh, ch\u1ed1ng gi\u00f2 \u0111i\u1ec7n, kh\u00e1ng khu\u1ea9n, b\u1ec1m m\u00e3i v\u1edbi th\u1eddi gian<\/p>\n<p><img loading=\"lazy\" decoding=\"async\" class=\"alignnone wp-image-68 size-full\" src=\"http:\/\/livolovietnam.com.vn\/wp-content\/uploads\/2020\/06\/A%CC%89nh-%C4%91a%CC%A3i-die%CC%A3%CC%82n-6.jpg\" sizes=\"(max-width: 1200px) 100vw, 1200px\" srcset=\"https:\/\/livolovietnam.com.vn\/wp-content\/uploads\/2020\/06\/A\u0309nh-\u0111a\u0323i-die\u0323\u0302n-6.jpg 1200w, https:\/\/livolovietnam.com.vn\/wp-content\/uploads\/2020\/06\/A\u0309nh-\u0111a\u0323i-die\u0323\u0302n-6-600x222.jpg 600w, https:\/\/livolovietnam.com.vn\/wp-content\/uploads\/2020\/06\/A\u0309nh-\u0111a\u0323i-die\u0323\u0302n-6-300x111.jpg 300w, https:\/\/livolovietnam.com.vn\/wp-content\/uploads\/2020\/06\/A\u0309nh-\u0111a\u0323i-die\u0323\u0302n-6-1024x379.jpg 1024w, https:\/\/livolovietnam.com.vn\/wp-content\/uploads\/2020\/06\/A\u0309nh-\u0111a\u0323i-die\u0323\u0302n-6-768x284.jpg 768w\" alt=\"\" width=\"1200\" height=\"444\" \/><\/p>\n<p>C\u00f4ng ngh\u1ec7 \u0111\u1ec9nh cao \u0111\u1ebfn t\u1eeb Ch\u00e2u \u00c2u<\/p>\n<p><img loading=\"lazy\" decoding=\"async\" class=\"alignnone size-full wp-image-694\" src=\"http:\/\/livolovietnam.com.vn\/wp-content\/uploads\/2020\/07\/C%C3%B4ng-ngh%E1%BB%87-ph%C3%A1p.png\" sizes=\"(max-width: 1792px) 100vw, 1792px\" srcset=\"https:\/\/livolovietnam.com.vn\/wp-content\/uploads\/2020\/07\/C\u00f4ng-ngh\u1ec7-ph\u00e1p.png 1792w, https:\/\/livolovietnam.com.vn\/wp-content\/uploads\/2020\/07\/C\u00f4ng-ngh\u1ec7-ph\u00e1p-300x121.png 300w, https:\/\/livolovietnam.com.vn\/wp-content\/uploads\/2020\/07\/C\u00f4ng-ngh\u1ec7-ph\u00e1p-1024x411.png 1024w, https:\/\/livolovietnam.com.vn\/wp-content\/uploads\/2020\/07\/C\u00f4ng-ngh\u1ec7-ph\u00e1p-768x309.png 768w, https:\/\/livolovietnam.com.vn\/wp-content\/uploads\/2020\/07\/C\u00f4ng-ngh\u1ec7-ph\u00e1p-1536x617.png 1536w, https:\/\/livolovietnam.com.vn\/wp-content\/uploads\/2020\/07\/C\u00f4ng-ngh\u1ec7-ph\u00e1p-600x241.png 600w\" alt=\"\" width=\"1792\" height=\"720\" \/><\/p>\n<\/div>\n<\/div>\n<\/div>\n<p><\/p>","protected":false},"excerpt":{"rendered":"<p>C\u00f4ng t\u1eafc c\u1ea3m \u1ee9ng hai n\u00fat 1 chi\u1ec1u LIVOLO<\/p>\n<ul>\n<li style=\"list-style-type: none;\">\n<ul>\n<li>Ch\u1ea5t li\u1ec7u b\u1ec1 m\u1eb7t: K\u00ednh ch\u1ecbu l\u1ef1c cao c\u1ea5p; K\u00edch th\u01b0\u1edbc: 119 x 78 x 45mm<\/li>\n<li>M\u00e0u s\u1eafc: M\u00e0u V\u00e0ng\/ \u0110en\/ Tr\u1eafng<\/li>\n<li>\u0110i\u1ec7n \u00e1p: 110V-250V\/ 5A;<\/li>\n<li>Ch\u1ecbu t\u1ea3i t\u1ed1i \u0111a: 1000W\/ t\u1ea3i v\u00e0 t\u1ed1i \u0111a 2000W\/ Thi\u1ebft b\u1ecb<\/li>\n<li>Ti\u00eau chu\u1ea9n: CE, RoHS, CQC; Tu\u1ed5i th\u1ecd b\u1eadt t\u1eaft tr\u00ean 100.000 l\u1ea7n<\/li>\n<li>B\u1ea3o h\u00e0nh 24 th\u00e1ng<\/li>\n<\/ul>\n<\/li>\n<\/ul>\n","protected":false},"featured_media":5103,"comment_status":"open","ping_status":"closed","template":"","meta":[],"product_cat":[96],"product_tag":[206,205,203],"yoast_head":"<!-- This site is optimized with the Yoast SEO plugin v14.4.1 - https:\/\/yoast.com\/wordpress\/plugins\/seo\/ -->\n<title>Aptomat th\u00f4ng minh \u0111i\u1ec1u khi\u1ec3n t\u1eeb xa, ch\u1ed1ng s\u1ed1c \u0111i\u1ec7n trong m\u00f4i tr\u01b0\u1eddng c\u00e1ch ly ti\u00eau chu\u1ea9n Ch\u00e2u \u00c2u<\/title>\n<meta name=\"robots\" content=\"index, follow\" \/>\n<meta name=\"googlebot\" content=\"index, follow, max-snippet:-1, max-image-preview:large, max-video-preview:-1\" \/>\n<meta name=\"bingbot\" content=\"index, follow, max-snippet:-1, max-image-preview:large, max-video-preview:-1\" \/>\n<link rel=\"canonical\" href=\"https:\/\/rossivietnam.com.vn\/product\/aptomat-thong-minh-chong-soc-dien\/\" \/>\n<meta property=\"og:locale\" content=\"en_US\" \/>\n<meta property=\"og:type\" content=\"article\" \/>\n<meta property=\"og:title\" content=\"Aptomat th\u00f4ng minh \u0111i\u1ec1u khi\u1ec3n t\u1eeb xa, ch\u1ed1ng s\u1ed1c \u0111i\u1ec7n trong m\u00f4i tr\u01b0\u1eddng c\u00e1ch ly ti\u00eau chu\u1ea9n Ch\u00e2u \u00c2u\" \/>\n<meta property=\"og:description\" content=\"[:en]C\u00f4ng t\u1eafc c\u1ea3m \u1ee9ng hai n\u00fat 1 chi\u1ec1u LIVOLO      Ch\u1ea5t li\u1ec7u b\u1ec1 m\u1eb7t: K\u00ednh ch\u1ecbu l\u1ef1c cao c\u1ea5p; K\u00edch th\u01b0\u1edbc: 119 x 78 x 45mm  M\u00e0u s\u1eafc: M\u00e0u V\u00e0ng\/ \u0110en\/ Tr\u1eafng  \u0110i\u1ec7n \u00e1p: 110V-250V\/ 5A;  Ch\u1ecbu t\u1ea3i t\u1ed1i \u0111a: 1000W\/ t\u1ea3i v\u00e0 t\u1ed1i \u0111a 2000W\/ Thi\u1ebft b\u1ecb  Ti\u00eau chu\u1ea9n: CE, RoHS, CQC; Tu\u1ed5i th\u1ecd b\u1eadt t\u1eaft tr\u00ean 100.000 l\u1ea7n  B\u1ea3o h\u00e0nh 24 th\u00e1ng   [:vi]Aptomat th\u00f4ng minh ROSSI hay c\u00f2n g\u1ecdi l\u00e0 Aptomat ch\u1ed1ng s\u1ed1c \u0111i\u1ec7n trong m\u00f4i tr\u01b0\u1eddng c\u00e1ch ly  Th\u00f4ng s\u1ed1: ROSSI - A-ZN01-4PE  \u0110i\u1ec7n \u00e1p: 380V-420V  &nbsp;  V\u1edbi c\u00e1c t\u00ednh n\u0103ng v\u01b0\u1ee3t tr\u1ed9i v\u00e0 t\u00edch h\u1ee3p nhi\u1ec1u t\u00ednh n\u0103ng cao c\u1ea5p   T\u00ednh n\u0103ng ch\u1ed1ng s\u1ed1c \u0111i\u1ec7n trong m\u00f4i tr\u01b0\u1eddng c\u00e1ch ly  T\u00ednh n\u0103ng ch\u1ed1ng gi\u1eadt: C\u00f3 th\u1ec3 \u0111i\u1ec1u ch\u1ec9nh d\u00f2ng r\u00f2 t\u1eeb 30mA \u0111\u1ebfn 500mA  T\u00ednh n\u0103ng ch\u1ed1ng qu\u1ea3 t\u1ea3i: C\u00f3 th\u1ec3 \u0111i\u1ec1u ch\u1ec9nh d\u00f2ng ch\u1ecbu t\u1ea3i t\u1eeb 10A \u0111\u1ebfn 100A  T\u00ednh n\u0103ng ch\u1ed1ng m\u1ea5t pha, l\u1ed7i pha ( \u0111\u1ed1i v\u1edbi Aptomat 3 pha) \u0111\u1ec3 b\u1ea3o v\u1ec7 \u0111\u1ed9ng c\u01a1, thi\u1ebft b\u1ecb 3 pha  T\u00ednh n\u0103ng ch\u1ed1ng ch\u1eadp, ng\u1eafn m\u1ea1ch  T\u00ednh n\u0103ng ch\u1ed1ng ch\u00e1y: C\u00f3 th\u1ec3 c\u00e0i \u0111\u1eb7t nhi\u1ec7t \u0111\u1ed9 ng\u1eaft aptomat khi nhi\u1ec7t \u0111\u1ed9 \u0111\u00e2y \u0111i\u1ec7n t\u1ea1i \u0111\u1ea7u ra - t\u1ea3i cao h\u01a1n m\u1ee9c cho ph\u00e9p t\u1eeb 60 \u0111\u1ebfn 120 \u0111\u1ed9  T\u00ednh n\u0103ng ng\u1eaft \u0111i\u1ec7n khi \u0111i\u1ec7n \u00e1p cao, \u0111i\u1ec7n \u00e1p th\u1ea5p, l\u1ecdc s\u00e9t b\u1ea3o v\u1ec7 thi\u1ebft b\u1ecb  T\u00ednh n\u0103ng b\u1ea3o v\u1ec7 thi\u1ebft b\u1ecb khi nhi\u1ec5m n\u01b0\u1edbc  T\u00ednh n\u0103ng ki\u1ec3m so\u00e1t \u0111i\u1ec7n n\u0103ng ti\u00eau th\u1ee5  T\u00ednh n\u0103ng th\u00f4ng minh: C\u00e0i \u0111\u1eb7t s\u1eed d\u1ee5ng tr\u00ean App - Smart life Pro; C\u00e0i \u0111\u1eb7t c\u00e1c ch\u1ebf \u0111\u1ed9 th\u00f4ng minh  C\u00e1c h\u00ecnh \u1ea3nh v\u1ec1 s\u1ea3n ph\u1ea9m     [:]\" \/>\n<meta property=\"og:url\" content=\"https:\/\/rossivietnam.com.vn\/product\/aptomat-thong-minh-chong-soc-dien\/\" \/>\n<meta property=\"og:site_name\" content=\"ROSSI VI\u1ec6T NAM | Thi\u1ebft b\u1ecb \u0111i\u1ec7n cao c\u1ea5p\" \/>\n<meta property=\"article:modified_time\" content=\"2025-09-10T01:55:11+00:00\" \/>\n<meta property=\"og:image\" content=\"https:\/\/rossivietnam.com.vn\/wp-content\/uploads\/2025\/09\/ROSSI-App-dieu-khien-thiet-bi-3p.png\" \/>\n\t<meta property=\"og:image:width\" content=\"1000\" \/>\n\t<meta property=\"og:image:height\" content=\"1000\" \/>\n<meta name=\"twitter:card\" content=\"summary\" \/>\n<script type=\"application\/ld+json\" class=\"yoast-schema-graph\">{\"@context\":\"https:\/\/schema.org\",\"@graph\":[{\"@type\":\"WebSite\",\"@id\":\"https:\/\/rossivietnam.com.vn\/en\/#website\",\"url\":\"https:\/\/rossivietnam.com.vn\/en\/\",\"name\":\"ROSSI VI\\u1ec6T NAM | Thi\\u1ebft b\\u1ecb \\u0111i\\u1ec7n cao c\\u1ea5p\",\"description\":\"ROSSI | Thi\\u1ebft b\\u1ecb \\u0111i\\u1ec7n cao c\\u1ea5p\",\"potentialAction\":[{\"@type\":\"SearchAction\",\"target\":\"https:\/\/rossivietnam.com.vn\/en\/?s={search_term_string}\",\"query-input\":\"required name=search_term_string\"}],\"inLanguage\":\"en-US\"},{\"@type\":\"ImageObject\",\"@id\":\"https:\/\/rossivietnam.com.vn\/product\/aptomat-thong-minh-chong-soc-dien\/#primaryimage\",\"inLanguage\":\"en-US\",\"url\":\"https:\/\/rossivietnam.com.vn\/wp-content\/uploads\/2025\/09\/ROSSI-App-dieu-khien-thiet-bi-3p.png\",\"width\":1000,\"height\":1000},{\"@type\":\"WebPage\",\"@id\":\"https:\/\/rossivietnam.com.vn\/product\/aptomat-thong-minh-chong-soc-dien\/#webpage\",\"url\":\"https:\/\/rossivietnam.com.vn\/product\/aptomat-thong-minh-chong-soc-dien\/\",\"name\":\"Aptomat th\\u00f4ng minh \\u0111i\\u1ec1u khi\\u1ec3n t\\u1eeb xa, ch\\u1ed1ng s\\u1ed1c \\u0111i\\u1ec7n trong m\\u00f4i tr\\u01b0\\u1eddng c\\u00e1ch ly ti\\u00eau chu\\u1ea9n Ch\\u00e2u \\u00c2u\",\"isPartOf\":{\"@id\":\"https:\/\/rossivietnam.com.vn\/en\/#website\"},\"primaryImageOfPage\":{\"@id\":\"https:\/\/rossivietnam.com.vn\/product\/aptomat-thong-minh-chong-soc-dien\/#primaryimage\"},\"datePublished\":\"2025-09-10T01:26:25+00:00\",\"dateModified\":\"2025-09-10T01:55:11+00:00\",\"breadcrumb\":{\"@id\":\"https:\/\/rossivietnam.com.vn\/product\/aptomat-thong-minh-chong-soc-dien\/#breadcrumb\"},\"inLanguage\":\"en-US\",\"potentialAction\":[{\"@type\":\"ReadAction\",\"target\":[\"https:\/\/rossivietnam.com.vn\/product\/aptomat-thong-minh-chong-soc-dien\/\"]}]},{\"@type\":\"BreadcrumbList\",\"@id\":\"https:\/\/rossivietnam.com.vn\/product\/aptomat-thong-minh-chong-soc-dien\/#breadcrumb\",\"itemListElement\":[{\"@type\":\"ListItem\",\"position\":1,\"item\":{\"@type\":\"WebPage\",\"@id\":\"http:\/\/rossivietnam.com.vn\/\",\"url\":\"http:\/\/rossivietnam.com.vn\/\",\"name\":\"Home\"}},{\"@type\":\"ListItem\",\"position\":2,\"item\":{\"@type\":\"WebPage\",\"@id\":\"http:\/\/rossivietnam.com.vn\/products\/\",\"url\":\"http:\/\/rossivietnam.com.vn\/products\/\",\"name\":\"C\\u1eeda h\\u00e0ng\"}},{\"@type\":\"ListItem\",\"position\":3,\"item\":{\"@type\":\"WebPage\",\"@id\":\"https:\/\/rossivietnam.com.vn\/product\/aptomat-thong-minh-chong-soc-dien\/\",\"url\":\"https:\/\/rossivietnam.com.vn\/product\/aptomat-thong-minh-chong-soc-dien\/\",\"name\":\"Aptomat th\\u00f4ng minh &#8211; Ch\\u1ed1ng s\\u1ed1c \\u0111i\\u1ec7n 3Pha ( 4 c\\u1ef1c + PE)\"}}]}]}<\/script>\n<!-- \/ Yoast SEO plugin. -->","_links":{"self":[{"href":"https:\/\/rossivietnam.com.vn\/en\/wp-json\/wp\/v2\/product\/5101"}],"collection":[{"href":"https:\/\/rossivietnam.com.vn\/en\/wp-json\/wp\/v2\/product"}],"about":[{"href":"https:\/\/rossivietnam.com.vn\/en\/wp-json\/wp\/v2\/types\/product"}],"replies":[{"embeddable":true,"href":"https:\/\/rossivietnam.com.vn\/en\/wp-json\/wp\/v2\/comments?post=5101"}],"wp:featuredmedia":[{"embeddable":true,"href":"https:\/\/rossivietnam.com.vn\/en\/wp-json\/wp\/v2\/media\/5103"}],"wp:attachment":[{"href":"https:\/\/rossivietnam.com.vn\/en\/wp-json\/wp\/v2\/media?parent=5101"}],"wp:term":[{"taxonomy":"product_cat","embeddable":true,"href":"https:\/\/rossivietnam.com.vn\/en\/wp-json\/wp\/v2\/product_cat?post=5101"},{"taxonomy":"product_tag","embeddable":true,"href":"https:\/\/rossivietnam.com.vn\/en\/wp-json\/wp\/v2\/product_tag?post=5101"}],"curies":[{"name":"wp","href":"https:\/\/api.w.org\/{rel}","templated":true}]}}