{"id":4990,"date":"2023-05-02T09:52:45","date_gmt":"2023-05-02T02:52:45","guid":{"rendered":"https:\/\/rossivietnam.com.vn\/?post_type=product&#038;p=4990"},"modified":"2023-05-02T09:54:05","modified_gmt":"2023-05-02T02:54:05","slug":"mat-vien-cho-at-khoi","status":"publish","type":"product","link":"https:\/\/rossivietnam.com.vn\/en\/product\/mat-vien-cho-at-khoi\/","title":{"rendered":"M\u1eb7t vi\u1ec1n cho \u00e1t kh\u1ed1i"},"content":{"rendered":"<p><b>R32 SERIES<\/b><\/p>\n<ul>\n<li><b><\/b><b><\/b>Ch\u1ea5t li\u1ec7u : Nh\u1ef1a PC ch\u1ed1ng ch\u00e1y<\/li>\n<li>M\u00e0u s\u1eafc : M\u00e0u v\u00e0ng \u00e1nh kim<\/li>\n<li>\u0110\u1ebf k\u1ebft c\u1ea5u nh\u1ef1a Polycarbonate<\/li>\n<li>L\u1eafp gh\u00e9p \u0111\u1ebf th\u00e9p s\u01a1n t\u0129nh \u0111i\u1ec7n<\/li>\n<li>K\u00edch th\u01b0\u1edbc : l\u1eafp cho d\u00f2ng ch\u1eef nh\u1eadt: 120 x 74mm<\/li>\n<li>Phong c\u00e1ch : Hi\u1ec7n \u0111\u1ea1i, tinh t\u1ebf<\/li>\n<li>L\u1eafp gh\u00e9p linh ho\u1ea1t theo module v\u00e0 size<\/li>\n<\/ul>\n","protected":false},"excerpt":{"rendered":"<p><strong>Thi\u1ebft b\u1ecb \u0111i\u1ec7n ROSSI d\u00f2ng ch\u1eef nh\u1eadt:<\/strong><\/p>\n<p><strong>\u00a0 \u00a0* Ch\u1ea5t li\u1ec7u m\u1eb7t: Nh\u1ef1a Polycarbonate &#8211; PC ch\u1ed1ng ch\u00e1y<\/strong><\/p>\n<p><strong>\u00a0 \u00a0* \u0110\u1ebf th\u00e9p s\u01a1n t\u0129nh \u0111i\u1ec7n d\u1ea7y 1.2mm<\/strong><\/p>\n<p><strong>\u00a0 \u00a0* B\u1ea3o h\u00e0nh 12 n\u0103m k\u1ebft c\u1ea5u, 36 th\u00e1ng linh ki\u1ec7n<\/strong><\/p>\n<p><strong>\u00a0 \u00a0* M\u00e0u s\u1eafc: M\u00e0u v\u00e0ng \u00e1nh kim<\/strong><\/p>\n<p><strong>\u00a0 \u00a0* S\u1eed d\u1ee5ng trong d\u00e2n d\u1ee5ng<\/strong><\/p>\n<p><strong>\u00a0 \u00a0* S\u1eed d\u1ee5ng \u0111\u1ebf \u00e2m ch\u1eef nh\u1eadt th\u00f4ng d\u1ee5ng<\/strong><\/p>\n<p><strong>Ph\u00f9 h\u1ee3p v\u1edbi c\u00e1c c\u00f4ng tr\u00ecnh cao c\u1ea5p \u2013 hi\u1ec7n \u0111\u1ea1i, c\u00e1c c\u00f4ng tr\u00ecnh chung c\u01b0, kh\u00e1ch s\u1ea1n&#8230;<\/strong><\/p>\n<p>S\u1ea3n ph\u1ea9m li\u00ean doanh h\u1ee3p t\u00e1c c\u1ee7a c\u00e1c chuy\u00ean gia h\u00e0ng \u0111\u1ea7u th\u1ebf gi\u1edbi v\u1ec1 thi\u1ebft b\u1ecb \u0111i\u1ec7n.<\/p>\n<p><em>\u0110\u1ec3 bi\u1ebft th\u00eam chi ti\u1ebft li\u00ean h\u1ec7: http:www.rossivietnam.com.vn<\/em><\/p>\n<p style=\"text-align: left;\"><strong>Th\u00f4ng s\u1ed1 k\u1ef9 thu\u1eadt v\u00e0 c\u00e1c t\u00ednh n\u0103ng s\u1ea3n ph\u1ea9m<\/strong><\/p>\n<p><img loading=\"lazy\" decoding=\"async\" class=\"\" src=\"https:\/\/rossivietnam.com.vn\/wp-content\/uploads\/2023\/02\/Anh-kich-thuoc-module.png\" alt=\"\" width=\"2904\" height=\"1164\" \/><\/p>\n<p><img loading=\"lazy\" decoding=\"async\" class=\"\" src=\"https:\/\/rossivietnam.com.vn\/wp-content\/uploads\/2023\/02\/Benner-R32.png\" alt=\"\" width=\"1920\" height=\"720\" \/><\/p>\n","protected":false},"featured_media":4960,"comment_status":"closed","ping_status":"closed","template":"","meta":[],"product_cat":[185,183],"product_tag":[173,201,180,179,172,181,170,174,171],"yoast_head":"<!-- This site is optimized with the Yoast SEO plugin v14.4.1 - https:\/\/yoast.com\/wordpress\/plugins\/seo\/ -->\n<title>M\u1eb7t vi\u1ec1n cho \u00e1t kh\u1ed1i - ROSSI VI\u1ec6T NAM | Thi\u1ebft b\u1ecb \u0111i\u1ec7n cao c\u1ea5p<\/title>\n<meta name=\"robots\" content=\"index, follow\" \/>\n<meta name=\"googlebot\" content=\"index, follow, max-snippet:-1, max-image-preview:large, max-video-preview:-1\" \/>\n<meta name=\"bingbot\" content=\"index, follow, max-snippet:-1, max-image-preview:large, max-video-preview:-1\" \/>\n<link rel=\"canonical\" href=\"https:\/\/rossivietnam.com.vn\/product\/mat-vien-cho-at-khoi\/\" \/>\n<meta property=\"og:locale\" content=\"en_US\" \/>\n<meta property=\"og:type\" content=\"article\" \/>\n<meta property=\"og:title\" content=\"M\u1eb7t vi\u1ec1n cho \u00e1t kh\u1ed1i - ROSSI VI\u1ec6T NAM | Thi\u1ebft b\u1ecb \u0111i\u1ec7n cao c\u1ea5p\" \/>\n<meta property=\"og:description\" content=\"Thi\u1ebft b\u1ecb \u0111i\u1ec7n ROSSI d\u00f2ng ch\u1eef nh\u1eadt:  \u00a0 \u00a0* Ch\u1ea5t li\u1ec7u m\u1eb7t: Nh\u1ef1a Polycarbonate - PC ch\u1ed1ng ch\u00e1y  \u00a0 \u00a0* \u0110\u1ebf th\u00e9p s\u01a1n t\u0129nh \u0111i\u1ec7n d\u1ea7y 1.2mm  \u00a0 \u00a0* B\u1ea3o h\u00e0nh 12 n\u0103m k\u1ebft c\u1ea5u, 36 th\u00e1ng linh ki\u1ec7n  \u00a0 \u00a0* M\u00e0u s\u1eafc: M\u00e0u v\u00e0ng \u00e1nh kim  \u00a0 \u00a0* S\u1eed d\u1ee5ng trong d\u00e2n d\u1ee5ng  \u00a0 \u00a0* S\u1eed d\u1ee5ng \u0111\u1ebf \u00e2m ch\u1eef nh\u1eadt th\u00f4ng d\u1ee5ng  Ph\u00f9 h\u1ee3p v\u1edbi c\u00e1c c\u00f4ng tr\u00ecnh cao c\u1ea5p \u2013 hi\u1ec7n \u0111\u1ea1i, c\u00e1c c\u00f4ng tr\u00ecnh chung c\u01b0, kh\u00e1ch s\u1ea1n...  S\u1ea3n ph\u1ea9m li\u00ean doanh h\u1ee3p t\u00e1c c\u1ee7a c\u00e1c chuy\u00ean gia h\u00e0ng \u0111\u1ea7u th\u1ebf gi\u1edbi v\u1ec1 thi\u1ebft b\u1ecb \u0111i\u1ec7n.  \u0110\u1ec3 bi\u1ebft th\u00eam chi ti\u1ebft li\u00ean h\u1ec7: http:www.rossivietnam.com.vn Th\u00f4ng s\u1ed1 k\u1ef9 thu\u1eadt v\u00e0 c\u00e1c t\u00ednh n\u0103ng s\u1ea3n ph\u1ea9m\" \/>\n<meta property=\"og:url\" content=\"https:\/\/rossivietnam.com.vn\/product\/mat-vien-cho-at-khoi\/\" \/>\n<meta property=\"og:site_name\" content=\"ROSSI VI\u1ec6T NAM | Thi\u1ebft b\u1ecb \u0111i\u1ec7n cao c\u1ea5p\" \/>\n<meta property=\"article:modified_time\" content=\"2023-05-02T02:54:05+00:00\" \/>\n<meta property=\"og:image\" content=\"https:\/\/rossivietnam.com.vn\/wp-content\/uploads\/2023\/05\/C9-MK01A-MK01B-copy.14.png\" \/>\n\t<meta property=\"og:image:width\" content=\"1000\" \/>\n\t<meta property=\"og:image:height\" content=\"1000\" \/>\n<meta name=\"twitter:card\" content=\"summary\" \/>\n<script type=\"application\/ld+json\" class=\"yoast-schema-graph\">{\"@context\":\"https:\/\/schema.org\",\"@graph\":[{\"@type\":\"WebSite\",\"@id\":\"https:\/\/rossivietnam.com.vn\/en\/#website\",\"url\":\"https:\/\/rossivietnam.com.vn\/en\/\",\"name\":\"ROSSI VI\\u1ec6T NAM | Thi\\u1ebft b\\u1ecb \\u0111i\\u1ec7n cao c\\u1ea5p\",\"description\":\"ROSSI | Thi\\u1ebft b\\u1ecb \\u0111i\\u1ec7n cao c\\u1ea5p\",\"potentialAction\":[{\"@type\":\"SearchAction\",\"target\":\"https:\/\/rossivietnam.com.vn\/en\/?s={search_term_string}\",\"query-input\":\"required name=search_term_string\"}],\"inLanguage\":\"en-US\"},{\"@type\":\"ImageObject\",\"@id\":\"https:\/\/rossivietnam.com.vn\/product\/mat-vien-cho-at-khoi\/#primaryimage\",\"inLanguage\":\"en-US\",\"url\":\"https:\/\/rossivietnam.com.vn\/wp-content\/uploads\/2023\/05\/C9-MK01A-MK01B-copy.14.png\",\"width\":1000,\"height\":1000},{\"@type\":\"WebPage\",\"@id\":\"https:\/\/rossivietnam.com.vn\/product\/mat-vien-cho-at-khoi\/#webpage\",\"url\":\"https:\/\/rossivietnam.com.vn\/product\/mat-vien-cho-at-khoi\/\",\"name\":\"M\\u1eb7t vi\\u1ec1n cho \\u00e1t kh\\u1ed1i - ROSSI VI\\u1ec6T NAM | Thi\\u1ebft b\\u1ecb \\u0111i\\u1ec7n cao c\\u1ea5p\",\"isPartOf\":{\"@id\":\"https:\/\/rossivietnam.com.vn\/en\/#website\"},\"primaryImageOfPage\":{\"@id\":\"https:\/\/rossivietnam.com.vn\/product\/mat-vien-cho-at-khoi\/#primaryimage\"},\"datePublished\":\"2023-05-02T02:52:45+00:00\",\"dateModified\":\"2023-05-02T02:54:05+00:00\",\"breadcrumb\":{\"@id\":\"https:\/\/rossivietnam.com.vn\/product\/mat-vien-cho-at-khoi\/#breadcrumb\"},\"inLanguage\":\"en-US\",\"potentialAction\":[{\"@type\":\"ReadAction\",\"target\":[\"https:\/\/rossivietnam.com.vn\/product\/mat-vien-cho-at-khoi\/\"]}]},{\"@type\":\"BreadcrumbList\",\"@id\":\"https:\/\/rossivietnam.com.vn\/product\/mat-vien-cho-at-khoi\/#breadcrumb\",\"itemListElement\":[{\"@type\":\"ListItem\",\"position\":1,\"item\":{\"@type\":\"WebPage\",\"@id\":\"http:\/\/rossivietnam.com.vn\/\",\"url\":\"http:\/\/rossivietnam.com.vn\/\",\"name\":\"Home\"}},{\"@type\":\"ListItem\",\"position\":2,\"item\":{\"@type\":\"WebPage\",\"@id\":\"http:\/\/rossivietnam.com.vn\/products\/\",\"url\":\"http:\/\/rossivietnam.com.vn\/products\/\",\"name\":\"C\\u1eeda h\\u00e0ng\"}},{\"@type\":\"ListItem\",\"position\":3,\"item\":{\"@type\":\"WebPage\",\"@id\":\"https:\/\/rossivietnam.com.vn\/product\/mat-vien-cho-at-khoi\/\",\"url\":\"https:\/\/rossivietnam.com.vn\/product\/mat-vien-cho-at-khoi\/\",\"name\":\"M\\u1eb7t vi\\u1ec1n cho \\u00e1t kh\\u1ed1i\"}}]}]}<\/script>\n<!-- \/ Yoast SEO plugin. -->","_links":{"self":[{"href":"https:\/\/rossivietnam.com.vn\/en\/wp-json\/wp\/v2\/product\/4990"}],"collection":[{"href":"https:\/\/rossivietnam.com.vn\/en\/wp-json\/wp\/v2\/product"}],"about":[{"href":"https:\/\/rossivietnam.com.vn\/en\/wp-json\/wp\/v2\/types\/product"}],"replies":[{"embeddable":true,"href":"https:\/\/rossivietnam.com.vn\/en\/wp-json\/wp\/v2\/comments?post=4990"}],"wp:featuredmedia":[{"embeddable":true,"href":"https:\/\/rossivietnam.com.vn\/en\/wp-json\/wp\/v2\/media\/4960"}],"wp:attachment":[{"href":"https:\/\/rossivietnam.com.vn\/en\/wp-json\/wp\/v2\/media?parent=4990"}],"wp:term":[{"taxonomy":"product_cat","embeddable":true,"href":"https:\/\/rossivietnam.com.vn\/en\/wp-json\/wp\/v2\/product_cat?post=4990"},{"taxonomy":"product_tag","embeddable":true,"href":"https:\/\/rossivietnam.com.vn\/en\/wp-json\/wp\/v2\/product_tag?post=4990"}],"curies":[{"name":"wp","href":"https:\/\/api.w.org\/{rel}","templated":true}]}}