{"id":4893,"date":"2023-04-21T16:09:55","date_gmt":"2023-04-21T09:09:55","guid":{"rendered":"https:\/\/rossivietnam.com.vn\/?post_type=product&#038;p=4893"},"modified":"2023-04-21T16:14:05","modified_gmt":"2023-04-21T09:14:05","slug":"tu-dien-am-tuong-rb7","status":"publish","type":"product","link":"https:\/\/rossivietnam.com.vn\/en\/product\/tu-dien-am-tuong-rb7\/","title":{"rendered":"T\u1ee7 \u0111i\u1ec7n \u00e2m t\u01b0\u1eddng RB7"},"content":{"rendered":"<p><b>T\u1ee7 \u0111i\u1ec7n \u00e2m t\u01b0\u1eddng<\/b><\/p>\n<ul>\n<li>M\u1eb7t nh\u1ef1a ABS, c\u1eeda ghi s\u00e1m trong \u0111\u1ee5c<\/li>\n<li>\u0110\u1ebf th\u00e9p ch\u1ed1ng g\u1ec9 cao c\u1ea5p<\/li>\n<li>Th\u01b0\u01a1ng hi\u1ec7u ROSSI uy t\u00edn<\/li>\n<li>\u0110a d\u1ea1ng k\u00edch th\u01b0\u1edbc ph\u00f9 h\u1ee3p c\u00f4ng tr\u00ecnh d\u00e2n d\u1ee5ng<\/li>\n<li>B\u1ea3o h\u00e0nh 3 n\u0103m<\/li>\n<\/ul>\n","protected":false},"excerpt":{"rendered":"<ul>\n<li>M\u1eb7t nh\u1ef1a ABS<\/li>\n<li>Khung \u1ea3nh tu\u1ef3 ch\u1ecdn<\/li>\n<li>\u0110\u1ebf th\u00e9p ch\u1ed1ng g\u1ec9 cao c\u1ea5p<\/li>\n<li>L\u1eafp \u0111\u1eb7t d\u1ec5 d\u00e0ng<\/li>\n<li>Th\u01b0\u01a1ng hi\u1ec7u ROSSI uy t\u00edn<\/li>\n<li>\u0110a d\u1ea1ng k\u00edch th\u01b0\u1edbc ph\u00f9 h\u1ee3p c\u00f4ng tr\u00ecnh d\u00e2n d\u1ee5ng<\/li>\n<li>B\u1ea3o h\u00e0nh 3 n\u0103m<\/li>\n<li><img loading=\"lazy\" decoding=\"async\" class=\"\" src=\"https:\/\/rossivietnam.com.vn\/wp-content\/uploads\/2023\/04\/Tu-4.png\" alt=\"\" width=\"1000\" height=\"1000\" \/> <img loading=\"lazy\" decoding=\"async\" class=\"\" src=\"https:\/\/rossivietnam.com.vn\/wp-content\/uploads\/2023\/04\/Tu-7.png\" alt=\"\" width=\"1000\" height=\"1000\" \/> <img loading=\"lazy\" decoding=\"async\" class=\"\" src=\"https:\/\/rossivietnam.com.vn\/wp-content\/uploads\/2023\/04\/Tu-6.png\" alt=\"\" width=\"1000\" height=\"1000\" \/><\/li>\n<\/ul>\n","protected":false},"featured_media":4889,"comment_status":"closed","ping_status":"closed","template":"","meta":[],"product_cat":[152],"product_tag":[173,180,179,172,181,170,174,171],"yoast_head":"<!-- This site is optimized with the Yoast SEO plugin v14.4.1 - https:\/\/yoast.com\/wordpress\/plugins\/seo\/ -->\n<title>T\u1ee7 \u0111i\u1ec7n \u00e2m t\u01b0\u1eddng RB7 - ROSSI VI\u1ec6T NAM | Thi\u1ebft b\u1ecb \u0111i\u1ec7n cao c\u1ea5p<\/title>\n<meta name=\"robots\" content=\"index, follow\" \/>\n<meta name=\"googlebot\" content=\"index, follow, max-snippet:-1, max-image-preview:large, max-video-preview:-1\" \/>\n<meta name=\"bingbot\" content=\"index, follow, max-snippet:-1, max-image-preview:large, max-video-preview:-1\" \/>\n<link rel=\"canonical\" href=\"https:\/\/rossivietnam.com.vn\/product\/tu-dien-am-tuong-rb7\/\" \/>\n<meta property=\"og:locale\" content=\"en_US\" \/>\n<meta property=\"og:type\" content=\"article\" \/>\n<meta property=\"og:title\" content=\"T\u1ee7 \u0111i\u1ec7n \u00e2m t\u01b0\u1eddng RB7 - ROSSI VI\u1ec6T NAM | Thi\u1ebft b\u1ecb \u0111i\u1ec7n cao c\u1ea5p\" \/>\n<meta property=\"og:description\" content=\"[:en]  M\u1eb7t nh\u1ef1a ABS  Khung \u1ea3nh tu\u1ef3 ch\u1ecdn  \u0110\u1ebf th\u00e9p ch\u1ed1ng g\u1ec9 cao c\u1ea5p  L\u1eafp \u0111\u1eb7t d\u1ec5 d\u00e0ng  Th\u01b0\u01a1ng hi\u1ec7u ROSSI uy t\u00edn  \u0110a d\u1ea1ng k\u00edch th\u01b0\u1edbc ph\u00f9 h\u1ee3p c\u00f4ng tr\u00ecnh d\u00e2n d\u1ee5ng  B\u1ea3o h\u00e0nh 3 n\u0103m    [:vi]  M\u1eb7t nh\u1ef1a ABS  \u0110\u1ebf \u00e2m b\u1eb1ng th\u00e9p, m\u1eb7t nh\u1ef1a tr\u1eafng c\u1eeda m\u00e0u ghi trong \u0111\u1ee5c  \u0110\u1ebf th\u00e9p ch\u1ed1ng g\u1ec9 cao c\u1ea5p  L\u1eafp \u0111\u1eb7t d\u1ec5 d\u00e0ng  Th\u01b0\u01a1ng hi\u1ec7u ROSSI uy t\u00edn  \u0110a d\u1ea1ng k\u00edch th\u01b0\u1edbc ph\u00f9 h\u1ee3p c\u00f4ng tr\u00ecnh d\u00e2n d\u1ee5ng  B\u1ea3o h\u00e0nh 3 n\u0103m    [:]\" \/>\n<meta property=\"og:url\" content=\"https:\/\/rossivietnam.com.vn\/product\/tu-dien-am-tuong-rb7\/\" \/>\n<meta property=\"og:site_name\" content=\"ROSSI VI\u1ec6T NAM | Thi\u1ebft b\u1ecb \u0111i\u1ec7n cao c\u1ea5p\" \/>\n<meta property=\"article:modified_time\" content=\"2023-04-21T09:14:05+00:00\" \/>\n<meta property=\"og:image\" content=\"https:\/\/rossivietnam.com.vn\/wp-content\/uploads\/2023\/04\/Tu-nho.png\" \/>\n\t<meta property=\"og:image:width\" content=\"1000\" \/>\n\t<meta property=\"og:image:height\" content=\"1000\" \/>\n<meta name=\"twitter:card\" content=\"summary\" \/>\n<script type=\"application\/ld+json\" class=\"yoast-schema-graph\">{\"@context\":\"https:\/\/schema.org\",\"@graph\":[{\"@type\":\"WebSite\",\"@id\":\"https:\/\/rossivietnam.com.vn\/en\/#website\",\"url\":\"https:\/\/rossivietnam.com.vn\/en\/\",\"name\":\"ROSSI VI\\u1ec6T NAM | Thi\\u1ebft b\\u1ecb \\u0111i\\u1ec7n cao c\\u1ea5p\",\"description\":\"ROSSI | Thi\\u1ebft b\\u1ecb \\u0111i\\u1ec7n cao c\\u1ea5p\",\"potentialAction\":[{\"@type\":\"SearchAction\",\"target\":\"https:\/\/rossivietnam.com.vn\/en\/?s={search_term_string}\",\"query-input\":\"required name=search_term_string\"}],\"inLanguage\":\"en-US\"},{\"@type\":\"ImageObject\",\"@id\":\"https:\/\/rossivietnam.com.vn\/product\/tu-dien-am-tuong-rb7\/#primaryimage\",\"inLanguage\":\"en-US\",\"url\":\"https:\/\/rossivietnam.com.vn\/wp-content\/uploads\/2023\/04\/Tu-nho.png\",\"width\":1000,\"height\":1000},{\"@type\":\"WebPage\",\"@id\":\"https:\/\/rossivietnam.com.vn\/product\/tu-dien-am-tuong-rb7\/#webpage\",\"url\":\"https:\/\/rossivietnam.com.vn\/product\/tu-dien-am-tuong-rb7\/\",\"name\":\"T\\u1ee7 \\u0111i\\u1ec7n \\u00e2m t\\u01b0\\u1eddng RB7 - ROSSI VI\\u1ec6T NAM | Thi\\u1ebft b\\u1ecb \\u0111i\\u1ec7n cao c\\u1ea5p\",\"isPartOf\":{\"@id\":\"https:\/\/rossivietnam.com.vn\/en\/#website\"},\"primaryImageOfPage\":{\"@id\":\"https:\/\/rossivietnam.com.vn\/product\/tu-dien-am-tuong-rb7\/#primaryimage\"},\"datePublished\":\"2023-04-21T09:09:55+00:00\",\"dateModified\":\"2023-04-21T09:14:05+00:00\",\"breadcrumb\":{\"@id\":\"https:\/\/rossivietnam.com.vn\/product\/tu-dien-am-tuong-rb7\/#breadcrumb\"},\"inLanguage\":\"en-US\",\"potentialAction\":[{\"@type\":\"ReadAction\",\"target\":[\"https:\/\/rossivietnam.com.vn\/product\/tu-dien-am-tuong-rb7\/\"]}]},{\"@type\":\"BreadcrumbList\",\"@id\":\"https:\/\/rossivietnam.com.vn\/product\/tu-dien-am-tuong-rb7\/#breadcrumb\",\"itemListElement\":[{\"@type\":\"ListItem\",\"position\":1,\"item\":{\"@type\":\"WebPage\",\"@id\":\"http:\/\/rossivietnam.com.vn\/\",\"url\":\"http:\/\/rossivietnam.com.vn\/\",\"name\":\"Home\"}},{\"@type\":\"ListItem\",\"position\":2,\"item\":{\"@type\":\"WebPage\",\"@id\":\"http:\/\/rossivietnam.com.vn\/products\/\",\"url\":\"http:\/\/rossivietnam.com.vn\/products\/\",\"name\":\"C\\u1eeda h\\u00e0ng\"}},{\"@type\":\"ListItem\",\"position\":3,\"item\":{\"@type\":\"WebPage\",\"@id\":\"https:\/\/rossivietnam.com.vn\/product\/tu-dien-am-tuong-rb7\/\",\"url\":\"https:\/\/rossivietnam.com.vn\/product\/tu-dien-am-tuong-rb7\/\",\"name\":\"T\\u1ee7 \\u0111i\\u1ec7n \\u00e2m t\\u01b0\\u1eddng RB7\"}}]}]}<\/script>\n<!-- \/ Yoast SEO plugin. -->","_links":{"self":[{"href":"https:\/\/rossivietnam.com.vn\/en\/wp-json\/wp\/v2\/product\/4893"}],"collection":[{"href":"https:\/\/rossivietnam.com.vn\/en\/wp-json\/wp\/v2\/product"}],"about":[{"href":"https:\/\/rossivietnam.com.vn\/en\/wp-json\/wp\/v2\/types\/product"}],"replies":[{"embeddable":true,"href":"https:\/\/rossivietnam.com.vn\/en\/wp-json\/wp\/v2\/comments?post=4893"}],"wp:featuredmedia":[{"embeddable":true,"href":"https:\/\/rossivietnam.com.vn\/en\/wp-json\/wp\/v2\/media\/4889"}],"wp:attachment":[{"href":"https:\/\/rossivietnam.com.vn\/en\/wp-json\/wp\/v2\/media?parent=4893"}],"wp:term":[{"taxonomy":"product_cat","embeddable":true,"href":"https:\/\/rossivietnam.com.vn\/en\/wp-json\/wp\/v2\/product_cat?post=4893"},{"taxonomy":"product_tag","embeddable":true,"href":"https:\/\/rossivietnam.com.vn\/en\/wp-json\/wp\/v2\/product_tag?post=4893"}],"curies":[{"name":"wp","href":"https:\/\/api.w.org\/{rel}","templated":true}]}}