{"id":3774,"date":"2023-02-11T16:01:05","date_gmt":"2023-02-11T09:01:05","guid":{"rendered":"http:\/\/rossivietnam.com.vn\/?post_type=product&#038;p=3774"},"modified":"2023-08-28T11:32:00","modified_gmt":"2023-08-28T04:32:00","slug":"o-cam-doi-da-nang-2","status":"publish","type":"product","link":"https:\/\/rossivietnam.com.vn\/en\/product\/o-cam-doi-da-nang-2\/","title":{"rendered":"\u1ed4 c\u1eafm \u0111\u00f4i \u0111a n\u0103ng ROSSI"},"content":{"rendered":"<p><b>R70 SERIES<\/b><\/p>\n<ul>\n<li><b><\/b><b><\/b>Ch\u1ea5t li\u1ec7u : M\u1eb7t ph\u1ee7 INOX SUS 304 si\u00eau b\u1ec1n<\/li>\n<li>C\u00f3 \u0111\u00e8n LED b\u00e1o s\u00e1ng tr\u00ean c\u00f4ng t\u1eafc<\/li>\n<li>M\u00e0u s\u1eafc : Titan m\u00e0u ghi x\u00e1m<\/li>\n<li>\u0110\u1ebf th\u00e9p s\u01a1n t\u0129nh \u0111i\u1ec7n 1.2mm<\/li>\n<li>K\u00edch th\u01b0\u1edbc : 86*90mm<\/li>\n<li>Phong c\u00e1ch : Hi\u1ec7n \u0111\u1ea1i, tinh t\u1ebf<\/li>\n<\/ul>\n","protected":false},"excerpt":{"rendered":"<p><strong>Thi\u1ebft b\u1ecb \u0111i\u1ec7n cao c\u1ea5p ROSSI:<\/strong><\/p>\n<p><strong>\u00a0 \u00a0* Ch\u1ea5t li\u1ec7u m\u1eb7t: M\u1eb7t ph\u1ee7 INOX SUS304 si\u00eau b\u1ec1n<\/strong><\/p>\n<p><strong>\u00a0 \u00a0* \u0110\u1ebf th\u00e9p s\u01a1n t\u0129nh \u0111i\u1ec7n d\u1ea7y 1.2mm<\/strong><\/p>\n<p><strong>\u00a0 \u00a0* B\u1ea3o h\u00e0nh 15 n\u0103m k\u1ebft c\u1ea5u, 36 th\u00e1ng linh ki\u1ec7n<\/strong><\/p>\n<p><strong>\u00a0 \u00a0* M\u00e0u s\u1eafc: M\u00e0u titan ghi x\u00e1m<\/strong><\/p>\n<p><strong>\u00a0 \u00a0* S\u1eed d\u1ee5ng trong d\u00e2n d\u1ee5ng<\/strong><\/p>\n<p><strong>\u00a0 \u00a0* S\u1eed d\u1ee5ng \u0111\u1ebf \u00e2m vu\u00f4ng th\u00f4ng d\u1ee5ng<\/strong><\/p>\n<p><strong>Ph\u00f9 h\u1ee3p v\u1edbi c\u00e1c c\u00f4ng tr\u00ecnh cao c\u1ea5p \u2013 hi\u1ec7n \u0111\u1ea1i, bi\u1ec7t th\u01b0 sang, Kh\u00e1ch s\u1ea1n<\/strong><strong>, Resort cao c\u1ea5p\u2026<\/strong><\/p>\n<p>S\u1ea3n ph\u1ea9m li\u00ean doanh h\u1ee3p t\u00e1c c\u1ee7a c\u00e1c chuy\u00ean gia h\u00e0ng \u0111\u1ea7u th\u1ebf gi\u1edbi v\u1ec1 thi\u1ebft b\u1ecb \u0111i\u1ec7n.<\/p>\n<p><em>\u0110\u1ec3 bi\u1ebft th\u00eam chi ti\u1ebft li\u00ean h\u1ec7: http:www.rossivietnam.com.vn<\/em><\/p>\n<p style=\"text-align: left;\"><strong>Th\u00f4ng s\u1ed1 k\u1ef9 thu\u1eadt v\u00e0 c\u00e1c t\u00ednh n\u0103ng s\u1ea3n ph\u1ea9m<\/strong><\/p>\n<p><img loading=\"lazy\" decoding=\"async\" class=\"\" src=\"http:\/\/rossivietnam.com.vn\/wp-content\/uploads\/2023\/02\/Benner-R70.png\" alt=\"\" width=\"1920\" height=\"720\" \/><\/p>\n","protected":false},"featured_media":3751,"comment_status":"closed","ping_status":"closed","template":"","meta":[],"product_cat":[140,65],"product_tag":[173,172,170,174,171],"yoast_head":"<!-- This site is optimized with the Yoast SEO plugin v14.4.1 - https:\/\/yoast.com\/wordpress\/plugins\/seo\/ -->\n<title>\u1ed4 c\u1eafm \u0111\u00f4i \u0111a n\u0103ng ROSSI - ROSSI VI\u1ec6T NAM | Thi\u1ebft b\u1ecb \u0111i\u1ec7n cao c\u1ea5p<\/title>\n<meta name=\"robots\" content=\"index, follow\" \/>\n<meta name=\"googlebot\" content=\"index, follow, max-snippet:-1, max-image-preview:large, max-video-preview:-1\" \/>\n<meta name=\"bingbot\" content=\"index, follow, max-snippet:-1, max-image-preview:large, max-video-preview:-1\" \/>\n<link rel=\"canonical\" href=\"https:\/\/rossivietnam.com.vn\/product\/o-cam-doi-da-nang-2\/\" \/>\n<meta property=\"og:locale\" content=\"en_US\" \/>\n<meta property=\"og:type\" content=\"article\" \/>\n<meta property=\"og:title\" content=\"\u1ed4 c\u1eafm \u0111\u00f4i \u0111a n\u0103ng ROSSI - ROSSI VI\u1ec6T NAM | Thi\u1ebft b\u1ecb \u0111i\u1ec7n cao c\u1ea5p\" \/>\n<meta property=\"og:description\" content=\"[:en]Thi\u1ebft b\u1ecb \u0111i\u1ec7n cao c\u1ea5p ROSSI:  \u00a0 \u00a0* Ch\u1ea5t li\u1ec7u m\u1eb7t: M\u1eb7t ph\u1ee7 INOX SUS304 si\u00eau b\u1ec1n  \u00a0 \u00a0* \u0110\u1ebf th\u00e9p s\u01a1n t\u0129nh \u0111i\u1ec7n d\u1ea7y 1.2mm  \u00a0 \u00a0* B\u1ea3o h\u00e0nh 15 n\u0103m k\u1ebft c\u1ea5u, 36 th\u00e1ng linh ki\u1ec7n  \u00a0 \u00a0* M\u00e0u s\u1eafc: M\u00e0u titan ghi x\u00e1m  \u00a0 \u00a0* S\u1eed d\u1ee5ng trong d\u00e2n d\u1ee5ng  \u00a0 \u00a0* S\u1eed d\u1ee5ng \u0111\u1ebf \u00e2m vu\u00f4ng th\u00f4ng d\u1ee5ng  Ph\u00f9 h\u1ee3p v\u1edbi c\u00e1c c\u00f4ng tr\u00ecnh cao c\u1ea5p \u2013 hi\u1ec7n \u0111\u1ea1i, bi\u1ec7t th\u01b0 sang, Kh\u00e1ch s\u1ea1n, Resort cao c\u1ea5p\u2026  S\u1ea3n ph\u1ea9m li\u00ean doanh h\u1ee3p t\u00e1c c\u1ee7a c\u00e1c chuy\u00ean gia h\u00e0ng \u0111\u1ea7u th\u1ebf gi\u1edbi v\u1ec1 thi\u1ebft b\u1ecb \u0111i\u1ec7n.  \u0110\u1ec3 bi\u1ebft th\u00eam chi ti\u1ebft li\u00ean h\u1ec7: http:www.rossivietnam.com.vn Th\u00f4ng s\u1ed1 k\u1ef9 thu\u1eadt v\u00e0 c\u00e1c t\u00ednh n\u0103ng s\u1ea3n ph\u1ea9m [:vi]Thi\u1ebft b\u1ecb \u0111i\u1ec7n cao c\u1ea5p ROSSI:  \u00a0 \u00a0* Ch\u1ea5t li\u1ec7u m\u1eb7t: M\u1eb7t ph\u1ee7 INOX SUS304 si\u00eau b\u1ec1n  \u00a0 \u00a0* \u0110\u1ebf th\u00e9p s\u01a1n t\u0129nh \u0111i\u1ec7n d\u1ea7y 1.2mm  \u00a0 \u00a0* B\u1ea3o h\u00e0nh 15 n\u0103m k\u1ebft c\u1ea5u, 36 th\u00e1ng linh ki\u1ec7n  \u00a0 \u00a0* M\u00e0u s\u1eafc: M\u00e0u titan ghi x\u00e1m  \u00a0 \u00a0* S\u1eed d\u1ee5ng trong d\u00e2n d\u1ee5ng  \u00a0 \u00a0* S\u1eed d\u1ee5ng \u0111\u1ebf \u00e2m vu\u00f4ng th\u00f4ng d\u1ee5ng  Ph\u00f9 h\u1ee3p v\u1edbi c\u00e1c c\u00f4ng tr\u00ecnh cao c\u1ea5p \u2013 hi\u1ec7n \u0111\u1ea1i, bi\u1ec7t th\u01b0 sang, Kh\u00e1ch s\u1ea1n, Resort cao c\u1ea5p\u2026  S\u1ea3n ph\u1ea9m li\u00ean doanh h\u1ee3p t\u00e1c c\u1ee7a c\u00e1c chuy\u00ean gia h\u00e0ng \u0111\u1ea7u th\u1ebf gi\u1edbi v\u1ec1 thi\u1ebft b\u1ecb \u0111i\u1ec7n.  \u0110\u1ec3 bi\u1ebft th\u00eam chi ti\u1ebft li\u00ean h\u1ec7: http:www.rossivietnam.com.vn Th\u00f4ng s\u1ed1 k\u1ef9 thu\u1eadt v\u00e0 c\u00e1c t\u00ednh n\u0103ng s\u1ea3n ph\u1ea9m   &nbsp;[:]\" \/>\n<meta property=\"og:url\" content=\"https:\/\/rossivietnam.com.vn\/product\/o-cam-doi-da-nang-2\/\" \/>\n<meta property=\"og:site_name\" content=\"ROSSI VI\u1ec6T NAM | Thi\u1ebft b\u1ecb \u0111i\u1ec7n cao c\u1ea5p\" \/>\n<meta property=\"article:modified_time\" content=\"2023-08-28T04:32:00+00:00\" \/>\n<meta property=\"og:image\" content=\"https:\/\/rossivietnam.com.vn\/wp-content\/uploads\/2023\/02\/R70-O6.png\" \/>\n\t<meta property=\"og:image:width\" content=\"1000\" \/>\n\t<meta property=\"og:image:height\" content=\"1000\" \/>\n<meta name=\"twitter:card\" content=\"summary\" \/>\n<script type=\"application\/ld+json\" class=\"yoast-schema-graph\">{\"@context\":\"https:\/\/schema.org\",\"@graph\":[{\"@type\":\"WebSite\",\"@id\":\"https:\/\/rossivietnam.com.vn\/en\/#website\",\"url\":\"https:\/\/rossivietnam.com.vn\/en\/\",\"name\":\"ROSSI VI\\u1ec6T NAM | Thi\\u1ebft b\\u1ecb \\u0111i\\u1ec7n cao c\\u1ea5p\",\"description\":\"ROSSI | Thi\\u1ebft b\\u1ecb \\u0111i\\u1ec7n cao c\\u1ea5p\",\"potentialAction\":[{\"@type\":\"SearchAction\",\"target\":\"https:\/\/rossivietnam.com.vn\/en\/?s={search_term_string}\",\"query-input\":\"required name=search_term_string\"}],\"inLanguage\":\"en-US\"},{\"@type\":\"ImageObject\",\"@id\":\"https:\/\/rossivietnam.com.vn\/product\/o-cam-doi-da-nang-2\/#primaryimage\",\"inLanguage\":\"en-US\",\"url\":\"https:\/\/rossivietnam.com.vn\/wp-content\/uploads\/2023\/02\/R70-O6.png\",\"width\":1000,\"height\":1000},{\"@type\":\"WebPage\",\"@id\":\"https:\/\/rossivietnam.com.vn\/product\/o-cam-doi-da-nang-2\/#webpage\",\"url\":\"https:\/\/rossivietnam.com.vn\/product\/o-cam-doi-da-nang-2\/\",\"name\":\"\\u1ed4 c\\u1eafm \\u0111\\u00f4i \\u0111a n\\u0103ng ROSSI - ROSSI VI\\u1ec6T NAM | Thi\\u1ebft b\\u1ecb \\u0111i\\u1ec7n cao c\\u1ea5p\",\"isPartOf\":{\"@id\":\"https:\/\/rossivietnam.com.vn\/en\/#website\"},\"primaryImageOfPage\":{\"@id\":\"https:\/\/rossivietnam.com.vn\/product\/o-cam-doi-da-nang-2\/#primaryimage\"},\"datePublished\":\"2023-02-11T09:01:05+00:00\",\"dateModified\":\"2023-08-28T04:32:00+00:00\",\"breadcrumb\":{\"@id\":\"https:\/\/rossivietnam.com.vn\/product\/o-cam-doi-da-nang-2\/#breadcrumb\"},\"inLanguage\":\"en-US\",\"potentialAction\":[{\"@type\":\"ReadAction\",\"target\":[\"https:\/\/rossivietnam.com.vn\/product\/o-cam-doi-da-nang-2\/\"]}]},{\"@type\":\"BreadcrumbList\",\"@id\":\"https:\/\/rossivietnam.com.vn\/product\/o-cam-doi-da-nang-2\/#breadcrumb\",\"itemListElement\":[{\"@type\":\"ListItem\",\"position\":1,\"item\":{\"@type\":\"WebPage\",\"@id\":\"http:\/\/rossivietnam.com.vn\/\",\"url\":\"http:\/\/rossivietnam.com.vn\/\",\"name\":\"Home\"}},{\"@type\":\"ListItem\",\"position\":2,\"item\":{\"@type\":\"WebPage\",\"@id\":\"http:\/\/rossivietnam.com.vn\/products\/\",\"url\":\"http:\/\/rossivietnam.com.vn\/products\/\",\"name\":\"C\\u1eeda h\\u00e0ng\"}},{\"@type\":\"ListItem\",\"position\":3,\"item\":{\"@type\":\"WebPage\",\"@id\":\"https:\/\/rossivietnam.com.vn\/product\/o-cam-doi-da-nang-2\/\",\"url\":\"https:\/\/rossivietnam.com.vn\/product\/o-cam-doi-da-nang-2\/\",\"name\":\"\\u1ed4 c\\u1eafm \\u0111\\u00f4i \\u0111a n\\u0103ng ROSSI\"}}]}]}<\/script>\n<!-- \/ Yoast SEO plugin. -->","_links":{"self":[{"href":"https:\/\/rossivietnam.com.vn\/en\/wp-json\/wp\/v2\/product\/3774"}],"collection":[{"href":"https:\/\/rossivietnam.com.vn\/en\/wp-json\/wp\/v2\/product"}],"about":[{"href":"https:\/\/rossivietnam.com.vn\/en\/wp-json\/wp\/v2\/types\/product"}],"replies":[{"embeddable":true,"href":"https:\/\/rossivietnam.com.vn\/en\/wp-json\/wp\/v2\/comments?post=3774"}],"wp:featuredmedia":[{"embeddable":true,"href":"https:\/\/rossivietnam.com.vn\/en\/wp-json\/wp\/v2\/media\/3751"}],"wp:attachment":[{"href":"https:\/\/rossivietnam.com.vn\/en\/wp-json\/wp\/v2\/media?parent=3774"}],"wp:term":[{"taxonomy":"product_cat","embeddable":true,"href":"https:\/\/rossivietnam.com.vn\/en\/wp-json\/wp\/v2\/product_cat?post=3774"},{"taxonomy":"product_tag","embeddable":true,"href":"https:\/\/rossivietnam.com.vn\/en\/wp-json\/wp\/v2\/product_tag?post=3774"}],"curies":[{"name":"wp","href":"https:\/\/api.w.org\/{rel}","templated":true}]}}