{"id":2878,"date":"2022-03-10T15:02:14","date_gmt":"2022-03-10T08:02:14","guid":{"rendered":"http:\/\/rossivietnam.com.vn\/?post_type=product&#038;p=2878"},"modified":"2023-08-28T11:11:43","modified_gmt":"2023-08-28T04:11:43","slug":"mat-che-nuoc-hinh-vuong","status":"publish","type":"product","link":"https:\/\/rossivietnam.com.vn\/en\/product\/mat-che-nuoc-hinh-vuong\/","title":{"rendered":"H\u1ed9p che n\u01b0\u1edbc vu\u00f4ng ROSSI"},"content":{"rendered":"<p>M\u1eb7t che n\u01b0\u1edbc h\u00ecnh vu\u00f4ng<\/p>\n","protected":false},"excerpt":{"rendered":"<p><strong>Thi\u1ebft b\u1ecb \u0111i\u1ec7n cao c\u1ea5p ROSSI:<\/strong><\/p>\n<p><strong>\u00a0 \u00a0* Ch\u1ea5t li\u1ec7u m\u1eb7t: Nh\u1ef1a Polycarbonate &#8211; PC ch\u1ed1ng ch\u00e1y<\/strong><\/p>\n<p><strong>\u00a0 \u00a0* \u0110\u1ebf th\u00e9p s\u01a1n t\u0129nh \u0111i\u1ec7n d\u1ea7y 1.2mm<\/strong><\/p>\n<p><strong>\u00a0 \u00a0* B\u1ea3o h\u00e0nh 15 n\u0103m k\u1ebft c\u1ea5u, 36 th\u00e1ng linh ki\u1ec7n<\/strong><\/p>\n<p><strong>\u00a0 \u00a0* M\u00e0u s\u1eafc: M\u00e0u tr\u1eafng<\/strong><\/p>\n<p><strong>\u00a0 \u00a0* S\u1eed d\u1ee5ng trong d\u00e2n d\u1ee5ng<\/strong><\/p>\n<p><strong>\u00a0 \u00a0* S\u1eed d\u1ee5ng \u0111\u1ebf \u00e2m vu\u00f4ng th\u00f4ng d\u1ee5ng<\/strong><\/p>\n<p><strong>Ph\u00f9 h\u1ee3p v\u1edbi c\u00e1c c\u00f4ng tr\u00ecnh cao c\u1ea5p \u2013 hi\u1ec7n \u0111\u1ea1i, bi\u1ec7t th\u01b0 sang, Kh\u00e1ch s\u1ea1n<\/strong><strong>, Resort cao c\u1ea5p\u2026<\/strong><\/p>\n<p>S\u1ea3n ph\u1ea9m li\u00ean doanh h\u1ee3p t\u00e1c c\u1ee7a c\u00e1c chuy\u00ean gia h\u00e0ng \u0111\u1ea7u th\u1ebf gi\u1edbi v\u1ec1 thi\u1ebft b\u1ecb \u0111i\u1ec7n.<\/p>\n<p><em>\u0110\u1ec3 bi\u1ebft th\u00eam chi ti\u1ebft li\u00ean h\u1ec7: http:www.rossivietnam.com.vn<\/em><\/p>\n<p style=\"text-align: left;\"><strong>Th\u00f4ng s\u1ed1 k\u1ef9 thu\u1eadt v\u00e0 c\u00e1c t\u00ednh n\u0103ng s\u1ea3n ph\u1ea9m<\/strong><\/p>\n<p><img loading=\"lazy\" decoding=\"async\" class=\"\" src=\"http:\/\/rossivietnam.com.vn\/wp-content\/uploads\/2022\/03\/Gioi-thieu-D3.png\" alt=\"\" width=\"800\" height=\"5787\" \/><\/p>\n","protected":false},"featured_media":3625,"comment_status":"closed","ping_status":"closed","template":"","meta":[],"product_cat":[151,139,143,168,140,65],"product_tag":[],"yoast_head":"<!-- This site is optimized with the Yoast SEO plugin v14.4.1 - https:\/\/yoast.com\/wordpress\/plugins\/seo\/ -->\n<title>H\u1ed9p che n\u01b0\u1edbc vu\u00f4ng ROSSI - ROSSI VI\u1ec6T NAM | Thi\u1ebft b\u1ecb \u0111i\u1ec7n cao c\u1ea5p<\/title>\n<meta name=\"robots\" content=\"index, follow\" \/>\n<meta name=\"googlebot\" content=\"index, follow, max-snippet:-1, max-image-preview:large, max-video-preview:-1\" \/>\n<meta name=\"bingbot\" content=\"index, follow, max-snippet:-1, max-image-preview:large, max-video-preview:-1\" \/>\n<link rel=\"canonical\" href=\"https:\/\/rossivietnam.com.vn\/product\/mat-che-nuoc-hinh-vuong\/\" \/>\n<meta property=\"og:locale\" content=\"en_US\" \/>\n<meta property=\"og:type\" content=\"article\" \/>\n<meta property=\"og:title\" content=\"H\u1ed9p che n\u01b0\u1edbc vu\u00f4ng ROSSI - ROSSI VI\u1ec6T NAM | Thi\u1ebft b\u1ecb \u0111i\u1ec7n cao c\u1ea5p\" \/>\n<meta property=\"og:description\" content=\"[:en]Thi\u1ebft b\u1ecb \u0111i\u1ec7n cao c\u1ea5p ROSSI:  \u00a0 \u00a0* Ch\u1ea5t li\u1ec7u m\u1eb7t: Nh\u1ef1a Polycarbonate - PC ch\u1ed1ng ch\u00e1y  \u00a0 \u00a0* \u0110\u1ebf th\u00e9p s\u01a1n t\u0129nh \u0111i\u1ec7n d\u1ea7y 1.2mm  \u00a0 \u00a0* B\u1ea3o h\u00e0nh 15 n\u0103m k\u1ebft c\u1ea5u, 36 th\u00e1ng linh ki\u1ec7n  \u00a0 \u00a0* M\u00e0u s\u1eafc: M\u00e0u tr\u1eafng  \u00a0 \u00a0* S\u1eed d\u1ee5ng trong d\u00e2n d\u1ee5ng  \u00a0 \u00a0* S\u1eed d\u1ee5ng \u0111\u1ebf \u00e2m vu\u00f4ng th\u00f4ng d\u1ee5ng  Ph\u00f9 h\u1ee3p v\u1edbi c\u00e1c c\u00f4ng tr\u00ecnh cao c\u1ea5p \u2013 hi\u1ec7n \u0111\u1ea1i, bi\u1ec7t th\u01b0 sang, Kh\u00e1ch s\u1ea1n, Resort cao c\u1ea5p\u2026  S\u1ea3n ph\u1ea9m li\u00ean doanh h\u1ee3p t\u00e1c c\u1ee7a c\u00e1c chuy\u00ean gia h\u00e0ng \u0111\u1ea7u th\u1ebf gi\u1edbi v\u1ec1 thi\u1ebft b\u1ecb \u0111i\u1ec7n.  \u0110\u1ec3 bi\u1ebft th\u00eam chi ti\u1ebft li\u00ean h\u1ec7: http:www.rossivietnam.com.vn Th\u00f4ng s\u1ed1 k\u1ef9 thu\u1eadt v\u00e0 c\u00e1c t\u00ednh n\u0103ng s\u1ea3n ph\u1ea9m [:vi]Thi\u1ebft b\u1ecb \u0111i\u1ec7n cao c\u1ea5p ARTDNA D\u00f2ng s\u1ea3n ph\u1ea9m H\u1ea1t v\u00e0 m\u1eb7t A77 - A78 cao c\u1ea5p Ch\u1ea5t li\u1ec7u cao c\u1ea5p: M\u1eb7t nh\u1ef1a - M\u1eb7t k\u00ednh - M\u1eb7t nh\u00f4m\/Aluminium - M\u1eb7t Inox SUS304 - M\u1eb7t Lamimate v\u1edbi \u0111\u1ec1 th\u00e9p vu\u00f4ng day 1.2mm v\u00e0 h\u1ea1t nh\u1ef1a PC ch\u1ed1ng ch\u00e1y B\u1ea3o h\u00e0nh 12 n\u0103m Th\u01b0\u01a1ng hi\u1ec7u ArtDNA C\u00f4ng ngh\u1ec7\/ v\u1eadt li\u1ec7u GERMANY Phong c\u00e1ch: Hi\u1ec7n \u0111\u1ea1i \u2013 Cao c\u1ea5p Ki\u1ec3u l\u1eafp gh\u00e9p: C\u1ed1 \u0111\u1ecbnh Ph\u00f9 h\u1ee3p v\u1edbi c\u00e1c c\u00f4ng tr\u00ecnh cao c\u1ea5p \u2013 hi\u1ec7n \u0111\u1ea1i, bi\u1ec7t th\u01b0 sang, Kh\u00e1ch s\u1ea1n, Resort cao c\u1ea5p\u2026 K\u00edch th\u01b0\u1edbc m\u1eb7t l\u00e0 86*86mm\u00a0 s\u1eed d\u1ee5ng \u0111\u1ebf \u00e2m ti\u00eau chu\u1ea9n.  Video s\u1ea3n ph\u1ea9m:\u00a0https:\/\/www.youtube.com\/watch?v=hs8gs5hn5oA  1 \u2013 C\u00c2\u0301U TA\u0323O SA\u0309N PH\u00c2\u0309M VA\u0300 V\u00c2\u0323T LI\u00ca\u0323U S\u01af\u0309 DU\u0323NG    2- \u0110\u0102\u0323C TI\u0301NH CU\u0309A SA\u0309N PH\u00c2\u0309M      &nbsp;[:]\" \/>\n<meta property=\"og:url\" content=\"https:\/\/rossivietnam.com.vn\/product\/mat-che-nuoc-hinh-vuong\/\" \/>\n<meta property=\"og:site_name\" content=\"ROSSI VI\u1ec6T NAM | Thi\u1ebft b\u1ecb \u0111i\u1ec7n cao c\u1ea5p\" \/>\n<meta property=\"article:modified_time\" content=\"2023-08-28T04:11:43+00:00\" \/>\n<meta property=\"og:image\" content=\"https:\/\/rossivietnam.com.vn\/wp-content\/uploads\/2022\/03\/WP86.png\" \/>\n\t<meta property=\"og:image:width\" content=\"1000\" \/>\n\t<meta property=\"og:image:height\" content=\"1000\" \/>\n<meta name=\"twitter:card\" content=\"summary\" \/>\n<script type=\"application\/ld+json\" class=\"yoast-schema-graph\">{\"@context\":\"https:\/\/schema.org\",\"@graph\":[{\"@type\":\"WebSite\",\"@id\":\"https:\/\/rossivietnam.com.vn\/en\/#website\",\"url\":\"https:\/\/rossivietnam.com.vn\/en\/\",\"name\":\"ROSSI VI\\u1ec6T NAM | Thi\\u1ebft b\\u1ecb \\u0111i\\u1ec7n cao c\\u1ea5p\",\"description\":\"ROSSI | Thi\\u1ebft b\\u1ecb \\u0111i\\u1ec7n cao c\\u1ea5p\",\"potentialAction\":[{\"@type\":\"SearchAction\",\"target\":\"https:\/\/rossivietnam.com.vn\/en\/?s={search_term_string}\",\"query-input\":\"required name=search_term_string\"}],\"inLanguage\":\"en-US\"},{\"@type\":\"ImageObject\",\"@id\":\"https:\/\/rossivietnam.com.vn\/product\/mat-che-nuoc-hinh-vuong\/#primaryimage\",\"inLanguage\":\"en-US\",\"url\":\"https:\/\/rossivietnam.com.vn\/wp-content\/uploads\/2022\/03\/WP86.png\",\"width\":1000,\"height\":1000},{\"@type\":\"WebPage\",\"@id\":\"https:\/\/rossivietnam.com.vn\/product\/mat-che-nuoc-hinh-vuong\/#webpage\",\"url\":\"https:\/\/rossivietnam.com.vn\/product\/mat-che-nuoc-hinh-vuong\/\",\"name\":\"H\\u1ed9p che n\\u01b0\\u1edbc vu\\u00f4ng ROSSI - ROSSI VI\\u1ec6T NAM | Thi\\u1ebft b\\u1ecb \\u0111i\\u1ec7n cao c\\u1ea5p\",\"isPartOf\":{\"@id\":\"https:\/\/rossivietnam.com.vn\/en\/#website\"},\"primaryImageOfPage\":{\"@id\":\"https:\/\/rossivietnam.com.vn\/product\/mat-che-nuoc-hinh-vuong\/#primaryimage\"},\"datePublished\":\"2022-03-10T08:02:14+00:00\",\"dateModified\":\"2023-08-28T04:11:43+00:00\",\"breadcrumb\":{\"@id\":\"https:\/\/rossivietnam.com.vn\/product\/mat-che-nuoc-hinh-vuong\/#breadcrumb\"},\"inLanguage\":\"en-US\",\"potentialAction\":[{\"@type\":\"ReadAction\",\"target\":[\"https:\/\/rossivietnam.com.vn\/product\/mat-che-nuoc-hinh-vuong\/\"]}]},{\"@type\":\"BreadcrumbList\",\"@id\":\"https:\/\/rossivietnam.com.vn\/product\/mat-che-nuoc-hinh-vuong\/#breadcrumb\",\"itemListElement\":[{\"@type\":\"ListItem\",\"position\":1,\"item\":{\"@type\":\"WebPage\",\"@id\":\"http:\/\/rossivietnam.com.vn\/\",\"url\":\"http:\/\/rossivietnam.com.vn\/\",\"name\":\"Home\"}},{\"@type\":\"ListItem\",\"position\":2,\"item\":{\"@type\":\"WebPage\",\"@id\":\"http:\/\/rossivietnam.com.vn\/products\/\",\"url\":\"http:\/\/rossivietnam.com.vn\/products\/\",\"name\":\"C\\u1eeda h\\u00e0ng\"}},{\"@type\":\"ListItem\",\"position\":3,\"item\":{\"@type\":\"WebPage\",\"@id\":\"https:\/\/rossivietnam.com.vn\/product\/mat-che-nuoc-hinh-vuong\/\",\"url\":\"https:\/\/rossivietnam.com.vn\/product\/mat-che-nuoc-hinh-vuong\/\",\"name\":\"H\\u1ed9p che n\\u01b0\\u1edbc vu\\u00f4ng ROSSI\"}}]}]}<\/script>\n<!-- \/ Yoast SEO plugin. -->","_links":{"self":[{"href":"https:\/\/rossivietnam.com.vn\/en\/wp-json\/wp\/v2\/product\/2878"}],"collection":[{"href":"https:\/\/rossivietnam.com.vn\/en\/wp-json\/wp\/v2\/product"}],"about":[{"href":"https:\/\/rossivietnam.com.vn\/en\/wp-json\/wp\/v2\/types\/product"}],"replies":[{"embeddable":true,"href":"https:\/\/rossivietnam.com.vn\/en\/wp-json\/wp\/v2\/comments?post=2878"}],"wp:featuredmedia":[{"embeddable":true,"href":"https:\/\/rossivietnam.com.vn\/en\/wp-json\/wp\/v2\/media\/3625"}],"wp:attachment":[{"href":"https:\/\/rossivietnam.com.vn\/en\/wp-json\/wp\/v2\/media?parent=2878"}],"wp:term":[{"taxonomy":"product_cat","embeddable":true,"href":"https:\/\/rossivietnam.com.vn\/en\/wp-json\/wp\/v2\/product_cat?post=2878"},{"taxonomy":"product_tag","embeddable":true,"href":"https:\/\/rossivietnam.com.vn\/en\/wp-json\/wp\/v2\/product_tag?post=2878"}],"curies":[{"name":"wp","href":"https:\/\/api.w.org\/{rel}","templated":true}]}}