{"id":1297,"date":"2022-03-09T15:33:32","date_gmt":"2022-03-09T08:33:32","guid":{"rendered":"http:\/\/rossivietnam.com.vn\/?post_type=product&#038;p=1297"},"modified":"2023-04-21T16:24:57","modified_gmt":"2023-04-21T09:24:57","slug":"o-cam-am-san-artdna-mau-vang","status":"publish","type":"product","link":"https:\/\/rossivietnam.com.vn\/en\/product\/o-cam-am-san-artdna-mau-vang\/","title":{"rendered":"\u1ed4 c\u1eafm \u00e2m s\u00e0n INOX v\u00e0ng"},"content":{"rendered":"<p><strong>\u1ed4 c\u1eafm \u00e2m s\u00e0n\u00a0<\/strong><\/p>\n<ul style=\"list-style-type: circle;\">\n<li>Ch\u1ea5t li\u1ec7u inox m\u1eb7t ph\u1ee7: SUS304 si\u00eau b\u1ec1n<\/li>\n<li>Khung \u0111\u1ebf th\u00e9p h\u1ee3p kim ch\u1ed1ng g\u1ec9<\/li>\n<li>B\u1ec1 m\u1eb7t m\u00e0u v\u00e0ng &#8211; s\u1eed d\u1ee5ng c\u00f4ng ngh\u1ec7 ph\u1ee7 m\u00e0u titan b\u1ec1n l\u00e2u<\/li>\n<li>\u1ed4 c\u1eafm \u0111a n\u0103ng ho\u1eb7c k\u1ebft h\u1ee3p theo module<\/li>\n<li>L\u1eafp \u0111\u1eb7t d\u1ec5 d\u00e0ng<\/li>\n<li>An to\u00e0n khi s\u1eed d\u1ee5ng<\/li>\n<\/ul>\n","protected":false},"excerpt":{"rendered":"<p>\u1ed4 c\u1eafm \u00e2m s\u00e0n<\/p>\n<p><span style=\"color: #005000;\">L\u1eafp d\u01b0\u1edbi s\u00e0n, ch\u1ed1ng n\u01b0\u1edbc<\/span><\/p>\n<p><span style=\"color: #005000;\">N\u1eafp m\u1edf \u00eam nh\u1eb9 nh\u00e0ng<\/span><\/p>\n<p><span style=\"color: #005000;\">Ch\u1ea5t li\u1ec7u \u0111\u1ed3ng m\u00e0u v\u00e0ng cao c\u1ea5p<\/span><\/p>\n<p><span style=\"color: #005000;\">\u0110\u1ebf \u00e2m b\u1eb1ng th\u00e9p ch\u1ecbu l\u1ef1c cao<\/span><\/p>\n<p><span style=\"color: #005000;\">\u0110\u00f3ng m\u1edf d\u1ec5 d\u00e0ng<\/span><\/p>\n<p><span style=\"color: #005000;\">B\u1ea3o h\u00e0nh 02 n\u0103m<\/span><\/p>\n","protected":false},"featured_media":4756,"comment_status":"closed","ping_status":"closed","template":"","meta":[],"product_cat":[152],"product_tag":[],"yoast_head":"<!-- This site is optimized with the Yoast SEO plugin v14.4.1 - https:\/\/yoast.com\/wordpress\/plugins\/seo\/ -->\n<title>\u1ed4 c\u1eafm \u00e2m s\u00e0n INOX v\u00e0ng - ROSSI VI\u1ec6T NAM | Thi\u1ebft b\u1ecb \u0111i\u1ec7n cao c\u1ea5p<\/title>\n<meta name=\"robots\" content=\"index, follow\" \/>\n<meta name=\"googlebot\" content=\"index, follow, max-snippet:-1, max-image-preview:large, max-video-preview:-1\" \/>\n<meta name=\"bingbot\" content=\"index, follow, max-snippet:-1, max-image-preview:large, max-video-preview:-1\" \/>\n<link rel=\"canonical\" href=\"https:\/\/rossivietnam.com.vn\/product\/o-cam-am-san-artdna-mau-vang\/\" \/>\n<meta property=\"og:locale\" content=\"en_US\" \/>\n<meta property=\"og:type\" content=\"article\" \/>\n<meta property=\"og:title\" content=\"\u1ed4 c\u1eafm \u00e2m s\u00e0n INOX v\u00e0ng - ROSSI VI\u1ec6T NAM | Thi\u1ebft b\u1ecb \u0111i\u1ec7n cao c\u1ea5p\" \/>\n<meta property=\"og:description\" content=\"[:en]\u1ed4 c\u1eafm \u00e2m s\u00e0n  L\u1eafp d\u01b0\u1edbi s\u00e0n, ch\u1ed1ng n\u01b0\u1edbc  N\u1eafp m\u1edf \u00eam nh\u1eb9 nh\u00e0ng  Ch\u1ea5t li\u1ec7u \u0111\u1ed3ng m\u00e0u v\u00e0ng cao c\u1ea5p  \u0110\u1ebf \u00e2m b\u1eb1ng th\u00e9p ch\u1ecbu l\u1ef1c cao  \u0110\u00f3ng m\u1edf d\u1ec5 d\u00e0ng  B\u1ea3o h\u00e0nh 02 n\u0103m[:vi]\u1ed4 c\u1eafm \u00e2m s\u00e0n\u00a0   Ch\u1ea5t li\u1ec7u inox m\u1eb7t ph\u1ee7: SUS304 si\u00eau b\u1ec1n  Khung \u0111\u1ebf th\u00e9p h\u1ee3p kim ch\u1ed1ng g\u1ec9  B\u1ec1 m\u1eb7t m\u00e0u v\u00e0ng - s\u1eed d\u1ee5ng c\u00f4ng ngh\u1ec7 ph\u1ee7 m\u00e0u titan b\u1ec1n l\u00e2u  \u1ed4 c\u1eafm \u0111a n\u0103ng ho\u1eb7c k\u1ebft h\u1ee3p theo module  L\u1eafp \u0111\u1eb7t d\u1ec5 d\u00e0ng  An to\u00e0n khi s\u1eed d\u1ee5ng    [:]\" \/>\n<meta property=\"og:url\" content=\"https:\/\/rossivietnam.com.vn\/product\/o-cam-am-san-artdna-mau-vang\/\" \/>\n<meta property=\"og:site_name\" content=\"ROSSI VI\u1ec6T NAM | Thi\u1ebft b\u1ecb \u0111i\u1ec7n cao c\u1ea5p\" \/>\n<meta property=\"article:modified_time\" content=\"2023-04-21T09:24:57+00:00\" \/>\n<meta property=\"og:image\" content=\"https:\/\/rossivietnam.com.vn\/wp-content\/uploads\/2022\/03\/Am-san-2.png\" \/>\n\t<meta property=\"og:image:width\" content=\"1000\" \/>\n\t<meta property=\"og:image:height\" content=\"1000\" \/>\n<meta name=\"twitter:card\" content=\"summary\" \/>\n<script type=\"application\/ld+json\" class=\"yoast-schema-graph\">{\"@context\":\"https:\/\/schema.org\",\"@graph\":[{\"@type\":\"WebSite\",\"@id\":\"https:\/\/rossivietnam.com.vn\/en\/#website\",\"url\":\"https:\/\/rossivietnam.com.vn\/en\/\",\"name\":\"ROSSI VI\\u1ec6T NAM | Thi\\u1ebft b\\u1ecb \\u0111i\\u1ec7n cao c\\u1ea5p\",\"description\":\"ROSSI | Thi\\u1ebft b\\u1ecb \\u0111i\\u1ec7n cao c\\u1ea5p\",\"potentialAction\":[{\"@type\":\"SearchAction\",\"target\":\"https:\/\/rossivietnam.com.vn\/en\/?s={search_term_string}\",\"query-input\":\"required name=search_term_string\"}],\"inLanguage\":\"en-US\"},{\"@type\":\"ImageObject\",\"@id\":\"https:\/\/rossivietnam.com.vn\/product\/o-cam-am-san-artdna-mau-vang\/#primaryimage\",\"inLanguage\":\"en-US\",\"url\":\"https:\/\/rossivietnam.com.vn\/wp-content\/uploads\/2022\/03\/Am-san-2.png\",\"width\":1000,\"height\":1000},{\"@type\":\"WebPage\",\"@id\":\"https:\/\/rossivietnam.com.vn\/product\/o-cam-am-san-artdna-mau-vang\/#webpage\",\"url\":\"https:\/\/rossivietnam.com.vn\/product\/o-cam-am-san-artdna-mau-vang\/\",\"name\":\"\\u1ed4 c\\u1eafm \\u00e2m s\\u00e0n INOX v\\u00e0ng - ROSSI VI\\u1ec6T NAM | Thi\\u1ebft b\\u1ecb \\u0111i\\u1ec7n cao c\\u1ea5p\",\"isPartOf\":{\"@id\":\"https:\/\/rossivietnam.com.vn\/en\/#website\"},\"primaryImageOfPage\":{\"@id\":\"https:\/\/rossivietnam.com.vn\/product\/o-cam-am-san-artdna-mau-vang\/#primaryimage\"},\"datePublished\":\"2022-03-09T08:33:32+00:00\",\"dateModified\":\"2023-04-21T09:24:57+00:00\",\"breadcrumb\":{\"@id\":\"https:\/\/rossivietnam.com.vn\/product\/o-cam-am-san-artdna-mau-vang\/#breadcrumb\"},\"inLanguage\":\"en-US\",\"potentialAction\":[{\"@type\":\"ReadAction\",\"target\":[\"https:\/\/rossivietnam.com.vn\/product\/o-cam-am-san-artdna-mau-vang\/\"]}]},{\"@type\":\"BreadcrumbList\",\"@id\":\"https:\/\/rossivietnam.com.vn\/product\/o-cam-am-san-artdna-mau-vang\/#breadcrumb\",\"itemListElement\":[{\"@type\":\"ListItem\",\"position\":1,\"item\":{\"@type\":\"WebPage\",\"@id\":\"http:\/\/rossivietnam.com.vn\/\",\"url\":\"http:\/\/rossivietnam.com.vn\/\",\"name\":\"Home\"}},{\"@type\":\"ListItem\",\"position\":2,\"item\":{\"@type\":\"WebPage\",\"@id\":\"http:\/\/rossivietnam.com.vn\/products\/\",\"url\":\"http:\/\/rossivietnam.com.vn\/products\/\",\"name\":\"C\\u1eeda h\\u00e0ng\"}},{\"@type\":\"ListItem\",\"position\":3,\"item\":{\"@type\":\"WebPage\",\"@id\":\"https:\/\/rossivietnam.com.vn\/product\/o-cam-am-san-artdna-mau-vang\/\",\"url\":\"https:\/\/rossivietnam.com.vn\/product\/o-cam-am-san-artdna-mau-vang\/\",\"name\":\"\\u1ed4 c\\u1eafm \\u00e2m s\\u00e0n INOX v\\u00e0ng\"}}]}]}<\/script>\n<!-- \/ Yoast SEO plugin. -->","_links":{"self":[{"href":"https:\/\/rossivietnam.com.vn\/en\/wp-json\/wp\/v2\/product\/1297"}],"collection":[{"href":"https:\/\/rossivietnam.com.vn\/en\/wp-json\/wp\/v2\/product"}],"about":[{"href":"https:\/\/rossivietnam.com.vn\/en\/wp-json\/wp\/v2\/types\/product"}],"replies":[{"embeddable":true,"href":"https:\/\/rossivietnam.com.vn\/en\/wp-json\/wp\/v2\/comments?post=1297"}],"wp:featuredmedia":[{"embeddable":true,"href":"https:\/\/rossivietnam.com.vn\/en\/wp-json\/wp\/v2\/media\/4756"}],"wp:attachment":[{"href":"https:\/\/rossivietnam.com.vn\/en\/wp-json\/wp\/v2\/media?parent=1297"}],"wp:term":[{"taxonomy":"product_cat","embeddable":true,"href":"https:\/\/rossivietnam.com.vn\/en\/wp-json\/wp\/v2\/product_cat?post=1297"},{"taxonomy":"product_tag","embeddable":true,"href":"https:\/\/rossivietnam.com.vn\/en\/wp-json\/wp\/v2\/product_tag?post=1297"}],"curies":[{"name":"wp","href":"https:\/\/api.w.org\/{rel}","templated":true}]}}