{"id":813,"date":"2022-01-06T14:40:56","date_gmt":"2022-01-06T07:40:56","guid":{"rendered":"http:\/\/rossivietnam.com.vn\/?page_id=813"},"modified":"2023-05-23T21:16:22","modified_gmt":"2023-05-23T14:16:22","slug":"thong-tin-ve-cong-ty","status":"publish","type":"page","link":"https:\/\/rossivietnam.com.vn\/en\/thong-tin-ve-cong-ty\/","title":{"rendered":"INFORMATION ROSSI"},"content":{"rendered":"<p style=\"text-align: left;\"><span style=\"color: #ff0000;\"><strong>TH\u00d4NG TIN V\u1ec0 C\u00d4NG TY<\/strong><\/span><\/p>\n<p>C\u00f4ng ty c\u1ed5 ph\u1ea7n ROSSI Vi\u1ec7t Nam \u0111\u01b0\u1ee3c th\u00e0nh l\u1eadp d\u1ef1a tr\u00ean s\u1ef1 h\u1ee3p t\u00e1c v\u1ec1 c\u00f4ng ngh\u1ec7 gi\u1eefa ROSSI VIETNAM JSC v\u1edbi c\u00e1c \u0111\u1ed1i t\u00e1c h\u00e0ng \u0111\u1ea7u th\u1ebf gi\u1edbi trong l\u0129nh v\u1ef1c s\u1ea3n xu\u1ea5t c\u00f4ng t\u1eafc, \u1ed5 c\u1eafm \u0111i\u1ec7n GAMDER Electric LTD sau 3 n\u0103m li\u00ean k\u1ebft h\u1ee3p t\u00e1c v\u00e0 chuy\u1ec3n giao c\u00f4ng ngh\u1ec7<\/p>\n<ul style=\"list-style-type: square;\">\n<li>T\u00ean ph\u00e1p nh\u00e2n: C\u00f4ng ty C\u1ed5 ph\u1ea7n ROSSI Vi\u1ec7t Nam<\/li>\n<li>MST: 0317723431<\/li>\n<li>T\u00ean vi\u1ebft t\u1eaft\/giao d\u1ecbch: ROSSI VIETNAM JSC<\/li>\n<li>Tr\u1ee5 s\u1edf: No 426\/72\/7, \u0110\u01b0\u1eddng 1590 Khu Ph\u1ed1 Tr\u01b0\u1eddng L\u01b0u, Th\u00e0nh Ph\u1ed1 Th\u1ee7 \u0110\u1ee9c, Th\u00e0nh Ph\u1ed1 H\u1ed3 Ch\u00ed Minh<\/li>\n<\/ul>\n<p>Ch\u00fang t\u00f4i t\u1eadp trung x\u00e2y d\u1ef1ng 3 \u0111i\u1ec3m ph\u00e2n ph\u1ed1i h\u00e0ng ho\u00e1 t\u1ea1i 3 mi\u1ec1n c\u1ee7a Vi\u1ec7t Nam: H\u00e0 N\u1ed9i, \u0110\u00e0 N\u1eb5ng v\u00e0 H\u1ed3 Ch\u00ed Minh nh\u1eb1m \u0111\u00e1p \u1ee9ng nhu c\u1ea7u h\u00e0ng ho\u00e1 c\u0169ng nh\u01b0 d\u1ecbch v\u1ee5 sau b\u00e1n h\u00e0ng<\/p>\n<p><span style=\"color: #ff0000;\"><strong>\u0110\u1ecaNH H\u01af\u1edaNG PH\u00c1T TRI\u1ec2N S\u1ea2N PH\u1ea8M<\/strong><\/span><\/p>\n<p>Thi\u1ebft b\u1ecb \u0111i\u1ec7n th\u01b0\u01a1ng hi\u1ec7u ROSSI l\u00e0 d\u00f2ng s\u1ea3n ph\u1ea9m cao c\u1ea5p, l\u00e0 s\u1ef1 h\u1ee3p t\u00e1c, li\u00ean doanh gi\u1eefa Vi\u1ec7t Nam v\u00e0 Chuy\u00ean gia h\u00e0ng \u0111\u1ea7u th\u1ebf gi\u1edbi trong l\u0129nh v\u1ef1c thi\u1ebft b\u1ecb \u0111i\u1ec7n. \u0110\u01b0\u1ee3c chuy\u1ec3n giao c\u00f4ng ngh\u1ec7 v\u00e0 x\u00e2y d\u1ef1ng t\u1eeb c\u00e1c chu\u1ea9n m\u1ef1c ti\u00eau chu\u1ea9n an to\u00e0n Qu\u1ed1c t\u1ebf IEC h\u01b0\u1edbng \u0111\u1ebfn GERMAN STANDARD \u2013 Ti\u00eau chu\u1ea9n \u0110\u1ee9c.<\/p>\n<p>V\u1edbi tr\u00ean 10 d\u00f2ng s\u1ea3n ph\u1ea9m ch\u1ea5t l\u01b0\u1ee3ng cao \u0111\u01b0\u1ee3c thi\u1ebft k\u1ebf theo c\u00e1c chu\u1ea9n m\u1ef1c, ti\u00eau chu\u1ea9n k\u1ebft h\u1ee3p v\u1edbi c\u00e1c v\u1eadt li\u1ec7u cao c\u1ea5p nh\u01b0:<\/p>\n<ul>\n<li>Nh\u1ef1a PC \u2013 Polycarbonate ch\u1ed1ng ch\u00e1y, ch\u1ecbu nhi\u1ec7t \u0111\u1ed9 cao, (Nh\u1ef1a Polycarbonate \u0111\u01b0\u1ee3c nghi\u00ean c\u1ee9u v\u00e0 s\u1ea3n xu\u1ea5t c\u1ee7a hang Bayer \u2013 c\u1ed9ng ho\u00e0 li\u00ean bang \u0110\u1ee9c)<\/li>\n<li>V\u1eadt li\u1ec7u th\u00e9p kh\u00f4ng g\u1ec9 SUS304 si\u00eau b\u1ec1n cho d\u00f2ng s\u1ea3n ph\u1ea9m R70 \u0111\u1ea3o b\u1ea3n b\u1ec1n \u0111\u1eb9p v\u0129nh c\u1eedu<\/li>\n<li>\u0110\u1ebf th\u00e9p s\u01a1n t\u0129nh \u0111i\u1ec7n cao c\u1ea5p \u2013 \u0110i\u1ec3m kh\u00e1c bi\u1ec7t so v\u1edbi c\u00e1c thi\u1ebft b\u1ecb hi\u1ec7n nay tr\u00ean th\u1ecb tr\u01b0\u1eddng \u0111\u1ea3m b\u1ea3o s\u1ea3n ph\u1ea9m s\u1eed d\u1ee5ng b\u1ec1n b\u1ec9 tr\u00ean 25 n\u0103m.<\/li>\n<li>C\u00f4ng ngh\u1ec7 s\u01a1n 3 l\u1edbp t\u1ea1o b\u1ec1 m\u1eb7t b\u00f3ng \u0111\u1eb9p, ph\u1ee7 \u00e1nh kim v\u00e0 ph\u1ee7 b\u00f3ng k\u1ebft h\u1ee3p \u00e1nh kim<\/li>\n<li>Ch\u00fang t\u00f4i lu\u00f4n tu\u00e2n th\u1ee7 ti\u00eau chu\u1ea9n IEC \u2013 Ti\u00eau chu\u1ea9n qu\u1ed1c t\u1ebf v\u1ec1 thi\u1ebft b\u1ecb \u0111i\u1ec7n \u0111\u1ea3m b\u1ea3o an to\u00e0n khi s\u1eed d\u1ee5ng v\u00e0 ph\u00f9 h\u1ee3p v\u1edbi c\u00e1c ti\u00eau chu\u1ea9n an to\u00e0n c\u1ee7a Vi\u1ec7t nam<\/li>\n<li>V\u1edbi \u0111\u1ed9i ng\u0169 k\u1ef9 s\u01b0 thi\u1ebft k\u1ebf k\u1ef9 thu\u1eadt c\u00f9ng v\u1edbi c\u00e1c chuy\u00ean gia h\u00e0ng \u0111\u1ea7u th\u1ebf gi\u1edbi v\u1ec1 thi\u1ebft k\u1ebf m\u1ef9 thu\u1eadt c\u1ee7a Anh Qu\u1ed1c \u0111\u00e3 t\u1ea1o n\u00ean c\u00e1c d\u00f2ng s\u1ea3n ph\u1ea9m v\u1eeba an to\u00e0n, b\u1ec1n \u0111\u1eb9p v\u00e0 c\u00f3 t\u00ednh k\u1ef9 thu\u1eadt, th\u1ea9m m\u1ef9 cao.<\/li>\n<\/ul>\n<p>C\u00e1c d\u00f2ng s\u1ea3n ph\u1ea9m ROSSI\u00a0 lu\u00f4n \u0111\u00e1p \u1ee9ng cho m\u1ecdi c\u00f4ng tr\u00ecnh d\u00e2n d\u1ee5ng nh\u01b0: Bi\u1ec7t th\u1ef1, nh\u00e0 ph\u1ed1, nh\u00e0 \u1edf d\u00e2n d\u1ee5ng, v\u0103n ph\u00f2ng, kh\u00e1ch s\u1ea1n, resort.<\/p>\n<p>Nh\u1eb1m \u0111\u00e1p \u1ee9ng c\u00e1c y\u00eau c\u1ea7u kh\u1eaft khe t\u1eeb qu\u00ed kh\u00e1ch h\u00e0ng ch\u00fang t\u00f4i li\u00ean t\u1ee5c c\u1ea3i ti\u1ebfn \u0111\u1ec3 n\u00e2ng cao ch\u1ea5t l\u01b0\u1ee3ng c\u0169ng nh\u01b0 v\u1ecb th\u1ebf c\u1ee7a th\u01b0\u01a1ng hi\u1ec7u ROSSI tr\u00ean th\u1ecb tr\u01b0\u1eddng Vi\u1ec7t Nam v\u00e0 Qu\u1ed1c T\u1ebf. ROSSI kh\u00f4ng ch\u1ec9 ph\u1ee5c v\u1ee5 kh\u00e1ch h\u00e0ng trong n\u01b0\u1edbc ch\u00fang t\u00f4i c\u00f2n h\u01b0\u1edbng \u0111\u1ebfn xu\u1ea5t kh\u1ea9u t\u1edbi c\u00e1c th\u1ecb tr\u01b0\u1eddng kh\u00f3 t\u00ednh nh\u01b0: C\u00e1c n\u01b0\u1edbc trong khu v\u1ef1c Ch\u00e2u \u00c1, Ch\u00e2u \u00c2u, Ch\u00e2u \u00dac<\/p>\n<p>Ch\u00fang t\u00f4i mong mu\u1ed1n c\u00f3 c\u01a1 h\u1ed9i h\u1ee3p t\u00e1c v\u1edbi Qu\u00fd kh\u00e1ch h\u00e0ng, Qu\u00fd \u0111\u1ed1i t\u00e1c \u0111\u1ec3 c\u00f9ng n\u1eafm b\u1eaft c\u01a1 h\u1ed9i, t\u1ea1o ra nh\u1eefng gi\u00e1 tr\u1ecb\u00a0 v\u00e0 th\u00e0nh c\u00f4ng m\u1edbi \u0111\u1ec3 h\u01b0\u1edbng t\u1edbi m\u1ed9t cu\u1ed9c s\u1ed1ng ti\u1ec7n nghi, an to\u00e0n, th\u00e2n thi\u1ec7n c\u00f9ng nh\u01b0 c\u00f9ng ph\u00e1t tri\u1ec3n.<\/p>\n<p><strong>Hi\u1ec7n nay ch\u00fang t\u00f4i \u0111ang h\u1ee3p t\u00e1c \u0111\u1ec3 nh\u1eadp kh\u1ea9u t\u1eeb c\u00e1c \u0111\u1ed1i t\u00e1c h\u00e0ng \u0111\u1ea7u th\u1ebf gi\u1edbi cho s\u1ea3n ph\u1ea9m ROSSI<\/strong><\/p>\n<ul style=\"list-style-type: square;\">\n<li>Nh\u00e0 m\u00e1y\/ Nh\u00e0 cung c\u1ea5p: ZHONGSHAN QUANGQIN TRADE CO., LTD ( l\u00e0 \u0111\u01a1n v\u1ecb thu\u1ed9c Zhongshan GAMDER Electric LTD)<\/li>\n<li>\u0110\u1ecba ch\u1ec9: 3\/F., BLD 1 No 10 SHENGPING RD. M. XIAOLAN, ZHONGSHAN GUANGDONG, PROV., CHINA<\/li>\n<\/ul>\n<p><span style=\"color: #ff0000;\"><strong>TH\u01af\u01a0NG HI\u1ec6U ROSSI<\/strong><\/span><\/p>\n<p><strong>ROSSI<\/strong> \u0111\u01b0\u1ee3c l\u1ea5y t\u1eeb ngh\u0129a c\u1ee7a t\u1eeb <strong>&#8220;SILVER&#8221;<\/strong> &amp; <strong>&#8220;ROSE&#8221;<\/strong><\/p>\n<p><strong>DESIGN<\/strong> b\u1edfi c\u00e1c nh\u00e0 thi\u1ebft k\u1ebf \u0111\u1ebfn th\u1eeb Ch\u00e2u \u00c2u mang phong c\u00e1ch\u00a0<strong>Italia<\/strong> &#8211; <strong>Phong c\u00e1ch \u00dd<\/strong><\/p>\n<p><strong>TECHNOLOGY<\/strong>: GAMDER ELECTRICAL s\u1eed d\u1ee5ng c\u00f4ng ngh\u1ec7 GERMANY v\u00e0 \u0111\u1ea1t c\u00e1c ti\u00eau chu\u1ea9n, ch\u1ee9ng nh\u1eadn kh\u1eaft khe tr\u00ean th\u1ebf gi\u1edbi nh\u01b0 IEC, CCC; BASO v\u00e0 \u0111\u00e3 cung c\u1ea5p cho tr\u00ean 60 qu\u1ed1c gia v\u00e0 v\u00f9ng l\u00e3nh th\u1ed5<\/p>\n<p>ROSSI \u0111\u01b0\u1ee3c c\u1ea5p gi\u1ea5y ch\u1ee9ng nh\u1eadn b\u1ea3o h\u1ed9 \u0111\u1ed9c quy\u1ec1n nh\u00e3n hi\u1ec7u<\/p>\n<table style=\"border-collapse: collapse; width: 100%; height: 342px;\">\n<tbody>\n<tr style=\"height: 342px;\">\n<td style=\"width: 50%; height: 342px;\"><img loading=\"lazy\" decoding=\"async\" class=\"aligncenter\" src=\"https:\/\/rossivietnam.com.vn\/wp-content\/uploads\/2023\/02\/ROSSI-logo-for-web-1.png\" alt=\"\" width=\"468\" height=\"167\" \/><\/td>\n<td style=\"width: 50%; height: 342px;\"><img loading=\"lazy\" decoding=\"async\" class=\"aligncenter\" src=\"https:\/\/rossivietnam.com.vn\/wp-content\/uploads\/2023\/04\/nhan-hieu.png\" alt=\"\" width=\"515\" height=\"365\" \/><\/td>\n<\/tr>\n<\/tbody>\n<\/table>\n<p>&nbsp;<\/p>\n<p><strong><span style=\"color: #ff0000;\">B\u1ea2O H\u00c0NH S\u1ea2N PH\u1ea8M<\/span><\/strong><\/p>\n<p>C\u00e1c s\u1ea3n ph\u1ea9m mang th\u01b0\u01a1ng hi\u1ec7u ROSSI \u0111\u01b0\u1ee3c b\u1ea3o h\u00e0nh l\u00ean \u0111\u1ebfn 12 n\u0103m k\u1ebft c\u1ea5u, linh ki\u1ec7n \u0111i\u1ec7n, \u0111i\u1ec7n t\u1eed 36 th\u00e1ng. C\u00e1c s\u1ea3n ph\u1ea9m cung c\u1ea5p ra th\u1ecb tr\u01b0\u1eddng \u0111\u1ec1u \u0111\u01b0\u1ee3c ki\u1ec3m \u0111\u1ecbnh ch\u1eb7t ch\u1ebd v\u00e0 gi\u00e1m s\u00e1t b\u1edfi c\u00e1c chuy\u00ean gia h\u00e0ng \u0111\u1ea7u v\u1ec1 ch\u1ea5t l\u01b0\u1ee3ng<\/p>\n<p>Trung t\u00e2m b\u1ea3o h\u00e0nh s\u1ea3n ph\u1ea9m\u00a0 \u00a0H\u00e0 n\u1ed9i: Ph\u01b0\u1eddng V\u0129nh H\u01b0ng, Qu\u1eadn Ho\u00e0ng Mai H\u00e0 N\u1ed9i<\/p>\n<ul style=\"list-style-type: square;\">\n<li>\u0110\u00e0 N\u1eb5ng: Khu \u0111\u00f4 th\u1ecb C\u00f4ng ngh\u1ec7 FPT \u0110\u00e0 N\u1eb5ng<\/li>\n<li>HCM: Khu \u0111\u00f4 th\u1ecb Centana &#8211; \u0110i\u1ec1n Ph\u00fac Th\u00e0nh KP Tr\u01b0\u1eddng L\u01b0u, Tp Th\u1ee7 \u0110\u1ee9c H\u1ed3 Ch\u00ed Minh<\/li>\n<li>V\u00e0 c\u00e1c h\u1ec7 th\u1ed1ng \u0111\u1ea1i l\u00fd, NPP tr\u00ean to\u00e0n qu\u1ed1c<\/li>\n<li>Email ti\u1ebfp nh\u1eadn: rossivietnam1@gmail.com<\/li>\n<\/ul>\n<p><strong><span style=\"color: #ff0000;\">H\u01af\u1edaNG D\u1eaaN L\u1eaeP \u0110\u1eb6T, S\u1eec D\u1ee4NG<\/span><\/strong><\/p>\n<ul>\n<li>Kh\u00e1ch h\u00e0ng c\u1ea7n c\u00f3 chuy\u00ean m\u00f4n k\u1ef9 thu\u1eadt thi l\u1eafp \u0111\u1eb7t<\/li>\n<li>\u0110\u1ea3m b\u1ea3o ng\u1eaft \u0111i\u1ec7n tr\u01b0\u1edbc \u0111i \u0111\u1ea5u n\u1ed1i<\/li>\n<li>Ki\u1ec3m tra c\u00f4ng su\u1ea5t t\u1ea3i ph\u00f9 h\u1ee3p v\u1edbi c\u00e1c thi\u1ebft b\u1ecb \u0111i\u1ec7n<\/li>\n<li>C\u00f3 ki\u1ebfn th\u1ee9c chuy\u00ean m\u00f4n v\u00e0 thao t\u00e1c theo c\u00e1c ti\u00eau chu\u1ea9n an to\u00e0n c\u1ee7a Vi\u1ec7t nam TCVN v\u00e0 ti\u00eau chu\u1ea9n IEC<\/li>\n<li>Ch\u00fang t\u00f4i kh\u00f4ng ch\u1ecbu b\u1ea5t k\u1ef3 tr\u00e1ch nhi\u1ec7m, tr\u00e1ch nhi\u1ec7m li\u00ean \u0111\u1edbi c\u00f3 li\u00ean quan \u0111\u1ebfn vi\u1ec7c l\u1eafp \u0111\u1eb7t v\u00e0 s\u1eed d\u1ee5ng kh\u00f4ng \u0111\u00fang m\u1ee5c \u0111\u00edch c\u0169ng nh\u01b0 b\u1ea5t k\u1ef3 tr\u00e1ch nhi\u1ec7m v\u1eadt ch\u1ea5t c\u00f3 li\u00ean quan khi l\u1eafp \u0111\u1eb7t s\u1eed d\u1ee5ng.<\/li>\n<li>Qu\u00ed kh\u00e1ch h\u00e0ng l\u1eafp \u0111\u1eb7t theo \u0111\u00fang s\u01a1 \u0111\u1ed3, h\u01b0\u1edbng d\u1eabn c\u1ee7a nh\u00e0 s\u1ea3n xu\u1ea5t<\/li>\n<li>Link s\u01a1 \u0111\u1ed3 l\u1eafp \u0111\u1eb7t cho c\u00e1c d\u00f2ng s\u1ea3n ph\u1ea9m \u0111\u01b0\u1ee3c t\u1ea3i v\u1ec1 t\u1eeb trang h\u1ed7 tr\u1ee3:<\/li>\n<li>https:\/\/rossivietnam.com.vn\/wp-content\/uploads\/2023\/02\/Huong-dan-dau-noi-dong-Vuong-ROSSI.pdf<\/li>\n<li>https:\/\/rossivietnam.com.vn\/wp-content\/uploads\/2023\/02\/Huong-dan-dau-noi-dong-Chu-nhat-ROSSI.pdf<\/li>\n<li>https:\/\/rossivietnam.com.vn\/wp-content\/uploads\/2023\/02\/Tai-lieu-huong-dan-lap-dat-o-cam-am-san-rossi.pdf<\/li>\n<\/ul>\n<p>&nbsp;<\/p>\n","protected":false},"excerpt":{"rendered":"<p>TH\u00d4NG TIN V\u1ec0 C\u00d4NG TY C\u00f4ng ty c\u1ed5 ph\u1ea7n ROSSI Vi\u1ec7t Nam \u0111\u01b0\u1ee3c th\u00e0nh l\u1eadp d\u1ef1a tr\u00ean s\u1ef1 h\u1ee3p t\u00e1c v\u1ec1 c\u00f4ng ngh\u1ec7 gi\u1eefa ROSSI VIETNAM JSC v\u1edbi c\u00e1c \u0111\u1ed1i t\u00e1c h\u00e0ng \u0111\u1ea7u th\u1ebf gi\u1edbi trong l\u0129nh v\u1ef1c s\u1ea3n xu\u1ea5t c\u00f4ng t\u1eafc, \u1ed5 c\u1eafm \u0111i\u1ec7n GAMDER Electric LTD sau 3 n\u0103m li\u00ean k\u1ebft h\u1ee3p t\u00e1c &hellip; <\/p>\n<p class=\"link-more\"><a href=\"https:\/\/rossivietnam.com.vn\/en\/thong-tin-ve-cong-ty\/\" class=\"more-link\">Continue reading<span class=\"screen-reader-text\"> &#8220;INFORMATION ROSSI&#8221;<\/span><\/a><\/p>\n","protected":false},"author":1,"featured_media":0,"parent":0,"menu_order":0,"comment_status":"closed","ping_status":"closed","template":"","meta":{"footnotes":""},"yoast_head":"<!-- This site is optimized with the Yoast SEO plugin v14.4.1 - https:\/\/yoast.com\/wordpress\/plugins\/seo\/ -->\n<title>INFORMATION ROSSI - ROSSI VI\u1ec6T NAM | Thi\u1ebft b\u1ecb \u0111i\u1ec7n cao c\u1ea5p<\/title>\n<meta name=\"robots\" content=\"index, follow\" \/>\n<meta name=\"googlebot\" content=\"index, follow, max-snippet:-1, max-image-preview:large, max-video-preview:-1\" \/>\n<meta name=\"bingbot\" content=\"index, follow, max-snippet:-1, max-image-preview:large, max-video-preview:-1\" \/>\n<link rel=\"canonical\" href=\"https:\/\/rossivietnam.com.vn\/thong-tin-ve-cong-ty\/\" \/>\n<meta property=\"og:locale\" content=\"en_US\" \/>\n<meta property=\"og:type\" content=\"article\" \/>\n<meta property=\"og:title\" content=\"[:en]INFORMATION ROSSI[:vi]Th\u00f4ng tin v\u1ec1 ROSSI[:] - ROSSI VI\u1ec6T NAM | Thi\u1ebft b\u1ecb \u0111i\u1ec7n cao c\u1ea5p\" \/>\n<meta property=\"og:description\" content=\"TH\u00d4NG TIN V\u1ec0 C\u00d4NG TY C\u00f4ng ty c\u1ed5 ph\u1ea7n ROSSI Vi\u1ec7t Nam \u0111\u01b0\u1ee3c th\u00e0nh l\u1eadp d\u1ef1a tr\u00ean s\u1ef1 h\u1ee3p t\u00e1c v\u1ec1 c\u00f4ng ngh\u1ec7 gi\u1eefa ROSSI VIETNAM JSC v\u1edbi c\u00e1c \u0111\u1ed1i t\u00e1c h\u00e0ng \u0111\u1ea7u th\u1ebf gi\u1edbi trong l\u0129nh v\u1ef1c s\u1ea3n xu\u1ea5t c\u00f4ng t\u1eafc, \u1ed5 c\u1eafm \u0111i\u1ec7n GAMDER Electric LTD sau 3 n\u0103m li\u00ean k\u1ebft h\u1ee3p t\u00e1c &hellip; Continue reading &quot;INFORMATION ROSSI&quot;\" \/>\n<meta property=\"og:url\" content=\"https:\/\/rossivietnam.com.vn\/thong-tin-ve-cong-ty\/\" \/>\n<meta property=\"og:site_name\" content=\"ROSSI VI\u1ec6T NAM | Thi\u1ebft b\u1ecb \u0111i\u1ec7n cao c\u1ea5p\" \/>\n<meta property=\"article:modified_time\" content=\"2023-05-23T14:16:22+00:00\" \/>\n<meta property=\"og:image\" content=\"https:\/\/rossivietnam.com.vn\/wp-content\/uploads\/2023\/02\/ROSSI-logo-for-web-1.png\" \/>\n<meta name=\"twitter:card\" content=\"summary\" \/>\n<script type=\"application\/ld+json\" class=\"yoast-schema-graph\">{\"@context\":\"https:\/\/schema.org\",\"@graph\":[{\"@type\":\"WebSite\",\"@id\":\"https:\/\/rossivietnam.com.vn\/en\/#website\",\"url\":\"https:\/\/rossivietnam.com.vn\/en\/\",\"name\":\"ROSSI VI\\u1ec6T NAM | Thi\\u1ebft b\\u1ecb \\u0111i\\u1ec7n cao c\\u1ea5p\",\"description\":\"ROSSI | Thi\\u1ebft b\\u1ecb \\u0111i\\u1ec7n cao c\\u1ea5p\",\"potentialAction\":[{\"@type\":\"SearchAction\",\"target\":\"https:\/\/rossivietnam.com.vn\/en\/?s={search_term_string}\",\"query-input\":\"required name=search_term_string\"}],\"inLanguage\":\"en-US\"},{\"@type\":\"ImageObject\",\"@id\":\"https:\/\/rossivietnam.com.vn\/thong-tin-ve-cong-ty\/#primaryimage\",\"inLanguage\":\"en-US\",\"url\":\"https:\/\/rossivietnam.com.vn\/wp-content\/uploads\/2023\/02\/ROSSI-logo-for-web-1.png\",\"width\":1146,\"height\":414},{\"@type\":\"WebPage\",\"@id\":\"https:\/\/rossivietnam.com.vn\/thong-tin-ve-cong-ty\/#webpage\",\"url\":\"https:\/\/rossivietnam.com.vn\/thong-tin-ve-cong-ty\/\",\"name\":\"[:en]INFORMATION ROSSI[:vi]Th\\u00f4ng tin v\\u1ec1 ROSSI[:] - ROSSI VI\\u1ec6T NAM | Thi\\u1ebft b\\u1ecb \\u0111i\\u1ec7n cao c\\u1ea5p\",\"isPartOf\":{\"@id\":\"https:\/\/rossivietnam.com.vn\/en\/#website\"},\"primaryImageOfPage\":{\"@id\":\"https:\/\/rossivietnam.com.vn\/thong-tin-ve-cong-ty\/#primaryimage\"},\"datePublished\":\"2022-01-06T07:40:56+00:00\",\"dateModified\":\"2023-05-23T14:16:22+00:00\",\"breadcrumb\":{\"@id\":\"https:\/\/rossivietnam.com.vn\/thong-tin-ve-cong-ty\/#breadcrumb\"},\"inLanguage\":\"en-US\",\"potentialAction\":[{\"@type\":\"ReadAction\",\"target\":[\"https:\/\/rossivietnam.com.vn\/thong-tin-ve-cong-ty\/\"]}]},{\"@type\":\"BreadcrumbList\",\"@id\":\"https:\/\/rossivietnam.com.vn\/thong-tin-ve-cong-ty\/#breadcrumb\",\"itemListElement\":[{\"@type\":\"ListItem\",\"position\":1,\"item\":{\"@type\":\"WebPage\",\"@id\":\"http:\/\/rossivietnam.com.vn\/\",\"url\":\"http:\/\/rossivietnam.com.vn\/\",\"name\":\"Home\"}},{\"@type\":\"ListItem\",\"position\":2,\"item\":{\"@type\":\"WebPage\",\"@id\":\"https:\/\/rossivietnam.com.vn\/thong-tin-ve-cong-ty\/\",\"url\":\"https:\/\/rossivietnam.com.vn\/thong-tin-ve-cong-ty\/\",\"name\":\"Th\\u00f4ng tin v\\u1ec1 ROSSI\"}}]}]}<\/script>\n<!-- \/ Yoast SEO plugin. -->","_links":{"self":[{"href":"https:\/\/rossivietnam.com.vn\/en\/wp-json\/wp\/v2\/pages\/813"}],"collection":[{"href":"https:\/\/rossivietnam.com.vn\/en\/wp-json\/wp\/v2\/pages"}],"about":[{"href":"https:\/\/rossivietnam.com.vn\/en\/wp-json\/wp\/v2\/types\/page"}],"author":[{"embeddable":true,"href":"https:\/\/rossivietnam.com.vn\/en\/wp-json\/wp\/v2\/users\/1"}],"replies":[{"embeddable":true,"href":"https:\/\/rossivietnam.com.vn\/en\/wp-json\/wp\/v2\/comments?post=813"}],"version-history":[{"count":0,"href":"https:\/\/rossivietnam.com.vn\/en\/wp-json\/wp\/v2\/pages\/813\/revisions"}],"wp:attachment":[{"href":"https:\/\/rossivietnam.com.vn\/en\/wp-json\/wp\/v2\/media?parent=813"}],"curies":[{"name":"wp","href":"https:\/\/api.w.org\/{rel}","templated":true}]}}