{"id":812,"date":"2022-01-06T14:39:17","date_gmt":"2022-01-06T07:39:17","guid":{"rendered":"http:\/\/rossivietnam.com.vn\/?page_id=812"},"modified":"2023-03-30T16:07:51","modified_gmt":"2023-03-30T09:07:51","slug":"chinh-sach-van-chuyen","status":"publish","type":"page","link":"https:\/\/rossivietnam.com.vn\/en\/chinh-sach-van-chuyen\/","title":{"rendered":"Shipping Policy"},"content":{"rendered":"<p>ROSSI \u00e1p d\u1ee5ng ch\u00ednh s\u00e1ch \u0111\u1ed5i tr\u1ea3 linh ho\u1ea1t theo quy \u0111\u1ecbnh sau:<\/p>\n<p>C\u00e1c s\u1ea3n ph\u1ea9m \u0111\u01b0\u1ee3c giao trong th\u1eddi h\u1ea1n 30 ng\u00e0y \u0111\u01b0\u1ee3c \u0111\u1ed5i tr\u1ea3 mi\u1ec1n ph\u00ed ( tr\u1eeb c\u01b0\u1edbc v\u1eadn chuy\u1ec3n 2 chi\u1ec1u do b\u00ean nh\u1eadn ho\u00e0n tr\u1ea3)<\/p>\n<p>C\u00e1c s\u1ea3n ph\u1ea9m giao h\u00e0ng khi kh\u00f4ng s\u1eed d\u1ee5ng h\u1ebft \u0111\u01b0\u1ee3c \u0111\u1ed5i tr\u1ea3 khi c\u00f2n nguy\u00ean bao b\u00ec, ch\u01b0a s\u1eed d\u1ee5ng<\/p>\n<p>\u0110\u1ecba ch\u1ec9 \u0111\u1ed5i tr\u1ea3: T\u1ea1i t\u1ea5t c\u1ea3 V\u0103n ph\u00f2ng\/ kho c\u1ee7a ROSSI t\u1ea1i<\/p>\n<p>Tr\u1ee5 s\u1edf: CENTANA 149 Tr\u01b0\u1eddng L\u01b0u, Tp Th\u1ee7 \u0110\u1ee9c, Tp H\u1ed3 Ch\u00ed Minh<\/p>\n<p>Office: K\u0110T FPT \u0110\u00e0 N\u1eb5ng, Qu\u1eadn Ng\u0169 H\u00e0nh S\u01a1n, Tp \u0110\u00e0 N\u1eb5ng<\/p>\n<p>Office: 198 V\u0129nh H\u01b0ng, Ho\u00e0ng Mai, Tp H\u00e0 N\u1ed9i<\/p>\n<p><strong>Hotline: 0967 659 499<\/strong><\/p>\n<p>Ch\u00fang t\u00f4i lu\u00f4n cam k\u1ebft mang l\u1ea1i c\u00e1c gi\u00e1 tr\u1ecb \u0111ich th\u1ef1c, tr\u1ea3i nghi\u1ec7m khi kh\u00e1ch h\u00e0ng s\u1eed d\u1ee5ng m\u1ed9t c\u00e1ch h\u00e0i l\u00f2ng nh\u1ea5t v\u00e0 coi d\u1ecbch v\u1ee5 kh\u00e1ch h\u00e0ng &amp; ch\u1ea5t l\u01b0\u1ee3ng l\u00e0 tr\u00ean h\u1ebft<\/p>\n<p><img loading=\"lazy\" decoding=\"async\" class=\"\" src=\"https:\/\/rossivietnam.com.vn\/wp-content\/uploads\/2023\/02\/Benner-R50-V1.png\" alt=\"\" width=\"1920\" height=\"720\" \/><\/p>\n","protected":false},"excerpt":{"rendered":"<p>ROSSI \u00e1p d\u1ee5ng ch\u00ednh s\u00e1ch \u0111\u1ed5i tr\u1ea3 linh ho\u1ea1t theo quy \u0111\u1ecbnh sau: C\u00e1c s\u1ea3n ph\u1ea9m \u0111\u01b0\u1ee3c giao trong th\u1eddi h\u1ea1n 30 ng\u00e0y \u0111\u01b0\u1ee3c \u0111\u1ed5i tr\u1ea3 mi\u1ec1n ph\u00ed ( tr\u1eeb c\u01b0\u1edbc v\u1eadn chuy\u1ec3n 2 chi\u1ec1u do b\u00ean nh\u1eadn ho\u00e0n tr\u1ea3) C\u00e1c s\u1ea3n ph\u1ea9m giao h\u00e0ng khi kh\u00f4ng s\u1eed d\u1ee5ng h\u1ebft \u0111\u01b0\u1ee3c \u0111\u1ed5i tr\u1ea3 khi c\u00f2n &hellip; <\/p>\n<p class=\"link-more\"><a href=\"https:\/\/rossivietnam.com.vn\/en\/chinh-sach-van-chuyen\/\" class=\"more-link\">Continue reading<span class=\"screen-reader-text\"> &#8220;Shipping Policy&#8221;<\/span><\/a><\/p>\n","protected":false},"author":1,"featured_media":0,"parent":0,"menu_order":0,"comment_status":"closed","ping_status":"closed","template":"","meta":{"footnotes":""},"yoast_head":"<!-- This site is optimized with the Yoast SEO plugin v14.4.1 - https:\/\/yoast.com\/wordpress\/plugins\/seo\/ -->\n<title>Shipping Policy - ROSSI VI\u1ec6T NAM | Thi\u1ebft b\u1ecb \u0111i\u1ec7n cao c\u1ea5p<\/title>\n<meta name=\"robots\" content=\"index, follow\" \/>\n<meta name=\"googlebot\" content=\"index, follow, max-snippet:-1, max-image-preview:large, max-video-preview:-1\" \/>\n<meta name=\"bingbot\" content=\"index, follow, max-snippet:-1, max-image-preview:large, max-video-preview:-1\" \/>\n<link rel=\"canonical\" href=\"https:\/\/rossivietnam.com.vn\/chinh-sach-van-chuyen\/\" \/>\n<meta property=\"og:locale\" content=\"en_US\" \/>\n<meta property=\"og:type\" content=\"article\" \/>\n<meta property=\"og:title\" content=\"[:en]Shipping Policy[:vi]Ch\u00ednh s\u00e1ch v\u1eadn chuy\u1ec3n[:] - ROSSI VI\u1ec6T NAM | Thi\u1ebft b\u1ecb \u0111i\u1ec7n cao c\u1ea5p\" \/>\n<meta property=\"og:description\" content=\"ROSSI \u00e1p d\u1ee5ng ch\u00ednh s\u00e1ch \u0111\u1ed5i tr\u1ea3 linh ho\u1ea1t theo quy \u0111\u1ecbnh sau: C\u00e1c s\u1ea3n ph\u1ea9m \u0111\u01b0\u1ee3c giao trong th\u1eddi h\u1ea1n 30 ng\u00e0y \u0111\u01b0\u1ee3c \u0111\u1ed5i tr\u1ea3 mi\u1ec1n ph\u00ed ( tr\u1eeb c\u01b0\u1edbc v\u1eadn chuy\u1ec3n 2 chi\u1ec1u do b\u00ean nh\u1eadn ho\u00e0n tr\u1ea3) C\u00e1c s\u1ea3n ph\u1ea9m giao h\u00e0ng khi kh\u00f4ng s\u1eed d\u1ee5ng h\u1ebft \u0111\u01b0\u1ee3c \u0111\u1ed5i tr\u1ea3 khi c\u00f2n &hellip; Continue reading &quot;Shipping Policy&quot;\" \/>\n<meta property=\"og:url\" content=\"https:\/\/rossivietnam.com.vn\/chinh-sach-van-chuyen\/\" \/>\n<meta property=\"og:site_name\" content=\"ROSSI VI\u1ec6T NAM | Thi\u1ebft b\u1ecb \u0111i\u1ec7n cao c\u1ea5p\" \/>\n<meta property=\"article:modified_time\" content=\"2023-03-30T09:07:51+00:00\" \/>\n<meta property=\"og:image\" content=\"https:\/\/rossivietnam.com.vn\/wp-content\/uploads\/2023\/02\/Benner-R50-V1.png\" \/>\n<meta name=\"twitter:card\" content=\"summary\" \/>\n<script type=\"application\/ld+json\" class=\"yoast-schema-graph\">{\"@context\":\"https:\/\/schema.org\",\"@graph\":[{\"@type\":\"WebSite\",\"@id\":\"https:\/\/rossivietnam.com.vn\/en\/#website\",\"url\":\"https:\/\/rossivietnam.com.vn\/en\/\",\"name\":\"ROSSI VI\\u1ec6T NAM | Thi\\u1ebft b\\u1ecb \\u0111i\\u1ec7n cao c\\u1ea5p\",\"description\":\"ROSSI | Thi\\u1ebft b\\u1ecb \\u0111i\\u1ec7n cao c\\u1ea5p\",\"potentialAction\":[{\"@type\":\"SearchAction\",\"target\":\"https:\/\/rossivietnam.com.vn\/en\/?s={search_term_string}\",\"query-input\":\"required name=search_term_string\"}],\"inLanguage\":\"en-US\"},{\"@type\":\"ImageObject\",\"@id\":\"https:\/\/rossivietnam.com.vn\/chinh-sach-van-chuyen\/#primaryimage\",\"inLanguage\":\"en-US\",\"url\":\"https:\/\/rossivietnam.com.vn\/wp-content\/uploads\/2023\/02\/Benner-R50-V1.png\",\"width\":1920,\"height\":720},{\"@type\":\"WebPage\",\"@id\":\"https:\/\/rossivietnam.com.vn\/chinh-sach-van-chuyen\/#webpage\",\"url\":\"https:\/\/rossivietnam.com.vn\/chinh-sach-van-chuyen\/\",\"name\":\"[:en]Shipping Policy[:vi]Ch\\u00ednh s\\u00e1ch v\\u1eadn chuy\\u1ec3n[:] - ROSSI VI\\u1ec6T NAM | Thi\\u1ebft b\\u1ecb \\u0111i\\u1ec7n cao c\\u1ea5p\",\"isPartOf\":{\"@id\":\"https:\/\/rossivietnam.com.vn\/en\/#website\"},\"primaryImageOfPage\":{\"@id\":\"https:\/\/rossivietnam.com.vn\/chinh-sach-van-chuyen\/#primaryimage\"},\"datePublished\":\"2022-01-06T07:39:17+00:00\",\"dateModified\":\"2023-03-30T09:07:51+00:00\",\"breadcrumb\":{\"@id\":\"https:\/\/rossivietnam.com.vn\/chinh-sach-van-chuyen\/#breadcrumb\"},\"inLanguage\":\"en-US\",\"potentialAction\":[{\"@type\":\"ReadAction\",\"target\":[\"https:\/\/rossivietnam.com.vn\/chinh-sach-van-chuyen\/\"]}]},{\"@type\":\"BreadcrumbList\",\"@id\":\"https:\/\/rossivietnam.com.vn\/chinh-sach-van-chuyen\/#breadcrumb\",\"itemListElement\":[{\"@type\":\"ListItem\",\"position\":1,\"item\":{\"@type\":\"WebPage\",\"@id\":\"http:\/\/rossivietnam.com.vn\/\",\"url\":\"http:\/\/rossivietnam.com.vn\/\",\"name\":\"Home\"}},{\"@type\":\"ListItem\",\"position\":2,\"item\":{\"@type\":\"WebPage\",\"@id\":\"https:\/\/rossivietnam.com.vn\/chinh-sach-van-chuyen\/\",\"url\":\"https:\/\/rossivietnam.com.vn\/chinh-sach-van-chuyen\/\",\"name\":\"Ch\\u00ednh s\\u00e1ch v\\u1eadn chuy\\u1ec3n\"}}]}]}<\/script>\n<!-- \/ Yoast SEO plugin. -->","_links":{"self":[{"href":"https:\/\/rossivietnam.com.vn\/en\/wp-json\/wp\/v2\/pages\/812"}],"collection":[{"href":"https:\/\/rossivietnam.com.vn\/en\/wp-json\/wp\/v2\/pages"}],"about":[{"href":"https:\/\/rossivietnam.com.vn\/en\/wp-json\/wp\/v2\/types\/page"}],"author":[{"embeddable":true,"href":"https:\/\/rossivietnam.com.vn\/en\/wp-json\/wp\/v2\/users\/1"}],"replies":[{"embeddable":true,"href":"https:\/\/rossivietnam.com.vn\/en\/wp-json\/wp\/v2\/comments?post=812"}],"version-history":[{"count":0,"href":"https:\/\/rossivietnam.com.vn\/en\/wp-json\/wp\/v2\/pages\/812\/revisions"}],"wp:attachment":[{"href":"https:\/\/rossivietnam.com.vn\/en\/wp-json\/wp\/v2\/media?parent=812"}],"curies":[{"name":"wp","href":"https:\/\/api.w.org\/{rel}","templated":true}]}}