{"id":810,"date":"2022-01-06T14:38:23","date_gmt":"2022-01-06T07:38:23","guid":{"rendered":"http:\/\/rossivietnam.com.vn\/?page_id=810"},"modified":"2023-03-30T16:09:40","modified_gmt":"2023-03-30T09:09:40","slug":"chinh-sach-quyen-rieng-tu","status":"publish","type":"page","link":"https:\/\/rossivietnam.com.vn\/en\/chinh-sach-quyen-rieng-tu\/","title":{"rendered":"Privacy Policy"},"content":{"rendered":"<p style=\"text-align: center;\"><strong>Gi\u1edbi thi\u1ec7u v\u1ec1 ROSSI<\/strong><\/p>\n<p>Thi\u1ebft b\u1ecb \u0111i\u1ec7n th\u01b0\u01a1ng hi\u1ec7u ROSSI l\u00e0 d\u00f2ng s\u1ea3n ph\u1ea9m cao c\u1ea5p, l\u00e0 s\u1ef1 h\u1ee3p t\u00e1c, li\u00ean doanh gi\u1eefa Vi\u1ec7t Nam v\u00e0 Chuy\u00ean gia h\u00e0ng \u0111\u1ea7u th\u1ebf gi\u1edbi trong l\u0129nh v\u1ef1c thi\u1ebft b\u1ecb \u0111i\u1ec7n. \u0110\u01b0\u1ee3c chuy\u1ec3n giao c\u00f4ng ngh\u1ec7 v\u00e0 x\u00e2y d\u1ef1ng t\u1eeb c\u00e1c chu\u1ea9n m\u1ef1c ti\u00eau chu\u1ea9n an to\u00e0n Qu\u1ed1c t\u1ebf IEC h\u01b0\u1edbng \u0111\u1ebfn GERMAN STANDARD \u2013 Ti\u00eau chu\u1ea9n \u0110\u1ee9c.<\/p>\n<p>V\u1edbi tr\u00ean 10 d\u00f2ng s\u1ea3n ph\u1ea9m ch\u1ea5t l\u01b0\u1ee3ng cao \u0111\u01b0\u1ee3c thi\u1ebft k\u1ebf theo c\u00e1c chu\u1ea9n m\u1ef1c, ti\u00eau chu\u1ea9n k\u1ebft h\u1ee3p v\u1edbi c\u00e1c v\u1eadt li\u1ec7u cao c\u1ea5p nh\u01b0:<\/p>\n<ul>\n<li>Nh\u1ef1a PC \u2013 Polycarbonate ch\u1ed1ng ch\u00e1y, ch\u1ecbu nhi\u1ec7t \u0111\u1ed9 cao, (Nh\u1ef1a Polycarbonate \u0111\u01b0\u1ee3c nghi\u00ean c\u1ee9u v\u00e0 s\u1ea3n xu\u1ea5t c\u1ee7a hang Bayer \u2013 c\u1ed9ng ho\u00e0 li\u00ean bang \u0110\u1ee9c)<\/li>\n<li>V\u1eadt li\u1ec7u th\u00e9p kh\u00f4ng g\u1ec9 SUS304 si\u00eau b\u1ec1n cho d\u00f2ng s\u1ea3n ph\u1ea9m R70 \u0111\u1ea3o b\u1ea3n b\u1ec1n \u0111\u1eb9p v\u0129nh c\u1eedu<\/li>\n<li>\u0110\u1ebf th\u00e9p s\u01a1n t\u0129nh \u0111i\u1ec7n cao c\u1ea5p \u2013 \u0110i\u1ec3m kh\u00e1c bi\u1ec7t so v\u1edbi c\u00e1c thi\u1ebft b\u1ecb hi\u1ec7n nay tr\u00ean th\u1ecb tr\u01b0\u1eddng \u0111\u1ea3m b\u1ea3o s\u1ea3n ph\u1ea9m s\u1eed d\u1ee5ng b\u1ec1n b\u1ec9 tr\u00ean 25 n\u0103m.<\/li>\n<li>C\u00f4ng ngh\u1ec7 s\u01a1n 3 l\u1edbp t\u1ea1o b\u1ec1 m\u1eb7t b\u00f3ng \u0111\u1eb9p, ph\u1ee7 \u00e1nh kim v\u00e0 ph\u1ee7 b\u00f3ng k\u1ebft h\u1ee3p \u00e1nh kim<\/li>\n<li>Ch\u00fang t\u00f4i lu\u00f4n tu\u00e2n th\u1ee7 ti\u00eau chu\u1ea9n IEC \u2013 Ti\u00eau chu\u1ea9n qu\u1ed1c t\u1ebf v\u1ec1 thi\u1ebft b\u1ecb \u0111i\u1ec7n \u0111\u1ea3m b\u1ea3o an to\u00e0n khi s\u1eed d\u1ee5ng v\u00e0 ph\u00f9 h\u1ee3p v\u1edbi c\u00e1c ti\u00eau chu\u1ea9n an to\u00e0n c\u1ee7a Vi\u1ec7t nam<\/li>\n<li>V\u1edbi \u0111\u1ed9i ng\u0169 k\u1ef9 s\u01b0 thi\u1ebft k\u1ebf k\u1ef9 thu\u1eadt c\u00f9ng v\u1edbi c\u00e1c chuy\u00ean gia h\u00e0ng \u0111\u1ea7u th\u1ebf gi\u1edbi v\u1ec1 thi\u1ebft k\u1ebf m\u1ef9 thu\u1eadt c\u1ee7a Anh Qu\u1ed1c \u0111\u00e3 t\u1ea1o n\u00ean c\u00e1c d\u00f2ng s\u1ea3n ph\u1ea9m v\u1eeba an to\u00e0n, b\u1ec1n \u0111\u1eb9p v\u00e0 c\u00f3 t\u00ednh k\u1ef9 thu\u1eadt, th\u1ea9m m\u1ef9 cao.<\/li>\n<\/ul>\n<p>C\u00e1c d\u00f2ng s\u1ea3n ph\u1ea9m ROSSI\u00a0 lu\u00f4n \u0111\u00e1p \u1ee9ng cho m\u1ecdi c\u00f4ng tr\u00ecnh d\u00e2n d\u1ee5ng nh\u01b0: Bi\u1ec7t th\u1ef1, nh\u00e0 ph\u1ed1, nh\u00e0 \u1edf d\u00e2n d\u1ee5ng, v\u0103n ph\u00f2ng, kh\u00e1ch s\u1ea1n, resort.<\/p>\n<p>Nh\u1eb1m \u0111\u00e1p \u1ee9ng c\u00e1c y\u00eau c\u1ea7u kh\u1eaft khe t\u1eeb qu\u00ed kh\u00e1ch h\u00e0ng ch\u00fang t\u00f4i li\u00ean t\u1ee5c c\u1ea3i ti\u1ebfn \u0111\u1ec3 n\u00e2ng cao ch\u1ea5t l\u01b0\u1ee3ng c\u0169ng nh\u01b0 v\u1ecb th\u1ebf c\u1ee7a th\u01b0\u01a1ng hi\u1ec7u ROSSI tr\u00ean th\u1ecb tr\u01b0\u1eddng Vi\u1ec7t Nam v\u00e0 Qu\u1ed1c T\u1ebf. ROSSI kh\u00f4ng ch\u1ec9 ph\u1ee5c v\u1ee5 kh\u00e1ch h\u00e0ng trong n\u01b0\u1edbc ch\u00fang t\u00f4i c\u00f2n h\u01b0\u1edbng \u0111\u1ebfn xu\u1ea5t kh\u1ea9u t\u1edbi c\u00e1c th\u1ecb tr\u01b0\u1eddng kh\u00f3 t\u00ednh nh\u01b0: C\u00e1c n\u01b0\u1edbc trong khu v\u1ef1c Ch\u00e2u \u00c1, Ch\u00e2u \u00c2u, Ch\u00e2u \u00dac<\/p>\n<p>Ch\u00fang t\u00f4i mong mu\u1ed1n c\u00f3 c\u01a1 h\u1ed9i h\u1ee3p t\u00e1c v\u1edbi Qu\u00fd kh\u00e1ch h\u00e0ng, Qu\u00fd \u0111\u1ed1i t\u00e1c \u0111\u1ec3 c\u00f9ng n\u1eafm b\u1eaft c\u01a1 h\u1ed9i, t\u1ea1o ra nh\u1eefng gi\u00e1 tr\u1ecb\u00a0 v\u00e0 th\u00e0nh c\u00f4ng m\u1edbi \u0111\u1ec3 h\u01b0\u1edbng t\u1edbi m\u1ed9t cu\u1ed9c s\u1ed1ng ti\u1ec7n nghi, an to\u00e0n, th\u00e2n thi\u1ec7n c\u00f9ng nh\u01b0 c\u00f9ng ph\u00e1t tri\u1ec3n.<\/p>\n<p>ROSSI Vi\u1ec7t Nam hy v\u1ecdng nh\u1eadn \u0111\u01b0\u1ee3c s\u1ef1 h\u1ee3p t\u00e1c l\u00e2u d\u00e0i, t\u00edch c\u1ef1c v\u00e0 to\u00e0n di\u1ec7n c\u1ee7a Qu\u00fd kh\u00e1ch h\u00e0ng, Qu\u00fd \u0111\u1ed1i t\u00e1c.<\/p>\n<p>&nbsp;<\/p>\n<p><strong>ROSSI Vi\u1ec7t Nam<\/strong><\/p>\n<p><a href=\"http:\/\/www.rossivietnam.com.vn\">http:\/\/www.rossivietnam.com.vn<\/a><\/p>\n<p>Tr\u1ee5 s\u1edf: CENTANA 149 Tr\u01b0\u1eddng L\u01b0u, Tp Th\u1ee7 \u0110\u1ee9c, Tp H\u1ed3 Ch\u00ed Minh<\/p>\n<p>Office: K\u0110T FPT \u0110\u00e0 N\u1eb5ng, Qu\u1eadn Ng\u0169 H\u00e0nh S\u01a1n, Tp \u0110\u00e0 N\u1eb5ng<\/p>\n<p>Office: 198 V\u0129nh H\u01b0ng, Ho\u00e0ng Mai, Tp H\u00e0 N\u1ed9i<\/p>\n<p><strong>Hotline: 0967 659 499<\/strong><\/p>\n<p><img loading=\"lazy\" decoding=\"async\" class=\"\" src=\"https:\/\/rossivietnam.com.vn\/wp-content\/uploads\/2022\/03\/bg-contact.png\" alt=\"\" width=\"1920\" height=\"830\" \/><\/p>\n","protected":false},"excerpt":{"rendered":"<p>Gi\u1edbi thi\u1ec7u v\u1ec1 ROSSI Thi\u1ebft b\u1ecb \u0111i\u1ec7n th\u01b0\u01a1ng hi\u1ec7u ROSSI l\u00e0 d\u00f2ng s\u1ea3n ph\u1ea9m cao c\u1ea5p, l\u00e0 s\u1ef1 h\u1ee3p t\u00e1c, li\u00ean doanh gi\u1eefa Vi\u1ec7t Nam v\u00e0 Chuy\u00ean gia h\u00e0ng \u0111\u1ea7u th\u1ebf gi\u1edbi trong l\u0129nh v\u1ef1c thi\u1ebft b\u1ecb \u0111i\u1ec7n. \u0110\u01b0\u1ee3c chuy\u1ec3n giao c\u00f4ng ngh\u1ec7 v\u00e0 x\u00e2y d\u1ef1ng t\u1eeb c\u00e1c chu\u1ea9n m\u1ef1c ti\u00eau chu\u1ea9n an to\u00e0n Qu\u1ed1c &hellip; <\/p>\n<p class=\"link-more\"><a href=\"https:\/\/rossivietnam.com.vn\/en\/chinh-sach-quyen-rieng-tu\/\" class=\"more-link\">Continue reading<span class=\"screen-reader-text\"> &#8220;Privacy Policy&#8221;<\/span><\/a><\/p>\n","protected":false},"author":1,"featured_media":0,"parent":0,"menu_order":0,"comment_status":"closed","ping_status":"closed","template":"","meta":{"footnotes":""},"yoast_head":"<!-- This site is optimized with the Yoast SEO plugin v14.4.1 - https:\/\/yoast.com\/wordpress\/plugins\/seo\/ -->\n<title>Privacy Policy - ROSSI VI\u1ec6T NAM | Thi\u1ebft b\u1ecb \u0111i\u1ec7n cao c\u1ea5p<\/title>\n<meta name=\"robots\" content=\"index, follow\" \/>\n<meta name=\"googlebot\" content=\"index, follow, max-snippet:-1, max-image-preview:large, max-video-preview:-1\" \/>\n<meta name=\"bingbot\" content=\"index, follow, max-snippet:-1, max-image-preview:large, max-video-preview:-1\" \/>\n<link rel=\"canonical\" href=\"https:\/\/rossivietnam.com.vn\/chinh-sach-quyen-rieng-tu\/\" \/>\n<meta property=\"og:locale\" content=\"en_US\" \/>\n<meta property=\"og:type\" content=\"article\" \/>\n<meta property=\"og:title\" content=\"[:en]Privacy Policy[:vi]Ch\u00ednh s\u00e1ch quy\u1ec1n ri\u00eang t\u01b0[:] - ROSSI VI\u1ec6T NAM | Thi\u1ebft b\u1ecb \u0111i\u1ec7n cao c\u1ea5p\" \/>\n<meta property=\"og:description\" content=\"Gi\u1edbi thi\u1ec7u v\u1ec1 ROSSI Thi\u1ebft b\u1ecb \u0111i\u1ec7n th\u01b0\u01a1ng hi\u1ec7u ROSSI l\u00e0 d\u00f2ng s\u1ea3n ph\u1ea9m cao c\u1ea5p, l\u00e0 s\u1ef1 h\u1ee3p t\u00e1c, li\u00ean doanh gi\u1eefa Vi\u1ec7t Nam v\u00e0 Chuy\u00ean gia h\u00e0ng \u0111\u1ea7u th\u1ebf gi\u1edbi trong l\u0129nh v\u1ef1c thi\u1ebft b\u1ecb \u0111i\u1ec7n. \u0110\u01b0\u1ee3c chuy\u1ec3n giao c\u00f4ng ngh\u1ec7 v\u00e0 x\u00e2y d\u1ef1ng t\u1eeb c\u00e1c chu\u1ea9n m\u1ef1c ti\u00eau chu\u1ea9n an to\u00e0n Qu\u1ed1c &hellip; Continue reading &quot;Privacy Policy&quot;\" \/>\n<meta property=\"og:url\" content=\"https:\/\/rossivietnam.com.vn\/chinh-sach-quyen-rieng-tu\/\" \/>\n<meta property=\"og:site_name\" content=\"ROSSI VI\u1ec6T NAM | Thi\u1ebft b\u1ecb \u0111i\u1ec7n cao c\u1ea5p\" \/>\n<meta property=\"article:modified_time\" content=\"2023-03-30T09:09:40+00:00\" \/>\n<meta property=\"og:image\" content=\"https:\/\/rossivietnam.com.vn\/wp-content\/uploads\/2022\/03\/bg-contact.png\" \/>\n<meta name=\"twitter:card\" content=\"summary\" \/>\n<script type=\"application\/ld+json\" class=\"yoast-schema-graph\">{\"@context\":\"https:\/\/schema.org\",\"@graph\":[{\"@type\":\"WebSite\",\"@id\":\"https:\/\/rossivietnam.com.vn\/en\/#website\",\"url\":\"https:\/\/rossivietnam.com.vn\/en\/\",\"name\":\"ROSSI VI\\u1ec6T NAM | Thi\\u1ebft b\\u1ecb \\u0111i\\u1ec7n cao c\\u1ea5p\",\"description\":\"ROSSI | Thi\\u1ebft b\\u1ecb \\u0111i\\u1ec7n cao c\\u1ea5p\",\"potentialAction\":[{\"@type\":\"SearchAction\",\"target\":\"https:\/\/rossivietnam.com.vn\/en\/?s={search_term_string}\",\"query-input\":\"required name=search_term_string\"}],\"inLanguage\":\"en-US\"},{\"@type\":\"ImageObject\",\"@id\":\"https:\/\/rossivietnam.com.vn\/chinh-sach-quyen-rieng-tu\/#primaryimage\",\"inLanguage\":\"en-US\",\"url\":\"https:\/\/rossivietnam.com.vn\/wp-content\/uploads\/2022\/03\/bg-contact.png\",\"width\":1920,\"height\":830},{\"@type\":\"WebPage\",\"@id\":\"https:\/\/rossivietnam.com.vn\/chinh-sach-quyen-rieng-tu\/#webpage\",\"url\":\"https:\/\/rossivietnam.com.vn\/chinh-sach-quyen-rieng-tu\/\",\"name\":\"[:en]Privacy Policy[:vi]Ch\\u00ednh s\\u00e1ch quy\\u1ec1n ri\\u00eang t\\u01b0[:] - ROSSI VI\\u1ec6T NAM | Thi\\u1ebft b\\u1ecb \\u0111i\\u1ec7n cao c\\u1ea5p\",\"isPartOf\":{\"@id\":\"https:\/\/rossivietnam.com.vn\/en\/#website\"},\"primaryImageOfPage\":{\"@id\":\"https:\/\/rossivietnam.com.vn\/chinh-sach-quyen-rieng-tu\/#primaryimage\"},\"datePublished\":\"2022-01-06T07:38:23+00:00\",\"dateModified\":\"2023-03-30T09:09:40+00:00\",\"breadcrumb\":{\"@id\":\"https:\/\/rossivietnam.com.vn\/chinh-sach-quyen-rieng-tu\/#breadcrumb\"},\"inLanguage\":\"en-US\",\"potentialAction\":[{\"@type\":\"ReadAction\",\"target\":[\"https:\/\/rossivietnam.com.vn\/chinh-sach-quyen-rieng-tu\/\"]}]},{\"@type\":\"BreadcrumbList\",\"@id\":\"https:\/\/rossivietnam.com.vn\/chinh-sach-quyen-rieng-tu\/#breadcrumb\",\"itemListElement\":[{\"@type\":\"ListItem\",\"position\":1,\"item\":{\"@type\":\"WebPage\",\"@id\":\"http:\/\/rossivietnam.com.vn\/\",\"url\":\"http:\/\/rossivietnam.com.vn\/\",\"name\":\"Home\"}},{\"@type\":\"ListItem\",\"position\":2,\"item\":{\"@type\":\"WebPage\",\"@id\":\"https:\/\/rossivietnam.com.vn\/chinh-sach-quyen-rieng-tu\/\",\"url\":\"https:\/\/rossivietnam.com.vn\/chinh-sach-quyen-rieng-tu\/\",\"name\":\"Ch\\u00ednh s\\u00e1ch quy\\u1ec1n ri\\u00eang t\\u01b0\"}}]}]}<\/script>\n<!-- \/ Yoast SEO plugin. -->","_links":{"self":[{"href":"https:\/\/rossivietnam.com.vn\/en\/wp-json\/wp\/v2\/pages\/810"}],"collection":[{"href":"https:\/\/rossivietnam.com.vn\/en\/wp-json\/wp\/v2\/pages"}],"about":[{"href":"https:\/\/rossivietnam.com.vn\/en\/wp-json\/wp\/v2\/types\/page"}],"author":[{"embeddable":true,"href":"https:\/\/rossivietnam.com.vn\/en\/wp-json\/wp\/v2\/users\/1"}],"replies":[{"embeddable":true,"href":"https:\/\/rossivietnam.com.vn\/en\/wp-json\/wp\/v2\/comments?post=810"}],"version-history":[{"count":0,"href":"https:\/\/rossivietnam.com.vn\/en\/wp-json\/wp\/v2\/pages\/810\/revisions"}],"wp:attachment":[{"href":"https:\/\/rossivietnam.com.vn\/en\/wp-json\/wp\/v2\/media?parent=810"}],"curies":[{"name":"wp","href":"https:\/\/api.w.org\/{rel}","templated":true}]}}