{"id":40,"date":"2020-05-27T03:00:50","date_gmt":"2020-05-26T20:00:50","guid":{"rendered":"http:\/\/at08.chonweb.vn\/?page_id=40"},"modified":"2025-10-18T15:27:49","modified_gmt":"2025-10-18T08:27:49","slug":"lien-he","status":"publish","type":"page","link":"https:\/\/rossivietnam.com.vn\/en\/lien-he\/","title":{"rendered":"Contact"},"content":{"rendered":"<p>Ch\u00fang t\u00f4i thi\u1ebft l\u1eadp 3 trung t\u00e2m kho h\u00e0ng h\u00f3a d\u1ecbch v\u1ee5 t\u1ea1i<\/p>\n<p>1\/ Th\u00e0nh Ph\u1ed1 H\u00e0 n\u1ed9i: Ph\u01b0\u1eddng V\u0129nh H\u01b0ng, Qu\u1eadn Ho\u00e0ng Mai, Tp H\u00e0 N\u1ed9i<\/p>\n<p>2\/ Th\u00e0nh Ph\u1ed1 H\u1ed3 Ch\u00ed Minh:<\/p>\n<ul>\n<li>Tr\u1ee5 s\u1edf: Khu Ph\u1ed1 Tr\u01b0\u1eddng L\u01b0u, Th\u00e0nh Ph\u1ed1 Th\u1ee7 \u0110\u1ee9c, Th\u00e0nh Ph\u1ed1 H\u1ed3 Ch\u00ed Minh<\/li>\n<li>Trung t\u00e2n ph\u00e2n ph\u1ed1i Mi\u1ec1n Nam: S\u1ed1 351\/16, Qu\u1ed1c l\u1ed9 13, Ph\u01b0\u1eddng Hi\u1ec7p B\u00ecnh, Th\u00e0nh Ph\u1ed1 H\u1ed3 Ch\u00ed Minh, Vi\u1ec7t Nam<\/li>\n<li>Tel: <a class=\"text-is-phone-number\" data-z-element-type=\"phone-number\">0901368122\u00a0 \u00a0 \u00a0 \u00a0 \u00a0Email: <\/a><a class=\"text-is-email\" href=\"mailto:rossimiennam@gmail.com\" target=\"_blank\" rel=\"noopener\" data-z-element-type=\"email\">rossimiennam@gmail.com<\/a><\/li>\n<\/ul>\n<p>3\/ Th\u00e0nh Ph\u1ed1 \u0110\u00e0 N\u1eb5ng: Khu \u0111\u00f4 th\u1ecb c\u00f4ng ngh\u1ec7 FPT, Qu\u1eadn Ng\u0169 H\u00e0nh S\u01a1n, Th\u00e0nh Ph\u1ed1 \u0110\u00e0 N\u1eb5ng<\/p>\n","protected":false},"excerpt":{"rendered":"<p>Ch\u00fang t\u00f4i thi\u1ebft l\u1eadp 3 trung t\u00e2m kho h\u00e0ng h\u00f3a d\u1ecbch v\u1ee5 t\u1ea1i 1\/ Th\u00e0nh Ph\u1ed1 H\u00e0 n\u1ed9i: Ph\u01b0\u1eddng V\u0129nh H\u01b0ng, Qu\u1eadn Ho\u00e0ng Mai, Tp H\u00e0 N\u1ed9i 2\/ Th\u00e0nh Ph\u1ed1 H\u1ed3 Ch\u00ed Minh: Tr\u1ee5 s\u1edf: Khu Ph\u1ed1 Tr\u01b0\u1eddng L\u01b0u, Th\u00e0nh Ph\u1ed1 Th\u1ee7 \u0110\u1ee9c, Th\u00e0nh Ph\u1ed1 H\u1ed3 Ch\u00ed Minh Trung t\u00e2n ph\u00e2n ph\u1ed1i Mi\u1ec1n Nam: S\u1ed1 &hellip; <\/p>\n<p class=\"link-more\"><a href=\"https:\/\/rossivietnam.com.vn\/en\/lien-he\/\" class=\"more-link\">Continue reading<span class=\"screen-reader-text\"> &#8220;Contact&#8221;<\/span><\/a><\/p>\n","protected":false},"author":1,"featured_media":0,"parent":0,"menu_order":0,"comment_status":"closed","ping_status":"closed","template":"templates\/page-contact.php","meta":{"footnotes":""},"yoast_head":"<!-- This site is optimized with the Yoast SEO plugin v14.4.1 - https:\/\/yoast.com\/wordpress\/plugins\/seo\/ -->\n<title>Contact - ROSSI VI\u1ec6T NAM | Thi\u1ebft b\u1ecb \u0111i\u1ec7n cao c\u1ea5p<\/title>\n<meta name=\"robots\" content=\"index, follow\" \/>\n<meta name=\"googlebot\" content=\"index, follow, max-snippet:-1, max-image-preview:large, max-video-preview:-1\" \/>\n<meta name=\"bingbot\" content=\"index, follow, max-snippet:-1, max-image-preview:large, max-video-preview:-1\" \/>\n<link rel=\"canonical\" href=\"https:\/\/rossivietnam.com.vn\/lien-he\/\" \/>\n<meta property=\"og:locale\" content=\"en_US\" \/>\n<meta property=\"og:type\" content=\"article\" \/>\n<meta property=\"og:title\" content=\"[:en]Contact[:vi]Li\u00ean h\u1ec7[:] - ROSSI VI\u1ec6T NAM | Thi\u1ebft b\u1ecb \u0111i\u1ec7n cao c\u1ea5p\" \/>\n<meta property=\"og:description\" content=\"Ch\u00fang t\u00f4i thi\u1ebft l\u1eadp 3 trung t\u00e2m kho h\u00e0ng h\u00f3a d\u1ecbch v\u1ee5 t\u1ea1i 1\/ Th\u00e0nh Ph\u1ed1 H\u00e0 n\u1ed9i: Ph\u01b0\u1eddng V\u0129nh H\u01b0ng, Qu\u1eadn Ho\u00e0ng Mai, Tp H\u00e0 N\u1ed9i 2\/ Th\u00e0nh Ph\u1ed1 H\u1ed3 Ch\u00ed Minh: Tr\u1ee5 s\u1edf: Khu Ph\u1ed1 Tr\u01b0\u1eddng L\u01b0u, Th\u00e0nh Ph\u1ed1 Th\u1ee7 \u0110\u1ee9c, Th\u00e0nh Ph\u1ed1 H\u1ed3 Ch\u00ed Minh Trung t\u00e2n ph\u00e2n ph\u1ed1i Mi\u1ec1n Nam: S\u1ed1 &hellip; Continue reading &quot;Contact&quot;\" \/>\n<meta property=\"og:url\" content=\"https:\/\/rossivietnam.com.vn\/lien-he\/\" \/>\n<meta property=\"og:site_name\" content=\"ROSSI VI\u1ec6T NAM | Thi\u1ebft b\u1ecb \u0111i\u1ec7n cao c\u1ea5p\" \/>\n<meta property=\"article:modified_time\" content=\"2025-10-18T08:27:49+00:00\" \/>\n<meta name=\"twitter:card\" content=\"summary\" \/>\n<script type=\"application\/ld+json\" class=\"yoast-schema-graph\">{\"@context\":\"https:\/\/schema.org\",\"@graph\":[{\"@type\":\"WebSite\",\"@id\":\"https:\/\/rossivietnam.com.vn\/en\/#website\",\"url\":\"https:\/\/rossivietnam.com.vn\/en\/\",\"name\":\"ROSSI VI\\u1ec6T NAM | Thi\\u1ebft b\\u1ecb \\u0111i\\u1ec7n cao c\\u1ea5p\",\"description\":\"ROSSI | Thi\\u1ebft b\\u1ecb \\u0111i\\u1ec7n cao c\\u1ea5p\",\"potentialAction\":[{\"@type\":\"SearchAction\",\"target\":\"https:\/\/rossivietnam.com.vn\/en\/?s={search_term_string}\",\"query-input\":\"required name=search_term_string\"}],\"inLanguage\":\"en-US\"},{\"@type\":\"WebPage\",\"@id\":\"https:\/\/rossivietnam.com.vn\/lien-he\/#webpage\",\"url\":\"https:\/\/rossivietnam.com.vn\/lien-he\/\",\"name\":\"[:en]Contact[:vi]Li\\u00ean h\\u1ec7[:] - ROSSI VI\\u1ec6T NAM | Thi\\u1ebft b\\u1ecb \\u0111i\\u1ec7n cao c\\u1ea5p\",\"isPartOf\":{\"@id\":\"https:\/\/rossivietnam.com.vn\/en\/#website\"},\"datePublished\":\"2020-05-26T20:00:50+00:00\",\"dateModified\":\"2025-10-18T08:27:49+00:00\",\"breadcrumb\":{\"@id\":\"https:\/\/rossivietnam.com.vn\/lien-he\/#breadcrumb\"},\"inLanguage\":\"en-US\",\"potentialAction\":[{\"@type\":\"ReadAction\",\"target\":[\"https:\/\/rossivietnam.com.vn\/lien-he\/\"]}]},{\"@type\":\"BreadcrumbList\",\"@id\":\"https:\/\/rossivietnam.com.vn\/lien-he\/#breadcrumb\",\"itemListElement\":[{\"@type\":\"ListItem\",\"position\":1,\"item\":{\"@type\":\"WebPage\",\"@id\":\"http:\/\/rossivietnam.com.vn\/\",\"url\":\"http:\/\/rossivietnam.com.vn\/\",\"name\":\"Home\"}},{\"@type\":\"ListItem\",\"position\":2,\"item\":{\"@type\":\"WebPage\",\"@id\":\"https:\/\/rossivietnam.com.vn\/lien-he\/\",\"url\":\"https:\/\/rossivietnam.com.vn\/lien-he\/\",\"name\":\"Li\\u00ean h\\u1ec7\"}}]}]}<\/script>\n<!-- \/ Yoast SEO plugin. -->","_links":{"self":[{"href":"https:\/\/rossivietnam.com.vn\/en\/wp-json\/wp\/v2\/pages\/40"}],"collection":[{"href":"https:\/\/rossivietnam.com.vn\/en\/wp-json\/wp\/v2\/pages"}],"about":[{"href":"https:\/\/rossivietnam.com.vn\/en\/wp-json\/wp\/v2\/types\/page"}],"author":[{"embeddable":true,"href":"https:\/\/rossivietnam.com.vn\/en\/wp-json\/wp\/v2\/users\/1"}],"replies":[{"embeddable":true,"href":"https:\/\/rossivietnam.com.vn\/en\/wp-json\/wp\/v2\/comments?post=40"}],"version-history":[{"count":0,"href":"https:\/\/rossivietnam.com.vn\/en\/wp-json\/wp\/v2\/pages\/40\/revisions"}],"wp:attachment":[{"href":"https:\/\/rossivietnam.com.vn\/en\/wp-json\/wp\/v2\/media?parent=40"}],"curies":[{"name":"wp","href":"https:\/\/api.w.org\/{rel}","templated":true}]}}