{"id":3960,"date":"2023-03-16T17:05:23","date_gmt":"2023-03-16T10:05:23","guid":{"rendered":"http:\/\/rossivietnam.com.vn\/?page_id=3960"},"modified":"2023-04-02T10:51:50","modified_gmt":"2023-04-02T03:51:50","slug":"ra-mat-san-pham-moi","status":"publish","type":"page","link":"https:\/\/rossivietnam.com.vn\/en\/san-pham\/ra-mat-san-pham-moi\/","title":{"rendered":"Ra m\u1eaft s\u1ea3n ph\u1ea9m m\u1edbi"},"content":{"rendered":"<p class=\"article-title\" style=\"text-align: left;\"><span style=\"font-size: 16px;\">Sau 3 n\u0103m nghi\u00ean c\u1ee9u v\u00e0 ph\u00e1t tri\u1ec3n s\u1ea3n ph\u1ea9m cho l\u0129nh v\u1ef1c thi\u1ebft b\u1ecb \u0111i\u1ec7n m\u1edf ra m\u1ed9t m\u1ee5c ti\u00eau m\u1edbi g\u00f3p ph\u1ea7n v\u00e0o s\u1ef1 ph\u00e1t tri\u1ec3n chung \u0111\u1ed3ng th\u1eddi ph\u00f9 h\u1ee3p v\u1edbi nhu c\u1ea7u s\u1eed d\u1ee5ng, h\u1ec7 th\u1ed1ng \u0111i\u1ec7n, t\u1eadp qu\u00e1 c\u0169ng nh\u01b0 m\u00f4i tr\u01b0\u1eddng t\u1ea1i Vi\u1ec7t Nam. ROSSI Vi\u1ec7t Nam \u0111\u01b0\u1ee3c th\u00e0nh l\u1eadp d\u1ef1a tr\u00ean s\u1ef1 h\u1ee3p t\u00e1c v\u1edbi GAMDER ELECTRIC \u2013 t\u1eadp \u0111o\u00e0n s\u1ea3n xu\u1ea5t h\u00e0ng \u0111\u1ea7u v\u1ec1 c\u00f4ng t\u1eafc, \u1ed5 c\u1eafm \u0111i\u1ec7n tr\u00ean th\u1ebf gi\u1edbi trong linh v\u1ef1c \u0111i\u1ec7n d\u00e2n d\u1ee5ng<\/span><\/p>\n<div class=\"article-content\">\n<div class=\"rte\">\n<div class=\"entry-content\">\n<p>\u0110\u01b0\u1ee3c \u0111\u1ea7u t\u01b0 b\u00e0i b\u1ea3n ngay t\u1eeb \u0111\u1ea7u, b\u1ed9 ph\u1eadn R&amp;D \u0111\u00e3 nghi\u00ean c\u1ee9u ph\u00e1t tri\u1ec3n 2 lo\u1ea1i s\u1ea3n ph\u1ea9m v\u00e0 cho 10 d\u00f2ng s\u1ea3n ph\u1ea9m \u0111\u1ec3 cung c\u1ea5p t\u1ea1i th\u1ecb tr\u01b0\u1eddng Vi\u1ec7t Nam v\u00e0 \u0111\u00e1p \u1ee9ng c\u00e1c nhu c\u1ea7u c\u1ee7a th\u1ecb tr\u01b0\u1eddng Vi\u1ec7t nam. M\u1ee5c ti\u00eau trong th\u1eddi gian t\u1edbi s\u1ebd \u0111\u1ea7u t\u01b0 cho s\u1ea3n ph\u1ea9m thi\u1ebft b\u1ecb \u0111i\u1ec7n smarthome, nh\u00e0 m\u00e1y t\u1ea1i Vi\u1ec7t Nam<\/p>\n<p>C\u00e1c d\u00f2ng s\u1ea3n ph\u1ea9m hi\u1ec7n nay ROSSI Vi\u1ec7t Nam cung c\u1ea5p nh\u01b0 sau<\/p>\n<ul>\n<li>D\u00f2ng c\u00f4ng t\u1eafc \u1ed5 c\u1eafm Vu\u00f4ng: V\u1edbi 5 d\u00f2ng c\u01a1 b\u1ea3n R50; R60; R62; R64; R70<\/li>\n<li>D\u00f2ng c\u00f4ng t\u1eafc \u1ed5 c\u1eafm ch\u1eef nh\u1eadt: V\u1edbi 3 d\u00f2ng c\u01a1 b\u1ea3n R30; R32; R34<\/li>\n<li>Chi ti\u1ebft s\u1ea3n ph\u00e2m xin xem t\u1ea1i\u00a0<a href=\"https:\/\/rossivietnam.com.vn\/san-pham\/\">https:\/\/rossivietnam.com.vn\/san-pham\/<\/a><\/li>\n<\/ul>\n<p><img loading=\"lazy\" decoding=\"async\" class=\"\" src=\"https:\/\/rossivietnam.com.vn\/wp-content\/uploads\/2023\/03\/Anh-dai-dien-DONG-VUONG.png\" alt=\"\" width=\"380\" height=\"380\" \/>\u00a0<img loading=\"lazy\" decoding=\"async\" class=\"\" src=\"https:\/\/rossivietnam.com.vn\/wp-content\/uploads\/2023\/03\/Anh-dai-dien-CHU-NHAT.png\" alt=\"\" width=\"378\" height=\"378\" \/><img loading=\"lazy\" decoding=\"async\" class=\"\" src=\"https:\/\/rossivietnam.com.vn\/wp-content\/uploads\/2023\/03\/Anh-dai-dien-aM-SAN-1.png\" alt=\"\" width=\"377\" height=\"377\" \/><\/p>\n<p>&nbsp;<\/p>\n<p><img loading=\"lazy\" decoding=\"async\" class=\"\" src=\"https:\/\/rossivietnam.com.vn\/wp-content\/uploads\/2023\/02\/Benner-R30.png\" alt=\"\" width=\"1920\" height=\"720\" \/><\/p>\n<p><img loading=\"lazy\" decoding=\"async\" class=\"\" src=\"https:\/\/rossivietnam.com.vn\/wp-content\/uploads\/2023\/02\/Benner-R34.png\" alt=\"\" width=\"1920\" height=\"720\" \/><\/p>\n<p><img loading=\"lazy\" decoding=\"async\" class=\"\" src=\"https:\/\/rossivietnam.com.vn\/wp-content\/uploads\/2023\/02\/Benner-R70.png\" alt=\"\" width=\"1920\" height=\"720\" \/><\/p>\n<p><img loading=\"lazy\" decoding=\"async\" class=\"\" src=\"https:\/\/rossivietnam.com.vn\/wp-content\/uploads\/2023\/02\/Benner-R50.png\" alt=\"\" width=\"1920\" height=\"720\" \/><\/p>\n<p><img loading=\"lazy\" decoding=\"async\" class=\"\" src=\"https:\/\/rossivietnam.com.vn\/wp-content\/uploads\/2023\/02\/Benner-D3-Xam.png\" alt=\"\" width=\"1920\" height=\"720\" \/><\/p>\n<\/div>\n<\/div>\n<\/div>\n","protected":false},"excerpt":{"rendered":"<p>Sau 3 n\u0103m nghi\u00ean c\u1ee9u v\u00e0 ph\u00e1t tri\u1ec3n s\u1ea3n ph\u1ea9m cho l\u0129nh v\u1ef1c thi\u1ebft b\u1ecb \u0111i\u1ec7n m\u1edf ra m\u1ed9t m\u1ee5c ti\u00eau m\u1edbi g\u00f3p ph\u1ea7n v\u00e0o s\u1ef1 ph\u00e1t tri\u1ec3n chung \u0111\u1ed3ng th\u1eddi ph\u00f9 h\u1ee3p v\u1edbi nhu c\u1ea7u s\u1eed d\u1ee5ng, h\u1ec7 th\u1ed1ng \u0111i\u1ec7n, t\u1eadp qu\u00e1 c\u0169ng nh\u01b0 m\u00f4i tr\u01b0\u1eddng t\u1ea1i Vi\u1ec7t Nam. ROSSI Vi\u1ec7t Nam \u0111\u01b0\u1ee3c th\u00e0nh &hellip; <\/p>\n<p class=\"link-more\"><a href=\"https:\/\/rossivietnam.com.vn\/en\/san-pham\/ra-mat-san-pham-moi\/\" class=\"more-link\">Continue reading<span class=\"screen-reader-text\"> &#8220;Ra m\u1eaft s\u1ea3n ph\u1ea9m m\u1edbi&#8221;<\/span><\/a><\/p>\n","protected":false},"author":1,"featured_media":0,"parent":3917,"menu_order":0,"comment_status":"closed","ping_status":"closed","template":"","meta":{"footnotes":""},"yoast_head":"<!-- This site is optimized with the Yoast SEO plugin v14.4.1 - https:\/\/yoast.com\/wordpress\/plugins\/seo\/ -->\n<title>Ra m\u1eaft s\u1ea3n ph\u1ea9m m\u1edbi - ROSSI VI\u1ec6T NAM | Thi\u1ebft b\u1ecb \u0111i\u1ec7n cao c\u1ea5p<\/title>\n<meta name=\"robots\" content=\"index, follow\" \/>\n<meta name=\"googlebot\" content=\"index, follow, max-snippet:-1, max-image-preview:large, max-video-preview:-1\" \/>\n<meta name=\"bingbot\" content=\"index, follow, max-snippet:-1, max-image-preview:large, max-video-preview:-1\" \/>\n<link rel=\"canonical\" href=\"https:\/\/rossivietnam.com.vn\/san-pham\/ra-mat-san-pham-moi\/\" \/>\n<meta property=\"og:locale\" content=\"en_US\" \/>\n<meta property=\"og:type\" content=\"article\" \/>\n<meta property=\"og:title\" content=\"Ra m\u1eaft s\u1ea3n ph\u1ea9m m\u1edbi - ROSSI VI\u1ec6T NAM | Thi\u1ebft b\u1ecb \u0111i\u1ec7n cao c\u1ea5p\" \/>\n<meta property=\"og:description\" content=\"Sau 3 n\u0103m nghi\u00ean c\u1ee9u v\u00e0 ph\u00e1t tri\u1ec3n s\u1ea3n ph\u1ea9m cho l\u0129nh v\u1ef1c thi\u1ebft b\u1ecb \u0111i\u1ec7n m\u1edf ra m\u1ed9t m\u1ee5c ti\u00eau m\u1edbi g\u00f3p ph\u1ea7n v\u00e0o s\u1ef1 ph\u00e1t tri\u1ec3n chung \u0111\u1ed3ng th\u1eddi ph\u00f9 h\u1ee3p v\u1edbi nhu c\u1ea7u s\u1eed d\u1ee5ng, h\u1ec7 th\u1ed1ng \u0111i\u1ec7n, t\u1eadp qu\u00e1 c\u0169ng nh\u01b0 m\u00f4i tr\u01b0\u1eddng t\u1ea1i Vi\u1ec7t Nam. ROSSI Vi\u1ec7t Nam \u0111\u01b0\u1ee3c th\u00e0nh &hellip; Continue reading &quot;Ra m\u1eaft s\u1ea3n ph\u1ea9m m\u1edbi&quot;\" \/>\n<meta property=\"og:url\" content=\"https:\/\/rossivietnam.com.vn\/san-pham\/ra-mat-san-pham-moi\/\" \/>\n<meta property=\"og:site_name\" content=\"ROSSI VI\u1ec6T NAM | Thi\u1ebft b\u1ecb \u0111i\u1ec7n cao c\u1ea5p\" \/>\n<meta property=\"article:modified_time\" content=\"2023-04-02T03:51:50+00:00\" \/>\n<meta property=\"og:image\" content=\"https:\/\/rossivietnam.com.vn\/wp-content\/uploads\/2023\/03\/Anh-dai-dien-DONG-VUONG.png\" \/>\n<meta name=\"twitter:card\" content=\"summary\" \/>\n<script type=\"application\/ld+json\" class=\"yoast-schema-graph\">{\"@context\":\"https:\/\/schema.org\",\"@graph\":[{\"@type\":\"WebSite\",\"@id\":\"https:\/\/rossivietnam.com.vn\/en\/#website\",\"url\":\"https:\/\/rossivietnam.com.vn\/en\/\",\"name\":\"ROSSI VI\\u1ec6T NAM | Thi\\u1ebft b\\u1ecb \\u0111i\\u1ec7n cao c\\u1ea5p\",\"description\":\"ROSSI | Thi\\u1ebft b\\u1ecb \\u0111i\\u1ec7n cao c\\u1ea5p\",\"potentialAction\":[{\"@type\":\"SearchAction\",\"target\":\"https:\/\/rossivietnam.com.vn\/en\/?s={search_term_string}\",\"query-input\":\"required name=search_term_string\"}],\"inLanguage\":\"en-US\"},{\"@type\":\"ImageObject\",\"@id\":\"https:\/\/rossivietnam.com.vn\/san-pham\/ra-mat-san-pham-moi\/#primaryimage\",\"inLanguage\":\"en-US\",\"url\":\"https:\/\/rossivietnam.com.vn\/wp-content\/uploads\/2023\/03\/Anh-dai-dien-DONG-VUONG.png\"},{\"@type\":\"WebPage\",\"@id\":\"https:\/\/rossivietnam.com.vn\/san-pham\/ra-mat-san-pham-moi\/#webpage\",\"url\":\"https:\/\/rossivietnam.com.vn\/san-pham\/ra-mat-san-pham-moi\/\",\"name\":\"Ra m\\u1eaft s\\u1ea3n ph\\u1ea9m m\\u1edbi - ROSSI VI\\u1ec6T NAM | Thi\\u1ebft b\\u1ecb \\u0111i\\u1ec7n cao c\\u1ea5p\",\"isPartOf\":{\"@id\":\"https:\/\/rossivietnam.com.vn\/en\/#website\"},\"primaryImageOfPage\":{\"@id\":\"https:\/\/rossivietnam.com.vn\/san-pham\/ra-mat-san-pham-moi\/#primaryimage\"},\"datePublished\":\"2023-03-16T10:05:23+00:00\",\"dateModified\":\"2023-04-02T03:51:50+00:00\",\"breadcrumb\":{\"@id\":\"https:\/\/rossivietnam.com.vn\/san-pham\/ra-mat-san-pham-moi\/#breadcrumb\"},\"inLanguage\":\"en-US\",\"potentialAction\":[{\"@type\":\"ReadAction\",\"target\":[\"https:\/\/rossivietnam.com.vn\/san-pham\/ra-mat-san-pham-moi\/\"]}]},{\"@type\":\"BreadcrumbList\",\"@id\":\"https:\/\/rossivietnam.com.vn\/san-pham\/ra-mat-san-pham-moi\/#breadcrumb\",\"itemListElement\":[{\"@type\":\"ListItem\",\"position\":1,\"item\":{\"@type\":\"WebPage\",\"@id\":\"http:\/\/rossivietnam.com.vn\/\",\"url\":\"http:\/\/rossivietnam.com.vn\/\",\"name\":\"Home\"}},{\"@type\":\"ListItem\",\"position\":2,\"item\":{\"@type\":\"WebPage\",\"@id\":\"https:\/\/rossivietnam.com.vn\/san-pham\/\",\"url\":\"https:\/\/rossivietnam.com.vn\/san-pham\/\",\"name\":\"S\\u1ea3n ph\\u1ea9m\"}},{\"@type\":\"ListItem\",\"position\":3,\"item\":{\"@type\":\"WebPage\",\"@id\":\"https:\/\/rossivietnam.com.vn\/san-pham\/ra-mat-san-pham-moi\/\",\"url\":\"https:\/\/rossivietnam.com.vn\/san-pham\/ra-mat-san-pham-moi\/\",\"name\":\"Ra m\\u1eaft s\\u1ea3n ph\\u1ea9m m\\u1edbi\"}}]}]}<\/script>\n<!-- \/ Yoast SEO plugin. -->","_links":{"self":[{"href":"https:\/\/rossivietnam.com.vn\/en\/wp-json\/wp\/v2\/pages\/3960"}],"collection":[{"href":"https:\/\/rossivietnam.com.vn\/en\/wp-json\/wp\/v2\/pages"}],"about":[{"href":"https:\/\/rossivietnam.com.vn\/en\/wp-json\/wp\/v2\/types\/page"}],"author":[{"embeddable":true,"href":"https:\/\/rossivietnam.com.vn\/en\/wp-json\/wp\/v2\/users\/1"}],"replies":[{"embeddable":true,"href":"https:\/\/rossivietnam.com.vn\/en\/wp-json\/wp\/v2\/comments?post=3960"}],"version-history":[{"count":0,"href":"https:\/\/rossivietnam.com.vn\/en\/wp-json\/wp\/v2\/pages\/3960\/revisions"}],"up":[{"embeddable":true,"href":"https:\/\/rossivietnam.com.vn\/en\/wp-json\/wp\/v2\/pages\/3917"}],"wp:attachment":[{"href":"https:\/\/rossivietnam.com.vn\/en\/wp-json\/wp\/v2\/media?parent=3960"}],"curies":[{"name":"wp","href":"https:\/\/api.w.org\/{rel}","templated":true}]}}