{"id":2,"date":"2017-04-10T06:29:09","date_gmt":"2017-04-09T23:29:09","guid":{"rendered":"http:\/\/at08.chonweb.vn\/?page_id=2"},"modified":"2023-03-18T16:42:00","modified_gmt":"2023-03-18T09:42:00","slug":"art-dna-viet-nam","status":"publish","type":"page","link":"https:\/\/rossivietnam.com.vn\/en\/","title":{"rendered":"Home"},"content":{"rendered":"<p>\u0110\u00e2y l\u00e0 trang ch\u1ee7&#8230;&#8230;&#8230;..<\/p>\n","protected":false},"excerpt":{"rendered":"<p>\u0110\u00e2y l\u00e0 trang ch\u1ee7&#8230;&#8230;&#8230;..<\/p>\n","protected":false},"author":1,"featured_media":0,"parent":0,"menu_order":0,"comment_status":"closed","ping_status":"closed","template":"","meta":{"footnotes":""},"yoast_head":"<!-- This site is optimized with the Yoast SEO plugin v14.4.1 - https:\/\/yoast.com\/wordpress\/plugins\/seo\/ -->\n<title>ROSSI | C\u00f4ng t\u1eafc, \u1ed5 c\u1eafm, thi\u1ebft b\u1ecb \u0111i\u1ec7n cao c\u1ea5p, thi\u1ebft b\u1ecb \u0111i\u1ec7n ti\u00eau chu\u1ea9n ch\u00e2u \u00e2u, s\u1ea3n ph\u1ea9m li\u00ean doanh Vi\u1ec7t nam | Website ch\u00ednh th\u1ee9c c\u1ee7a ROSSI\u00ae Vi\u1ec7t Nam<\/title>\n<meta name=\"description\" content=\"ROSSI | C\u00f4ng t\u1eafc, \u1ed5 c\u1eafm, thi\u1ebft b\u1ecb \u0111i\u1ec7n cao c\u1ea5p, thi\u1ebft b\u1ecb \u0111i\u1ec7n ti\u00eau chu\u1ea9n ch\u00e2u \u00e2u, s\u1ea3n ph\u1ea9m li\u00ean doanh Vi\u1ec7t nam | Website ch\u00ednh th\u1ee9c c\u1ee7a ROSSI\u00ae Vi\u1ec7t Nam\" \/>\n<meta name=\"robots\" content=\"index, follow\" \/>\n<meta name=\"googlebot\" content=\"index, follow, max-snippet:-1, max-image-preview:large, max-video-preview:-1\" \/>\n<meta name=\"bingbot\" content=\"index, follow, max-snippet:-1, max-image-preview:large, max-video-preview:-1\" \/>\n<link rel=\"canonical\" href=\"http:\/\/rossivietnam.com.vn\/\" \/>\n<meta property=\"og:locale\" content=\"en_US\" \/>\n<meta property=\"og:type\" content=\"article\" \/>\n<meta property=\"og:title\" content=\"ROSSI | C\u00f4ng t\u1eafc, \u1ed5 c\u1eafm, thi\u1ebft b\u1ecb \u0111i\u1ec7n cao c\u1ea5p, thi\u1ebft b\u1ecb \u0111i\u1ec7n ti\u00eau chu\u1ea9n ch\u00e2u \u00e2u, s\u1ea3n ph\u1ea9m li\u00ean doanh Vi\u1ec7t nam | Website ch\u00ednh th\u1ee9c c\u1ee7a ROSSI\u00ae Vi\u1ec7t Nam\" \/>\n<meta property=\"og:description\" content=\"ROSSI | C\u00f4ng t\u1eafc, \u1ed5 c\u1eafm, thi\u1ebft b\u1ecb \u0111i\u1ec7n cao c\u1ea5p, thi\u1ebft b\u1ecb \u0111i\u1ec7n ti\u00eau chu\u1ea9n ch\u00e2u \u00e2u, s\u1ea3n ph\u1ea9m li\u00ean doanh Vi\u1ec7t nam | Website ch\u00ednh th\u1ee9c c\u1ee7a ROSSI\u00ae Vi\u1ec7t Nam\" \/>\n<meta property=\"og:url\" content=\"http:\/\/rossivietnam.com.vn\/\" \/>\n<meta property=\"og:site_name\" content=\"ROSSI VI\u1ec6T NAM | Thi\u1ebft b\u1ecb \u0111i\u1ec7n cao c\u1ea5p\" \/>\n<meta property=\"article:modified_time\" content=\"2023-03-18T09:42:00+00:00\" \/>\n<meta name=\"twitter:card\" content=\"summary\" \/>\n<script type=\"application\/ld+json\" class=\"yoast-schema-graph\">{\"@context\":\"https:\/\/schema.org\",\"@graph\":[{\"@type\":\"WebSite\",\"@id\":\"https:\/\/rossivietnam.com.vn\/en\/#website\",\"url\":\"https:\/\/rossivietnam.com.vn\/en\/\",\"name\":\"ROSSI VI\\u1ec6T NAM | Thi\\u1ebft b\\u1ecb \\u0111i\\u1ec7n cao c\\u1ea5p\",\"description\":\"ROSSI | Thi\\u1ebft b\\u1ecb \\u0111i\\u1ec7n cao c\\u1ea5p\",\"potentialAction\":[{\"@type\":\"SearchAction\",\"target\":\"https:\/\/rossivietnam.com.vn\/en\/?s={search_term_string}\",\"query-input\":\"required name=search_term_string\"}],\"inLanguage\":\"en-US\"},{\"@type\":\"WebPage\",\"@id\":\"http:\/\/rossivietnam.com.vn\/#webpage\",\"url\":\"http:\/\/rossivietnam.com.vn\/\",\"name\":\"ROSSI | C\\u00f4ng t\\u1eafc, \\u1ed5 c\\u1eafm, thi\\u1ebft b\\u1ecb \\u0111i\\u1ec7n cao c\\u1ea5p, thi\\u1ebft b\\u1ecb \\u0111i\\u1ec7n ti\\u00eau chu\\u1ea9n ch\\u00e2u \\u00e2u, s\\u1ea3n ph\\u1ea9m li\\u00ean doanh Vi\\u1ec7t nam | Website ch\\u00ednh th\\u1ee9c c\\u1ee7a ROSSI\\u00ae Vi\\u1ec7t Nam\",\"isPartOf\":{\"@id\":\"https:\/\/rossivietnam.com.vn\/en\/#website\"},\"datePublished\":\"2017-04-09T23:29:09+00:00\",\"dateModified\":\"2023-03-18T09:42:00+00:00\",\"description\":\"ROSSI | C\\u00f4ng t\\u1eafc, \\u1ed5 c\\u1eafm, thi\\u1ebft b\\u1ecb \\u0111i\\u1ec7n cao c\\u1ea5p, thi\\u1ebft b\\u1ecb \\u0111i\\u1ec7n ti\\u00eau chu\\u1ea9n ch\\u00e2u \\u00e2u, s\\u1ea3n ph\\u1ea9m li\\u00ean doanh Vi\\u1ec7t nam | Website ch\\u00ednh th\\u1ee9c c\\u1ee7a ROSSI\\u00ae Vi\\u1ec7t Nam\",\"breadcrumb\":{\"@id\":\"http:\/\/rossivietnam.com.vn\/#breadcrumb\"},\"inLanguage\":\"en-US\",\"potentialAction\":[{\"@type\":\"ReadAction\",\"target\":[\"http:\/\/rossivietnam.com.vn\/\"]}]},{\"@type\":\"BreadcrumbList\",\"@id\":\"http:\/\/rossivietnam.com.vn\/#breadcrumb\",\"itemListElement\":[{\"@type\":\"ListItem\",\"position\":1,\"item\":{\"@type\":\"WebPage\",\"@id\":\"http:\/\/rossivietnam.com.vn\/\",\"url\":\"http:\/\/rossivietnam.com.vn\/\",\"name\":\"Home\"}},{\"@type\":\"ListItem\",\"position\":2,\"item\":{\"@type\":\"WebPage\",\"@id\":\"http:\/\/rossivietnam.com.vn\/\",\"url\":\"http:\/\/rossivietnam.com.vn\/\",\"name\":\"Home\"}}]}]}<\/script>\n<!-- \/ Yoast SEO plugin. -->","_links":{"self":[{"href":"https:\/\/rossivietnam.com.vn\/en\/wp-json\/wp\/v2\/pages\/2"}],"collection":[{"href":"https:\/\/rossivietnam.com.vn\/en\/wp-json\/wp\/v2\/pages"}],"about":[{"href":"https:\/\/rossivietnam.com.vn\/en\/wp-json\/wp\/v2\/types\/page"}],"author":[{"embeddable":true,"href":"https:\/\/rossivietnam.com.vn\/en\/wp-json\/wp\/v2\/users\/1"}],"replies":[{"embeddable":true,"href":"https:\/\/rossivietnam.com.vn\/en\/wp-json\/wp\/v2\/comments?post=2"}],"version-history":[{"count":0,"href":"https:\/\/rossivietnam.com.vn\/en\/wp-json\/wp\/v2\/pages\/2\/revisions"}],"wp:attachment":[{"href":"https:\/\/rossivietnam.com.vn\/en\/wp-json\/wp\/v2\/media?parent=2"}],"curies":[{"name":"wp","href":"https:\/\/api.w.org\/{rel}","templated":true}]}}